{"id":11972,"date":"2023-12-12T08:52:24","date_gmt":"2023-12-12T08:52:24","guid":{"rendered":"https:\/\/rki.krtk.hun-ren.hu\/?page_id=11972"},"modified":"2024-08-29T11:44:20","modified_gmt":"2024-08-29T11:44:20","slug":"rkk40","status":"publish","type":"page","link":"https:\/\/rki.krtk.hun-ren.hu\/en\/conferences\/rkk40\/","title":{"rendered":"RKK40 Anniversary conference"},"content":{"rendered":"<h2><i>Regional and rural development trends over the last forty years\u00a0<\/i>&#8211; RKK40<\/h2>\n<p><img decoding=\"async\" class=\"alignnone size-medium wp-image-12445\" src=\"https:\/\/rki.krtk.hun-ren.hu\/wp-content\/uploads\/2024\/05\/RKK40_logo_javitott-300x87.png\" alt=\"\" width=\"300\" height=\"87\" srcset=\"https:\/\/rki.krtk.hun-ren.hu\/wp-content\/uploads\/2024\/05\/RKK40_logo_javitott-300x87.png 300w, https:\/\/rki.krtk.hun-ren.hu\/wp-content\/uploads\/2024\/05\/RKK40_logo_javitott-1024x298.png 1024w, https:\/\/rki.krtk.hun-ren.hu\/wp-content\/uploads\/2024\/05\/RKK40_logo_javitott-768x224.png 768w, https:\/\/rki.krtk.hun-ren.hu\/wp-content\/uploads\/2024\/05\/RKK40_logo_javitott-1536x448.png 1536w, https:\/\/rki.krtk.hun-ren.hu\/wp-content\/uploads\/2024\/05\/RKK40_logo_javitott-2048x597.png 2048w\" sizes=\"(max-width: 300px) 100vw, 300px\" \/><\/p>\n<p>&nbsp;<\/p>\n<p>The Institute for Regional Studies was established in 1984 as a network-based research institute of the Hungarian Academy of Sciences (HAS) with the task of carrying out multi-disciplinary research on urban and regional issues. The turbulence times of the past 40 years (systemic changes in CEE, EU accessions, financial crisis, Covid-19, environmental challenges) has offered the Institute a wide range of research objectives to answer in urban and regional development studies.\u00a0The conference focuses on the current challenges in urban and regional development with a retrospective hint.<\/p>\n<p>&nbsp;<\/p>\n<p>A detailed <a href=\"https:\/\/rki.krtk.hun-ren.hu\/en\/report-on-the-anniversary-events-of-our-institute\/\">report on the anniversary events is available here.<\/a><\/p>\n<p>The\u00a0<a href=\"https:\/\/rki.krtk.hun-ren.hu\/wp-content\/uploads\/2024\/06\/RKK40Conference_Abstractbook_ver2.pdf\">RKK40 Conference Abstractbook<\/a> is available online:<br \/>\n<a href=\"https:\/\/m2.mtmt.hu\/gui2\/?mode=browse&amp;params=publication;34874590\">RKK40 Anniversary conference: Regional and rural development trends over the last forty years, Abstract book<\/a><br \/>\nP\u00e9cs: HUN-REN CERS Institute for Regional Studies, 2024, 72 p.<br \/>\nISBN: 9786155949173<br \/>\n<a title=\"2810\" href=\"http:\/\/hdl.handle.net\/11155\/2810\" target=\"_blank\" rel=\"noopener\">RKI-ELEKTRA<\/a><\/p>\n<p>&nbsp;<\/p>\n<p>Conference date: 29-30 May 2024<\/p>\n<p>Conference venue: P\u00e9cs (Hungary), The Bishopric of P\u00e9cs, Granary Visitor Information Centre (How to <a href=\"https:\/\/www.google.com\/maps\/place\/P%C3%BCsp%C3%B6ki+Magt%C3%A1r+L%C3%A1togat%C3%B3k%C3%B6zpont\/@46.0787296,18.2196286,17z\/data=!3m1!4b1!4m6!3m5!1s0x4742b1a328408fcd:0x3bc22ceecfb8d637!8m2!3d46.0787296!4d18.2222035!16s%2Fg%2F11c0xnfqmx?entry=ttu\">get to the venue.<\/a>)<\/p>\n<p>If you need help: <a href=\"mailto:rkk40conference@krtk.hun-ren.hu\">rkk40conference@krtk.hun-ren.hu<\/a><\/p>\n<p>Final invoicing information: the final invoice will be sent via email after the conference.<\/p>\n<p><strong><em>Wednesday, 29 May 2024<\/em><\/strong><\/p>\n<p><strong><em>\u00a0<\/em><\/strong><\/p>\n<table width=\"613\">\n<tbody>\n<tr>\n<td width=\"172\">9:00 &#8211;<\/td>\n<td width=\"442\">Registration (Granary entrance)<\/td>\n<\/tr>\n<tr>\n<td width=\"172\">10:30 &#8211; 12:50<\/p>\n<p>(Bonipert room)<\/td>\n<td width=\"442\">Plenary session: Welcome and Keynote speeches (Bonipert room)<\/p>\n<p>&nbsp;<\/p>\n<p><strong><em>Tibor Navracsics<\/em><\/strong> (Minister of Public Administration and Regional Development)<\/p>\n<p><strong><em>Roland Jakab<\/em><\/strong> (Chief Executive Officer, HUN-REN Hungarian Research Network)<\/p>\n<p><strong><em>Imre Fert\u0151<\/em><\/strong> (General Director, HUN-REN Centre for Economic and Regional Studies)<\/p>\n<p><em>\u00a0<\/em><\/p>\n<p><strong><em>Franziska Sielker<\/em><\/strong> (Professor, TU Vienna &amp; University of Cambridge)<\/p>\n<p><strong><em>James W. Scott<\/em><\/strong> (Professor, University of Eastern Finland)<\/p>\n<p><strong><em>J\u00f3zsef Benedek<\/em><\/strong> (Professor, Babe\u0219-Bolyai University in Cluj-Napoca)<\/td>\n<\/tr>\n<tr>\n<td width=\"172\">12:50 &#8211; 14:00<\/td>\n<td width=\"442\">Lunch<\/td>\n<\/tr>\n<tr>\n<td width=\"172\">14:00 &#8211; 15:30<\/td>\n<td width=\"442\">Parallel sessions in 4 rooms<\/td>\n<\/tr>\n<tr>\n<td width=\"172\">15:30 &#8211; 16:00<\/td>\n<td width=\"442\">Coffee break<\/td>\n<\/tr>\n<tr>\n<td width=\"172\">16:00 &#8211; 17:30<\/td>\n<td width=\"442\">Parallel sessions in 4 rooms<\/td>\n<\/tr>\n<tr>\n<td width=\"172\">17:30 &#8211; 18:00<\/td>\n<td width=\"442\">Coffee break<\/td>\n<\/tr>\n<tr>\n<td width=\"172\">18:00 &#8211; 19:30<\/td>\n<td width=\"442\">Roundtable (Bonipert room)<\/td>\n<\/tr>\n<tr>\n<td width=\"172\">20:00 &#8211; 22:00<\/td>\n<td width=\"442\">Dinner<\/td>\n<\/tr>\n<\/tbody>\n<\/table>\n<p>&nbsp;<\/p>\n<p><strong><em>Thursday, 30 May 2024<\/em><\/strong><\/p>\n<table width=\"613\">\n<tbody>\n<tr>\n<td width=\"172\">9:00 &#8211; 10:30<\/td>\n<td width=\"441\">Parallel sessions in 3 rooms<\/td>\n<\/tr>\n<tr>\n<td width=\"172\">10:30 &#8211; 11:00<\/td>\n<td width=\"441\">Coffee break<\/td>\n<\/tr>\n<tr>\n<td width=\"172\">11:00 &#8211; 12:30<\/td>\n<td width=\"441\">Parallel sessions in 3 rooms<\/td>\n<\/tr>\n<tr>\n<td width=\"172\">12:30 &#8211; 13:30<\/td>\n<td width=\"441\">Lunch<\/td>\n<\/tr>\n<tr>\n<td width=\"172\">13:30 &#8211; 15:00<\/td>\n<td width=\"441\">Parallel sessions in 3 rooms<\/td>\n<\/tr>\n<tr>\n<td width=\"172\">15:00 &#8211; 16:00<\/td>\n<td width=\"441\">Plenary lecture and closing of conference<\/td>\n<\/tr>\n<\/tbody>\n<\/table>\n<p>&nbsp;<\/p>\n<p><strong>Detailed programme and session plan: <a href=\"https:\/\/rki.krtk.hun-ren.hu\/wp-content\/uploads\/2024\/05\/RKK40-Anniversary-conference_PROGRAM0523.pdf\">RKK40 Anniversary conference Program<\/a><\/strong><\/p>\n<p><strong>Parallel session rooms<\/strong><\/p>\n<p>&nbsp;<\/p>\n<table>\n<tbody>\n<tr>\n<td width=\"101\">Date<\/td>\n<td width=\"101\">Time<\/td>\n<td width=\"101\">Room Bonipert<\/td>\n<td width=\"101\">Room Belon<\/td>\n<td width=\"101\">Room Ground floor<\/td>\n<td width=\"101\">The Lapidarium (\u201eK\u0151t\u00e1r\u201d)<\/td>\n<\/tr>\n<tr>\n<td rowspan=\"2\" width=\"101\">Wednesday,<br \/>\n29 May<\/td>\n<td width=\"101\">14:00 &#8211; 15:30<\/td>\n<td width=\"101\">SS7<\/td>\n<td width=\"101\">S3<\/td>\n<td width=\"101\">S9\/A<\/td>\n<td width=\"101\">S12\/A<\/td>\n<\/tr>\n<tr>\n<td width=\"101\">16:00 &#8211; 17:30<\/td>\n<td width=\"101\">S4\/A<\/td>\n<td width=\"101\">S12\/B<\/td>\n<td width=\"101\">SS2<\/td>\n<td width=\"101\">S11\/A<\/td>\n<\/tr>\n<tr>\n<td rowspan=\"3\" width=\"101\">Thursday,<br \/>\n30 May<\/td>\n<td width=\"101\">9:00 &#8211; 10:30<\/td>\n<td width=\"101\">S9\/B<\/td>\n<td width=\"101\">SS1\/A<\/td>\n<td width=\"101\">SS6<\/td>\n<td rowspan=\"3\" width=\"101\"><\/td>\n<\/tr>\n<tr>\n<td width=\"101\">11:00 &#8211; 12:30<\/td>\n<td width=\"101\">S4\/B<\/td>\n<td width=\"101\">SS1\/B<\/td>\n<td width=\"101\">S5<\/td>\n<\/tr>\n<tr>\n<td width=\"101\">13:30 &#8211; 15:00<\/td>\n<td width=\"101\">SS8<\/td>\n<td width=\"101\">S10<\/td>\n<td width=\"101\">S11\/B<\/td>\n<\/tr>\n<\/tbody>\n<\/table>\n<p>&nbsp;<\/p>\n<p>&nbsp;<\/p>\n<p>Scientific committee: Prof. Dr. James W. Scott, Prof. Dr. Ilona P\u00e1ln\u00e9 Kov\u00e1cs, Dr. Viktor Varj\u00fa<\/p>\n<p>Organising committee: Dr. Katalin S\u00fcle, Dr. R\u00e9ka Horeczki, Tam\u00e1s Szab\u00f3, Dr. Zsuzsanna Zsib\u00f3k<\/p>\n<p>&nbsp;<\/p>\n<p><span lang=\"en-GB\">\u00a0<a href=\"https:\/\/rki.krtk.hun-ren.hu\/wp-content\/uploads\/2024\/03\/logo_rsa_tagline1_blue.svg\"><img decoding=\"async\" class=\"alignnone size-medium wp-image-12361\" src=\"https:\/\/rki.krtk.hun-ren.hu\/wp-content\/uploads\/2024\/03\/logo_rsa_tagline1_blue.svg\" alt=\"\" width=\"300\" height=\"106\" \/><\/a><\/span><\/p>\n<p>The conference is partly supported by the <span lang=\"en-GB\">Regional Studies Association.<\/span><\/p>\n<p>Conference fee: 42 000 HUF or 125 EUR<br \/>\nOne-day fee: 25 000 HUF or 65 EUR<\/p>\n<p>Please see the <a href=\"https:\/\/rki.krtk.hun-ren.hu\/wp-content\/uploads\/2023\/12\/RKK40-payment-instructions.pdf\">RKK40 payment instructions <\/a>and fill out the <a href=\"https:\/\/rki.krtk.hun-ren.hu\/wp-content\/uploads\/2024\/02\/RKK40-payment-form.pdf\">RKK40 payment form<\/a>.<\/p>\n<p>Contact and information: <a href=\"mailto:rkk40conference@krtk.hun-ren.hu\">rkk40conference@krtk.hun-ren.hu\u00a0<\/a><\/p>\n<p>How to get to P\u00e9cs and other useful <a href=\"https:\/\/rki.krtk.hun-ren.hu\/wp-content\/uploads\/2024\/04\/travel_information-1.pdf\">travel information are in this flyer<\/a><\/p>\n<p>&nbsp;<\/p>\n<p><em>Publishing opportunities<\/em><\/p>\n<p>The following partner journals invite submission of conference participants\u2019 full papers for publication:<\/p>\n<p>&#8211; <a href=\"https:\/\/journal.uni-mate.hu\/index.php\/rbs\">Regional and Business Studies<\/a> (Category \u201cC\u201d at the Regional Science Committee of the Hungarian Academy of Sciences)<\/p>\n<p><img fetchpriority=\"high\" decoding=\"async\" class=\"alignnone size-medium wp-image-12154\" src=\"https:\/\/rki.krtk.hun-ren.hu\/wp-content\/uploads\/2024\/01\/thumbnail_image001buss-211x300.jpg\" alt=\"\" width=\"211\" height=\"300\" srcset=\"https:\/\/rki.krtk.hun-ren.hu\/wp-content\/uploads\/2024\/01\/thumbnail_image001buss-211x300.jpg 211w, https:\/\/rki.krtk.hun-ren.hu\/wp-content\/uploads\/2024\/01\/thumbnail_image001buss-721x1024.jpg 721w, https:\/\/rki.krtk.hun-ren.hu\/wp-content\/uploads\/2024\/01\/thumbnail_image001buss-768x1091.jpg 768w, https:\/\/rki.krtk.hun-ren.hu\/wp-content\/uploads\/2024\/01\/thumbnail_image001buss-1081x1536.jpg 1081w, https:\/\/rki.krtk.hun-ren.hu\/wp-content\/uploads\/2024\/01\/thumbnail_image001buss-1441x2048.jpg 1441w, https:\/\/rki.krtk.hun-ren.hu\/wp-content\/uploads\/2024\/01\/thumbnail_image001buss-300x426.jpg 300w, https:\/\/rki.krtk.hun-ren.hu\/wp-content\/uploads\/2024\/01\/thumbnail_image001buss-scaled.jpg 1802w\" sizes=\"(max-width: 211px) 100vw, 211px\" \/><\/p>\n<p>&nbsp;<\/p>\n<p>&#8211; <a href=\"https:\/\/moderngeografia.eu\/en\/\">Modern Geogr\u00e1fia<\/a>\u00a0(Category \u201cA\u201d at the Demography Scientific Committee of the Hungarian Academy of Sciences, MTA IX. Department)<\/p>\n<p><img loading=\"lazy\" decoding=\"async\" class=\"alignnone size-medium wp-image-12158\" src=\"https:\/\/rki.krtk.hun-ren.hu\/wp-content\/uploads\/2024\/01\/MG_logo-es-felirat-300x66.png\" alt=\"\" width=\"300\" height=\"66\" srcset=\"https:\/\/rki.krtk.hun-ren.hu\/wp-content\/uploads\/2024\/01\/MG_logo-es-felirat-300x66.png 300w, https:\/\/rki.krtk.hun-ren.hu\/wp-content\/uploads\/2024\/01\/MG_logo-es-felirat-1024x224.png 1024w, https:\/\/rki.krtk.hun-ren.hu\/wp-content\/uploads\/2024\/01\/MG_logo-es-felirat-768x168.png 768w, https:\/\/rki.krtk.hun-ren.hu\/wp-content\/uploads\/2024\/01\/MG_logo-es-felirat-1536x336.png 1536w, https:\/\/rki.krtk.hun-ren.hu\/wp-content\/uploads\/2024\/01\/MG_logo-es-felirat-2048x448.png 2048w\" sizes=\"(max-width: 300px) 100vw, 300px\" \/><\/p>\n<p>&#8211;\u00a0T\u00e9r-Gazdas\u00e1g-Ember (MTA RTB \u2019B\u2019 category)<\/p>\n<p>&#8211; Turisztikai \u00e9s Vid\u00e9kfejleszt\u00e9si Tanulm\u00e1nyok (MTA RTB &#8216;C&#8217;, MTA X. Department, category &#8216;A&#8217;)<\/p>\n","protected":false},"excerpt":{"rendered":"<p>Regional and rural development trends over the last forty years\u00a0&#8211; RKK40 &nbsp; The Institute for Regional Studies was established in 1984 as a network-based research institute of the Hungarian Academy of Sciences (HAS) with the task of carrying out multi-disciplinary research on urban and regional issues. The turbulence times of the past 40 years (systemic [&hellip;]<\/p>\n","protected":false},"author":3,"featured_media":38,"parent":11970,"menu_order":0,"comment_status":"closed","ping_status":"closed","template":"","meta":{"_acf_changed":false,"inline_featured_image":false,"footnotes":"","_links_to":"","_links_to_target":""},"class_list":["post-11972","page","type-page","status-publish","has-post-thumbnail","hentry"],"acf":[],"yoast_head":"<!-- This site is optimized with the Yoast SEO plugin v27.2 - https:\/\/yoast.com\/product\/yoast-seo-wordpress\/ -->\n<title>RKK40 Anniversary conference - RKI<\/title>\n<meta name=\"robots\" content=\"index, follow, max-snippet:-1, max-image-preview:large, max-video-preview:-1\" \/>\n<link rel=\"canonical\" href=\"https:\/\/rki.krtk.hun-ren.hu\/en\/conferences\/rkk40\/\" \/>\n<meta property=\"og:locale\" content=\"en_US\" \/>\n<meta property=\"og:type\" content=\"article\" \/>\n<meta property=\"og:title\" content=\"RKK40 Anniversary conference - RKI\" \/>\n<meta property=\"og:description\" content=\"Regional and rural development trends over the last forty years\u00a0&#8211; RKK40 &nbsp; The Institute for Regional Studies was established in 1984 as a network-based research institute of the Hungarian Academy of Sciences (HAS) with the task of carrying out multi-disciplinary research on urban and regional issues. The turbulence times of the past 40 years (systemic [&hellip;]\" \/>\n<meta property=\"og:url\" content=\"https:\/\/rki.krtk.hun-ren.hu\/en\/conferences\/rkk40\/\" \/>\n<meta property=\"og:site_name\" content=\"RKI\" \/>\n<meta property=\"article:modified_time\" content=\"2024-08-29T11:44:20+00:00\" \/>\n<meta property=\"og:image\" content=\"https:\/\/rki.krtk.hun-ren.hu\/wp-content\/uploads\/2024\/05\/RKK40_logo_javitott-300x87.png\" \/>\n<meta name=\"twitter:card\" content=\"summary_large_image\" \/>\n<meta name=\"twitter:label1\" content=\"Est. reading time\" \/>\n\t<meta name=\"twitter:data1\" content=\"4 minutes\" \/>\n<script type=\"application\/ld+json\" class=\"yoast-schema-graph\">{\"@context\":\"https:\/\/schema.org\",\"@graph\":[{\"@type\":\"WebPage\",\"@id\":\"https:\/\/rki.krtk.hun-ren.hu\/en\/conferences\/rkk40\/\",\"url\":\"https:\/\/rki.krtk.hun-ren.hu\/en\/conferences\/rkk40\/\",\"name\":\"RKK40 Anniversary conference - RKI\",\"isPartOf\":{\"@id\":\"https:\/\/rki.krtk.hun-ren.hu\/#website\"},\"primaryImageOfPage\":{\"@id\":\"https:\/\/rki.krtk.hun-ren.hu\/en\/conferences\/rkk40\/#primaryimage\"},\"image\":{\"@id\":\"https:\/\/rki.krtk.hun-ren.hu\/en\/conferences\/rkk40\/#primaryimage\"},\"thumbnailUrl\":\"https:\/\/rki.krtk.hun-ren.hu\/wp-content\/uploads\/2022\/05\/placeholder.png\",\"datePublished\":\"2023-12-12T08:52:24+00:00\",\"dateModified\":\"2024-08-29T11:44:20+00:00\",\"breadcrumb\":{\"@id\":\"https:\/\/rki.krtk.hun-ren.hu\/en\/conferences\/rkk40\/#breadcrumb\"},\"inLanguage\":\"en-US\",\"potentialAction\":[{\"@type\":\"ReadAction\",\"target\":[\"https:\/\/rki.krtk.hun-ren.hu\/en\/conferences\/rkk40\/\"]}]},{\"@type\":\"ImageObject\",\"inLanguage\":\"en-US\",\"@id\":\"https:\/\/rki.krtk.hun-ren.hu\/en\/conferences\/rkk40\/#primaryimage\",\"url\":\"https:\/\/rki.krtk.hun-ren.hu\/wp-content\/uploads\/2022\/05\/placeholder.png\",\"contentUrl\":\"https:\/\/rki.krtk.hun-ren.hu\/wp-content\/uploads\/2022\/05\/placeholder.png\",\"width\":1200,\"height\":800},{\"@type\":\"BreadcrumbList\",\"@id\":\"https:\/\/rki.krtk.hun-ren.hu\/en\/conferences\/rkk40\/#breadcrumb\",\"itemListElement\":[{\"@type\":\"ListItem\",\"position\":1,\"name\":\"Conferences\",\"item\":\"https:\/\/rki.krtk.hun-ren.hu\/en\/conferences\/\"},{\"@type\":\"ListItem\",\"position\":2,\"name\":\"RKK40 Anniversary conference\"}]},{\"@type\":\"WebSite\",\"@id\":\"https:\/\/rki.krtk.hun-ren.hu\/#website\",\"url\":\"https:\/\/rki.krtk.hun-ren.hu\/\",\"name\":\"RKI\",\"description\":\"Region\u00e1lis Kutat\u00e1sok Int\u00e9zete\",\"potentialAction\":[{\"@type\":\"SearchAction\",\"target\":{\"@type\":\"EntryPoint\",\"urlTemplate\":\"https:\/\/rki.krtk.hun-ren.hu\/?s={search_term_string}\"},\"query-input\":{\"@type\":\"PropertyValueSpecification\",\"valueRequired\":true,\"valueName\":\"search_term_string\"}}],\"inLanguage\":\"en-US\"}]}<\/script>\n<!-- \/ Yoast SEO plugin. -->","yoast_head_json":{"title":"RKK40 Anniversary conference - RKI","robots":{"index":"index","follow":"follow","max-snippet":"max-snippet:-1","max-image-preview":"max-image-preview:large","max-video-preview":"max-video-preview:-1"},"canonical":"https:\/\/rki.krtk.hun-ren.hu\/en\/conferences\/rkk40\/","og_locale":"en_US","og_type":"article","og_title":"RKK40 Anniversary conference - RKI","og_description":"Regional and rural development trends over the last forty years\u00a0&#8211; RKK40 &nbsp; The Institute for Regional Studies was established in 1984 as a network-based research institute of the Hungarian Academy of Sciences (HAS) with the task of carrying out multi-disciplinary research on urban and regional issues. The turbulence times of the past 40 years (systemic [&hellip;]","og_url":"https:\/\/rki.krtk.hun-ren.hu\/en\/conferences\/rkk40\/","og_site_name":"RKI","article_modified_time":"2024-08-29T11:44:20+00:00","og_image":[{"url":"https:\/\/rki.krtk.hun-ren.hu\/wp-content\/uploads\/2024\/05\/RKK40_logo_javitott-300x87.png","type":"","width":"","height":""}],"twitter_card":"summary_large_image","twitter_misc":{"Est. reading time":"4 minutes"},"schema":{"@context":"https:\/\/schema.org","@graph":[{"@type":"WebPage","@id":"https:\/\/rki.krtk.hun-ren.hu\/en\/conferences\/rkk40\/","url":"https:\/\/rki.krtk.hun-ren.hu\/en\/conferences\/rkk40\/","name":"RKK40 Anniversary conference - RKI","isPartOf":{"@id":"https:\/\/rki.krtk.hun-ren.hu\/#website"},"primaryImageOfPage":{"@id":"https:\/\/rki.krtk.hun-ren.hu\/en\/conferences\/rkk40\/#primaryimage"},"image":{"@id":"https:\/\/rki.krtk.hun-ren.hu\/en\/conferences\/rkk40\/#primaryimage"},"thumbnailUrl":"https:\/\/rki.krtk.hun-ren.hu\/wp-content\/uploads\/2022\/05\/placeholder.png","datePublished":"2023-12-12T08:52:24+00:00","dateModified":"2024-08-29T11:44:20+00:00","breadcrumb":{"@id":"https:\/\/rki.krtk.hun-ren.hu\/en\/conferences\/rkk40\/#breadcrumb"},"inLanguage":"en-US","potentialAction":[{"@type":"ReadAction","target":["https:\/\/rki.krtk.hun-ren.hu\/en\/conferences\/rkk40\/"]}]},{"@type":"ImageObject","inLanguage":"en-US","@id":"https:\/\/rki.krtk.hun-ren.hu\/en\/conferences\/rkk40\/#primaryimage","url":"https:\/\/rki.krtk.hun-ren.hu\/wp-content\/uploads\/2022\/05\/placeholder.png","contentUrl":"https:\/\/rki.krtk.hun-ren.hu\/wp-content\/uploads\/2022\/05\/placeholder.png","width":1200,"height":800},{"@type":"BreadcrumbList","@id":"https:\/\/rki.krtk.hun-ren.hu\/en\/conferences\/rkk40\/#breadcrumb","itemListElement":[{"@type":"ListItem","position":1,"name":"Conferences","item":"https:\/\/rki.krtk.hun-ren.hu\/en\/conferences\/"},{"@type":"ListItem","position":2,"name":"RKK40 Anniversary conference"}]},{"@type":"WebSite","@id":"https:\/\/rki.krtk.hun-ren.hu\/#website","url":"https:\/\/rki.krtk.hun-ren.hu\/","name":"RKI","description":"Region\u00e1lis Kutat\u00e1sok Int\u00e9zete","potentialAction":[{"@type":"SearchAction","target":{"@type":"EntryPoint","urlTemplate":"https:\/\/rki.krtk.hun-ren.hu\/?s={search_term_string}"},"query-input":{"@type":"PropertyValueSpecification","valueRequired":true,"valueName":"search_term_string"}}],"inLanguage":"en-US"}]}},"_links":{"self":[{"href":"https:\/\/rki.krtk.hun-ren.hu\/en\/wp-json\/wp\/v2\/pages\/11972","targetHints":{"allow":["GET"]}}],"collection":[{"href":"https:\/\/rki.krtk.hun-ren.hu\/en\/wp-json\/wp\/v2\/pages"}],"about":[{"href":"https:\/\/rki.krtk.hun-ren.hu\/en\/wp-json\/wp\/v2\/types\/page"}],"author":[{"embeddable":true,"href":"https:\/\/rki.krtk.hun-ren.hu\/en\/wp-json\/wp\/v2\/users\/3"}],"replies":[{"embeddable":true,"href":"https:\/\/rki.krtk.hun-ren.hu\/en\/wp-json\/wp\/v2\/comments?post=11972"}],"version-history":[{"count":0,"href":"https:\/\/rki.krtk.hun-ren.hu\/en\/wp-json\/wp\/v2\/pages\/11972\/revisions"}],"up":[{"embeddable":true,"href":"https:\/\/rki.krtk.hun-ren.hu\/en\/wp-json\/wp\/v2\/pages\/11970"}],"wp:featuredmedia":[{"embeddable":true,"href":"https:\/\/rki.krtk.hun-ren.hu\/en\/wp-json\/wp\/v2\/media\/38"}],"wp:attachment":[{"href":"https:\/\/rki.krtk.hun-ren.hu\/en\/wp-json\/wp\/v2\/media?parent=11972"}],"curies":[{"name":"wp","href":"https:\/\/api.w.org\/{rel}","templated":true}]}}