{"id":12015,"date":"2023-12-15T10:06:59","date_gmt":"2023-12-15T10:06:59","guid":{"rendered":"https:\/\/rki.krtk.hun-ren.hu\/?page_id=12015"},"modified":"2023-12-15T10:06:59","modified_gmt":"2023-12-15T10:06:59","slug":"igu-conferences-and-workshops","status":"publish","type":"page","link":"https:\/\/rki.krtk.hun-ren.hu\/en\/conferences\/igu-conferences-and-workshops\/","title":{"rendered":"IGU Conferences and Workshops"},"content":{"rendered":"","protected":false},"excerpt":{"rendered":"","protected":false},"author":3,"featured_media":38,"parent":11970,"menu_order":0,"comment_status":"closed","ping_status":"closed","template":"","meta":{"_acf_changed":false,"inline_featured_image":false,"footnotes":"","_links_to":"","_links_to_target":""},"class_list":["post-12015","page","type-page","status-publish","has-post-thumbnail","hentry"],"acf":[],"yoast_head":"<!-- This site is optimized with the Yoast SEO plugin v27.2 - https:\/\/yoast.com\/product\/yoast-seo-wordpress\/ -->\n<title>IGU Conferences and Workshops - RKI<\/title>\n<meta name=\"robots\" content=\"index, follow, max-snippet:-1, max-image-preview:large, max-video-preview:-1\" \/>\n<link rel=\"canonical\" href=\"https:\/\/rki.krtk.hun-ren.hu\/en\/conferences\/igu-conferences-and-workshops\/\" \/>\n<meta property=\"og:locale\" content=\"en_US\" \/>\n<meta property=\"og:type\" content=\"article\" \/>\n<meta property=\"og:title\" content=\"IGU Conferences and Workshops - RKI\" \/>\n<meta property=\"og:url\" content=\"https:\/\/rki.krtk.hun-ren.hu\/en\/conferences\/igu-conferences-and-workshops\/\" \/>\n<meta property=\"og:site_name\" content=\"RKI\" \/>\n<meta name=\"twitter:card\" content=\"summary_large_image\" \/>\n<script type=\"application\/ld+json\" class=\"yoast-schema-graph\">{\"@context\":\"https:\/\/schema.org\",\"@graph\":[{\"@type\":\"WebPage\",\"@id\":\"https:\/\/rki.krtk.hun-ren.hu\/en\/conferences\/igu-conferences-and-workshops\/\",\"url\":\"https:\/\/rki.krtk.hun-ren.hu\/en\/conferences\/igu-conferences-and-workshops\/\",\"name\":\"IGU Conferences and Workshops - RKI\",\"isPartOf\":{\"@id\":\"https:\/\/rki.krtk.hun-ren.hu\/#website\"},\"primaryImageOfPage\":{\"@id\":\"https:\/\/rki.krtk.hun-ren.hu\/en\/conferences\/igu-conferences-and-workshops\/#primaryimage\"},\"image\":{\"@id\":\"https:\/\/rki.krtk.hun-ren.hu\/en\/conferences\/igu-conferences-and-workshops\/#primaryimage\"},\"thumbnailUrl\":\"https:\/\/rki.krtk.hun-ren.hu\/wp-content\/uploads\/2022\/05\/placeholder.png\",\"datePublished\":\"2023-12-15T10:06:59+00:00\",\"breadcrumb\":{\"@id\":\"https:\/\/rki.krtk.hun-ren.hu\/en\/conferences\/igu-conferences-and-workshops\/#breadcrumb\"},\"inLanguage\":\"en-US\",\"potentialAction\":[{\"@type\":\"ReadAction\",\"target\":[\"https:\/\/rki.krtk.hun-ren.hu\/en\/conferences\/igu-conferences-and-workshops\/\"]}]},{\"@type\":\"ImageObject\",\"inLanguage\":\"en-US\",\"@id\":\"https:\/\/rki.krtk.hun-ren.hu\/en\/conferences\/igu-conferences-and-workshops\/#primaryimage\",\"url\":\"https:\/\/rki.krtk.hun-ren.hu\/wp-content\/uploads\/2022\/05\/placeholder.png\",\"contentUrl\":\"https:\/\/rki.krtk.hun-ren.hu\/wp-content\/uploads\/2022\/05\/placeholder.png\",\"width\":1200,\"height\":800},{\"@type\":\"BreadcrumbList\",\"@id\":\"https:\/\/rki.krtk.hun-ren.hu\/en\/conferences\/igu-conferences-and-workshops\/#breadcrumb\",\"itemListElement\":[{\"@type\":\"ListItem\",\"position\":1,\"name\":\"Conferences\",\"item\":\"https:\/\/rki.krtk.hun-ren.hu\/en\/conferences\/\"},{\"@type\":\"ListItem\",\"position\":2,\"name\":\"IGU Conferences and Workshops\"}]},{\"@type\":\"WebSite\",\"@id\":\"https:\/\/rki.krtk.hun-ren.hu\/#website\",\"url\":\"https:\/\/rki.krtk.hun-ren.hu\/\",\"name\":\"RKI\",\"description\":\"Region\u00e1lis Kutat\u00e1sok Int\u00e9zete\",\"potentialAction\":[{\"@type\":\"SearchAction\",\"target\":{\"@type\":\"EntryPoint\",\"urlTemplate\":\"https:\/\/rki.krtk.hun-ren.hu\/?s={search_term_string}\"},\"query-input\":{\"@type\":\"PropertyValueSpecification\",\"valueRequired\":true,\"valueName\":\"search_term_string\"}}],\"inLanguage\":\"en-US\"}]}<\/script>\n<!-- \/ Yoast SEO plugin. -->","yoast_head_json":{"title":"IGU Conferences and Workshops - RKI","robots":{"index":"index","follow":"follow","max-snippet":"max-snippet:-1","max-image-preview":"max-image-preview:large","max-video-preview":"max-video-preview:-1"},"canonical":"https:\/\/rki.krtk.hun-ren.hu\/en\/conferences\/igu-conferences-and-workshops\/","og_locale":"en_US","og_type":"article","og_title":"IGU Conferences and Workshops - RKI","og_url":"https:\/\/rki.krtk.hun-ren.hu\/en\/conferences\/igu-conferences-and-workshops\/","og_site_name":"RKI","twitter_card":"summary_large_image","schema":{"@context":"https:\/\/schema.org","@graph":[{"@type":"WebPage","@id":"https:\/\/rki.krtk.hun-ren.hu\/en\/conferences\/igu-conferences-and-workshops\/","url":"https:\/\/rki.krtk.hun-ren.hu\/en\/conferences\/igu-conferences-and-workshops\/","name":"IGU Conferences and Workshops - RKI","isPartOf":{"@id":"https:\/\/rki.krtk.hun-ren.hu\/#website"},"primaryImageOfPage":{"@id":"https:\/\/rki.krtk.hun-ren.hu\/en\/conferences\/igu-conferences-and-workshops\/#primaryimage"},"image":{"@id":"https:\/\/rki.krtk.hun-ren.hu\/en\/conferences\/igu-conferences-and-workshops\/#primaryimage"},"thumbnailUrl":"https:\/\/rki.krtk.hun-ren.hu\/wp-content\/uploads\/2022\/05\/placeholder.png","datePublished":"2023-12-15T10:06:59+00:00","breadcrumb":{"@id":"https:\/\/rki.krtk.hun-ren.hu\/en\/conferences\/igu-conferences-and-workshops\/#breadcrumb"},"inLanguage":"en-US","potentialAction":[{"@type":"ReadAction","target":["https:\/\/rki.krtk.hun-ren.hu\/en\/conferences\/igu-conferences-and-workshops\/"]}]},{"@type":"ImageObject","inLanguage":"en-US","@id":"https:\/\/rki.krtk.hun-ren.hu\/en\/conferences\/igu-conferences-and-workshops\/#primaryimage","url":"https:\/\/rki.krtk.hun-ren.hu\/wp-content\/uploads\/2022\/05\/placeholder.png","contentUrl":"https:\/\/rki.krtk.hun-ren.hu\/wp-content\/uploads\/2022\/05\/placeholder.png","width":1200,"height":800},{"@type":"BreadcrumbList","@id":"https:\/\/rki.krtk.hun-ren.hu\/en\/conferences\/igu-conferences-and-workshops\/#breadcrumb","itemListElement":[{"@type":"ListItem","position":1,"name":"Conferences","item":"https:\/\/rki.krtk.hun-ren.hu\/en\/conferences\/"},{"@type":"ListItem","position":2,"name":"IGU Conferences and Workshops"}]},{"@type":"WebSite","@id":"https:\/\/rki.krtk.hun-ren.hu\/#website","url":"https:\/\/rki.krtk.hun-ren.hu\/","name":"RKI","description":"Region\u00e1lis Kutat\u00e1sok Int\u00e9zete","potentialAction":[{"@type":"SearchAction","target":{"@type":"EntryPoint","urlTemplate":"https:\/\/rki.krtk.hun-ren.hu\/?s={search_term_string}"},"query-input":{"@type":"PropertyValueSpecification","valueRequired":true,"valueName":"search_term_string"}}],"inLanguage":"en-US"}]}},"_links":{"self":[{"href":"https:\/\/rki.krtk.hun-ren.hu\/en\/wp-json\/wp\/v2\/pages\/12015","targetHints":{"allow":["GET"]}}],"collection":[{"href":"https:\/\/rki.krtk.hun-ren.hu\/en\/wp-json\/wp\/v2\/pages"}],"about":[{"href":"https:\/\/rki.krtk.hun-ren.hu\/en\/wp-json\/wp\/v2\/types\/page"}],"author":[{"embeddable":true,"href":"https:\/\/rki.krtk.hun-ren.hu\/en\/wp-json\/wp\/v2\/users\/3"}],"replies":[{"embeddable":true,"href":"https:\/\/rki.krtk.hun-ren.hu\/en\/wp-json\/wp\/v2\/comments?post=12015"}],"version-history":[{"count":0,"href":"https:\/\/rki.krtk.hun-ren.hu\/en\/wp-json\/wp\/v2\/pages\/12015\/revisions"}],"up":[{"embeddable":true,"href":"https:\/\/rki.krtk.hun-ren.hu\/en\/wp-json\/wp\/v2\/pages\/11970"}],"wp:featuredmedia":[{"embeddable":true,"href":"https:\/\/rki.krtk.hun-ren.hu\/en\/wp-json\/wp\/v2\/media\/38"}],"wp:attachment":[{"href":"https:\/\/rki.krtk.hun-ren.hu\/en\/wp-json\/wp\/v2\/media?parent=12015"}],"curies":[{"name":"wp","href":"https:\/\/api.w.org\/{rel}","templated":true}]}}