{"id":12719,"date":"2024-08-12T08:41:12","date_gmt":"2024-08-12T08:41:12","guid":{"rendered":"https:\/\/rki.krtk.hun-ren.hu\/?page_id=12719"},"modified":"2024-08-12T08:46:14","modified_gmt":"2024-08-12T08:46:14","slug":"about-the-institute","status":"publish","type":"page","link":"https:\/\/rki.krtk.hun-ren.hu\/en\/institute-for-regional-studies-national-think-tank\/about-the-institute\/","title":{"rendered":"About the Institute"},"content":{"rendered":"<p><span data-contrast=\"auto\">CERS Institute for Regional Studies\u00a0<\/span><span data-ccp-props=\"{&quot;201341983&quot;:0,&quot;335559739&quot;:160,&quot;335559740&quot;:259}\">\u00a0<\/span><\/p>\n<p><span data-contrast=\"auto\">The predecessor of the Institute for Regional Studies, the Danubian Scientific Institute (DTI) was founded in P\u00e9cs in 1943. The Centre for Regional Studies (RKK) was established in 1984 on the basis of the DTI, which had been an academic research institute since 1955, and acquired its networked organisational structure based on rural units, which it has retained even after its integration into the Centre for Economic and Regional Studies (KRTK\/CERS) of the Hungarian Academy of Sciences in 2012. It took a few years to consolidate the research synergies between the three institutes and, as a result, to achieve a significant improvement in results.<\/span><span data-ccp-props=\"{&quot;201341983&quot;:0,&quot;335559739&quot;:160,&quot;335559740&quot;:259}\">\u00a0<\/span><\/p>\n<p><span data-contrast=\"auto\">The Institute is a leader among national think tanks in regional science, not only because of its size, but also because its four scientific departments are present in different regions of the country, providing valuable local knowledge and embeddedness. The knowledge of the spatial patterns of natural, social and economic resources and the reduction of spatial disparities, which requires a complex social science approach, are key to the country\u2019s competitiveness and balanced development. Only the Institute for Regional Studies of the CERS, the base institute of Hungarian regional science, can provide this in Hungary, which has the critical mass for interdisciplinary research in cooperation with representatives of economics, geography, sociology, political science and law. It has been a key player in this field, having chaired and served two terms as Secretary of the HAS\u2019s (MTA) Committee on Regional Sciences (RTB), and its leading researchers continue to play a major role in the work of the scientific body.<\/span><span data-ccp-props=\"{&quot;201341983&quot;:0,&quot;335559739&quot;:160,&quot;335559740&quot;:259}\">\u00a0<\/span><\/p>\n<p><span data-contrast=\"auto\">The knowledge and spatial perspective of regional science, built up over some four decades, has been successfully integrated by many of the Institute\u2019s researchers at various levels of higher education. Leading researchers at the Institute for Regional Studies have played a key role in the establishment and operation of several doctoral schools. At present, one of the RKI\u2019s research professors is the head and a full member of a doctoral school at one university (Interdisciplinary Doctoral School, University of P\u00e9cs), while the Institute has seven full members and full members emeritus in three other doctoral schools (Doctoral School of Regional and Economic Sciences, Sz\u00e9chenyi Istv\u00e1n University, Gy\u0151r; Doctoral School of Regional Politics and Economics, University of P\u00e9cs; Doctoral School of Economics and Regional Sciences, Hungarian University of Agricultural and Life Sciences, G\u00f6d\u00f6ll\u0151).<\/span><span data-ccp-props=\"{&quot;201341983&quot;:0,&quot;335559739&quot;:160,&quot;335559740&quot;:259}\"> The number of doctoral students who have obtained a degree under the supervision of RKI researchers is 127.<\/span><\/p>\n<p><span data-contrast=\"auto\">The Institute for Regional Studies has fulfilled its mission by providing substantial professional support for the establishment of Hungarian regional science centers beyond the borders and continues to emphasize the cultivation of professional relations and research on the spatial structure of the Carpathian Basin. Nearly 40% of the literature on the Carpathian Basin, Central Europe and border studies, written by Hungarian researchers, was authored by researchers of our Institute. The Institute\u2019s publishing and library activities are unique in the region, as exemplified by its book series, especially the series on the Carpathian Basin regions, the indispensable journal of regional science,\u00a0<a href=\"https:\/\/tet.rkk.hu\/index.php\/TeT\/index\">T\u00e9r \u00e9s T\u00e1rsadalom<\/a>\u00a0(Space and Society), published continuously for three decades, the\u00a0<a href=\"http:\/\/www.regscience.hu\/\">RKI-ELEKTRA<\/a>\u00a0regional science repository, and the subscriptions to books and journals which are available only here.\u00a0<\/span><span data-ccp-props=\"{&quot;201341983&quot;:0,&quot;335559739&quot;:160,&quot;335559740&quot;:259}\">\u00a0<\/span><\/p>\n<p><span data-contrast=\"auto\">The Hungarian Regional Science Association (MRTT), which is closely linked to the Institute, provides a framework for cross-border cooperation, exemplifying the science-organising activities of the Institute for Regional Studies: the MRTT\u2019s annual conferences, organised in Hungary or in one of the neighbouring countries, are a prominent forum for the professional community in Hungary and abroad.<\/span><span data-ccp-props=\"{&quot;201341983&quot;:0,&quot;335559739&quot;:160,&quot;335559740&quot;:259}\">\u00a0<\/span><\/p>\n<p><span data-contrast=\"auto\">The Institute has extensive international contacts, as demonstrated by its status as a prestigious Central European partner of the most important international organisations in regional studies, the Regional Studies Association (RSA) and the Regional Science Association International (RSAI): in 2010 the Institute was the organiser of the RSA international conference, and in 2022 it was one of the main organisers of the 61st annual conference of the European Regional Science Association (ERSA) in P\u00e9cs. Its international embeddedness is also demonstrated by the fact that the RKI is one of the five most important non-Capital-based Central and Eastern European institutes among the consortium partners awarded ESPON (European Observation Network for Territorial Development and Cohesion) research projects, thanks to its reputation acquired in previous decades, as well as its international research activities and international public presence, which are increasingly involving a wider range of the collective. The trend towards basic research, including international research, is demonstrated by the fact that between 2016 and 2020, the staff of the Institute for Regional Studies, as members of international consortia, worked on four H2020 projects, which brought the CERS\/KRTK a total of \u20ac 850,000 (approximately 280 million HUF) in funding, and five international proposals worth \u20ac 380,000 (approximately 126 million HUF). In addition to the nine international research projects, the institute has also run a similar number of national projects during this period, worth around HUF 160 million.<\/span><span data-ccp-props=\"{&quot;201341983&quot;:0,&quot;335559739&quot;:160,&quot;335559740&quot;:259}\">\u00a0<\/span><\/p>\n","protected":false},"excerpt":{"rendered":"<p>CERS Institute for Regional Studies\u00a0\u00a0 The predecessor of the Institute for Regional Studies, the Danubian Scientific Institute (DTI) was founded in P\u00e9cs in 1943. The Centre for Regional Studies (RKK) was established in 1984 on the basis of the DTI, which had been an academic research institute since 1955, and acquired its networked organisational structure [&hellip;]<\/p>\n","protected":false},"author":3,"featured_media":38,"parent":4178,"menu_order":0,"comment_status":"closed","ping_status":"closed","template":"","meta":{"_acf_changed":false,"inline_featured_image":false,"footnotes":"","_links_to":"","_links_to_target":""},"class_list":["post-12719","page","type-page","status-publish","has-post-thumbnail","hentry"],"acf":[],"yoast_head":"<!-- This site is optimized with the Yoast SEO plugin v27.3 - https:\/\/yoast.com\/product\/yoast-seo-wordpress\/ -->\n<title>About the Institute - RKI<\/title>\n<meta name=\"robots\" content=\"index, follow, max-snippet:-1, max-image-preview:large, max-video-preview:-1\" \/>\n<link rel=\"canonical\" href=\"https:\/\/rki.krtk.hun-ren.hu\/en\/institute-for-regional-studies-national-think-tank\/about-the-institute\/\" \/>\n<meta property=\"og:locale\" content=\"en_US\" \/>\n<meta property=\"og:type\" content=\"article\" \/>\n<meta property=\"og:title\" content=\"About the Institute - RKI\" \/>\n<meta property=\"og:description\" content=\"CERS Institute for Regional Studies\u00a0\u00a0 The predecessor of the Institute for Regional Studies, the Danubian Scientific Institute (DTI) was founded in P\u00e9cs in 1943. The Centre for Regional Studies (RKK) was established in 1984 on the basis of the DTI, which had been an academic research institute since 1955, and acquired its networked organisational structure [&hellip;]\" \/>\n<meta property=\"og:url\" content=\"https:\/\/rki.krtk.hun-ren.hu\/en\/institute-for-regional-studies-national-think-tank\/about-the-institute\/\" \/>\n<meta property=\"og:site_name\" content=\"RKI\" \/>\n<meta property=\"article:modified_time\" content=\"2024-08-12T08:46:14+00:00\" \/>\n<meta name=\"twitter:card\" content=\"summary_large_image\" \/>\n<meta name=\"twitter:label1\" content=\"Est. reading time\" \/>\n\t<meta name=\"twitter:data1\" content=\"5 minutes\" \/>\n<script type=\"application\/ld+json\" class=\"yoast-schema-graph\">{\"@context\":\"https:\\\/\\\/schema.org\",\"@graph\":[{\"@type\":\"WebPage\",\"@id\":\"https:\\\/\\\/rki.krtk.hun-ren.hu\\\/en\\\/institute-for-regional-studies-national-think-tank\\\/about-the-institute\\\/\",\"url\":\"https:\\\/\\\/rki.krtk.hun-ren.hu\\\/en\\\/institute-for-regional-studies-national-think-tank\\\/about-the-institute\\\/\",\"name\":\"About the Institute - RKI\",\"isPartOf\":{\"@id\":\"https:\\\/\\\/rki.krtk.hun-ren.hu\\\/#website\"},\"primaryImageOfPage\":{\"@id\":\"https:\\\/\\\/rki.krtk.hun-ren.hu\\\/en\\\/institute-for-regional-studies-national-think-tank\\\/about-the-institute\\\/#primaryimage\"},\"image\":{\"@id\":\"https:\\\/\\\/rki.krtk.hun-ren.hu\\\/en\\\/institute-for-regional-studies-national-think-tank\\\/about-the-institute\\\/#primaryimage\"},\"thumbnailUrl\":\"https:\\\/\\\/rki.krtk.hun-ren.hu\\\/wp-content\\\/uploads\\\/2022\\\/05\\\/placeholder.png\",\"datePublished\":\"2024-08-12T08:41:12+00:00\",\"dateModified\":\"2024-08-12T08:46:14+00:00\",\"breadcrumb\":{\"@id\":\"https:\\\/\\\/rki.krtk.hun-ren.hu\\\/en\\\/institute-for-regional-studies-national-think-tank\\\/about-the-institute\\\/#breadcrumb\"},\"inLanguage\":\"en-US\",\"potentialAction\":[{\"@type\":\"ReadAction\",\"target\":[\"https:\\\/\\\/rki.krtk.hun-ren.hu\\\/en\\\/institute-for-regional-studies-national-think-tank\\\/about-the-institute\\\/\"]}]},{\"@type\":\"ImageObject\",\"inLanguage\":\"en-US\",\"@id\":\"https:\\\/\\\/rki.krtk.hun-ren.hu\\\/en\\\/institute-for-regional-studies-national-think-tank\\\/about-the-institute\\\/#primaryimage\",\"url\":\"https:\\\/\\\/rki.krtk.hun-ren.hu\\\/wp-content\\\/uploads\\\/2022\\\/05\\\/placeholder.png\",\"contentUrl\":\"https:\\\/\\\/rki.krtk.hun-ren.hu\\\/wp-content\\\/uploads\\\/2022\\\/05\\\/placeholder.png\",\"width\":1200,\"height\":800},{\"@type\":\"BreadcrumbList\",\"@id\":\"https:\\\/\\\/rki.krtk.hun-ren.hu\\\/en\\\/institute-for-regional-studies-national-think-tank\\\/about-the-institute\\\/#breadcrumb\",\"itemListElement\":[{\"@type\":\"ListItem\",\"position\":1,\"name\":\"The institute\",\"item\":\"https:\\\/\\\/rki.krtk.hun-ren.hu\\\/en\\\/institute-for-regional-studies-national-think-tank\\\/\"},{\"@type\":\"ListItem\",\"position\":2,\"name\":\"About the Institute\"}]},{\"@type\":\"WebSite\",\"@id\":\"https:\\\/\\\/rki.krtk.hun-ren.hu\\\/#website\",\"url\":\"https:\\\/\\\/rki.krtk.hun-ren.hu\\\/\",\"name\":\"RKI\",\"description\":\"Region\u00e1lis Kutat\u00e1sok Int\u00e9zete\",\"potentialAction\":[{\"@type\":\"SearchAction\",\"target\":{\"@type\":\"EntryPoint\",\"urlTemplate\":\"https:\\\/\\\/rki.krtk.hun-ren.hu\\\/?s={search_term_string}\"},\"query-input\":{\"@type\":\"PropertyValueSpecification\",\"valueRequired\":true,\"valueName\":\"search_term_string\"}}],\"inLanguage\":\"en-US\"}]}<\/script>\n<!-- \/ Yoast SEO plugin. -->","yoast_head_json":{"title":"About the Institute - RKI","robots":{"index":"index","follow":"follow","max-snippet":"max-snippet:-1","max-image-preview":"max-image-preview:large","max-video-preview":"max-video-preview:-1"},"canonical":"https:\/\/rki.krtk.hun-ren.hu\/en\/institute-for-regional-studies-national-think-tank\/about-the-institute\/","og_locale":"en_US","og_type":"article","og_title":"About the Institute - RKI","og_description":"CERS Institute for Regional Studies\u00a0\u00a0 The predecessor of the Institute for Regional Studies, the Danubian Scientific Institute (DTI) was founded in P\u00e9cs in 1943. The Centre for Regional Studies (RKK) was established in 1984 on the basis of the DTI, which had been an academic research institute since 1955, and acquired its networked organisational structure [&hellip;]","og_url":"https:\/\/rki.krtk.hun-ren.hu\/en\/institute-for-regional-studies-national-think-tank\/about-the-institute\/","og_site_name":"RKI","article_modified_time":"2024-08-12T08:46:14+00:00","twitter_card":"summary_large_image","twitter_misc":{"Est. reading time":"5 minutes"},"schema":{"@context":"https:\/\/schema.org","@graph":[{"@type":"WebPage","@id":"https:\/\/rki.krtk.hun-ren.hu\/en\/institute-for-regional-studies-national-think-tank\/about-the-institute\/","url":"https:\/\/rki.krtk.hun-ren.hu\/en\/institute-for-regional-studies-national-think-tank\/about-the-institute\/","name":"About the Institute - RKI","isPartOf":{"@id":"https:\/\/rki.krtk.hun-ren.hu\/#website"},"primaryImageOfPage":{"@id":"https:\/\/rki.krtk.hun-ren.hu\/en\/institute-for-regional-studies-national-think-tank\/about-the-institute\/#primaryimage"},"image":{"@id":"https:\/\/rki.krtk.hun-ren.hu\/en\/institute-for-regional-studies-national-think-tank\/about-the-institute\/#primaryimage"},"thumbnailUrl":"https:\/\/rki.krtk.hun-ren.hu\/wp-content\/uploads\/2022\/05\/placeholder.png","datePublished":"2024-08-12T08:41:12+00:00","dateModified":"2024-08-12T08:46:14+00:00","breadcrumb":{"@id":"https:\/\/rki.krtk.hun-ren.hu\/en\/institute-for-regional-studies-national-think-tank\/about-the-institute\/#breadcrumb"},"inLanguage":"en-US","potentialAction":[{"@type":"ReadAction","target":["https:\/\/rki.krtk.hun-ren.hu\/en\/institute-for-regional-studies-national-think-tank\/about-the-institute\/"]}]},{"@type":"ImageObject","inLanguage":"en-US","@id":"https:\/\/rki.krtk.hun-ren.hu\/en\/institute-for-regional-studies-national-think-tank\/about-the-institute\/#primaryimage","url":"https:\/\/rki.krtk.hun-ren.hu\/wp-content\/uploads\/2022\/05\/placeholder.png","contentUrl":"https:\/\/rki.krtk.hun-ren.hu\/wp-content\/uploads\/2022\/05\/placeholder.png","width":1200,"height":800},{"@type":"BreadcrumbList","@id":"https:\/\/rki.krtk.hun-ren.hu\/en\/institute-for-regional-studies-national-think-tank\/about-the-institute\/#breadcrumb","itemListElement":[{"@type":"ListItem","position":1,"name":"The institute","item":"https:\/\/rki.krtk.hun-ren.hu\/en\/institute-for-regional-studies-national-think-tank\/"},{"@type":"ListItem","position":2,"name":"About the Institute"}]},{"@type":"WebSite","@id":"https:\/\/rki.krtk.hun-ren.hu\/#website","url":"https:\/\/rki.krtk.hun-ren.hu\/","name":"RKI","description":"Region\u00e1lis Kutat\u00e1sok Int\u00e9zete","potentialAction":[{"@type":"SearchAction","target":{"@type":"EntryPoint","urlTemplate":"https:\/\/rki.krtk.hun-ren.hu\/?s={search_term_string}"},"query-input":{"@type":"PropertyValueSpecification","valueRequired":true,"valueName":"search_term_string"}}],"inLanguage":"en-US"}]}},"_links":{"self":[{"href":"https:\/\/rki.krtk.hun-ren.hu\/en\/wp-json\/wp\/v2\/pages\/12719","targetHints":{"allow":["GET"]}}],"collection":[{"href":"https:\/\/rki.krtk.hun-ren.hu\/en\/wp-json\/wp\/v2\/pages"}],"about":[{"href":"https:\/\/rki.krtk.hun-ren.hu\/en\/wp-json\/wp\/v2\/types\/page"}],"author":[{"embeddable":true,"href":"https:\/\/rki.krtk.hun-ren.hu\/en\/wp-json\/wp\/v2\/users\/3"}],"replies":[{"embeddable":true,"href":"https:\/\/rki.krtk.hun-ren.hu\/en\/wp-json\/wp\/v2\/comments?post=12719"}],"version-history":[{"count":0,"href":"https:\/\/rki.krtk.hun-ren.hu\/en\/wp-json\/wp\/v2\/pages\/12719\/revisions"}],"up":[{"embeddable":true,"href":"https:\/\/rki.krtk.hun-ren.hu\/en\/wp-json\/wp\/v2\/pages\/4178"}],"wp:featuredmedia":[{"embeddable":true,"href":"https:\/\/rki.krtk.hun-ren.hu\/en\/wp-json\/wp\/v2\/media\/38"}],"wp:attachment":[{"href":"https:\/\/rki.krtk.hun-ren.hu\/en\/wp-json\/wp\/v2\/media?parent=12719"}],"curies":[{"name":"wp","href":"https:\/\/api.w.org\/{rel}","templated":true}]}}