{"id":13147,"date":"2024-10-02T13:42:05","date_gmt":"2024-10-02T13:42:05","guid":{"rendered":"https:\/\/rki.krtk.hun-ren.hu\/?page_id=13147"},"modified":"2025-01-20T14:45:38","modified_gmt":"2025-01-20T14:45:38","slug":"policy-recommendations-in-hungary","status":"publish","type":"page","link":"https:\/\/rki.krtk.hun-ren.hu\/en\/policy-briefs-2\/policy-recommendations-in-hungary\/","title":{"rendered":"Policy Recommendations in Hungary"},"content":{"rendered":"<h3 class=\"elementor-heading-title elementor-size-default\">Development Concept and Program for the Danube-Tisza Interfluve Sand Ridge, 2024<\/h3>\n<p>HUN-REN KRTK RKI ATO Kecskem\u00e9t Group Submits Development Concept and Program for the Danube-Tisza Interfluve Sand Ridge<\/p>\n<p>&nbsp;<\/p>\n<div>Kecskem\u00e9t, June 6, 2024, the HUN-REN KRTK RKI ATO Kecskem\u00e9t Group submitted the documentation for the Development Concept and Program of the Danube-Tisza Interfluve Sand Ridge to the Development Council. The Sand Ridge region faces a polycrisis and is particularly vulnerable to the impacts of climate change. Consequently, regional development and environmental protection are of paramount importance in this area. In the background analysis of the concept, we assessed the region\u2019s characteristics and risks, identifying potential breakout points. Based on this analysis, the strategic section, developed with stakeholder input, outlines the vision of creating a climate-resilient Great Plain region with valuable cultural landscapes and livable settlements. To achieve this, we developed a complex system of objectives, which includes three general and three horizontal goals, along with five region-specific goals, addressing the complex spatial structure and highly diverse local challenges. The concept also emphasizes the need for swift action in the Sand Ridge area, as environmental degradation will make future development efforts increasingly costly.<\/div>\n<div><\/div>\n<div><img fetchpriority=\"high\" decoding=\"async\" class=\"alignnone size-medium wp-image-12549\" src=\"https:\/\/rki.krtk.hun-ren.hu\/wp-content\/uploads\/2024\/06\/homokhat_kesz_rki-300x225.jpg\" sizes=\"(max-width: 300px) 100vw, 300px\" srcset=\"https:\/\/rki.krtk.hun-ren.hu\/wp-content\/uploads\/2024\/06\/homokhat_kesz_rki-300x225.jpg 300w, https:\/\/rki.krtk.hun-ren.hu\/wp-content\/uploads\/2024\/06\/homokhat_kesz_rki-1024x768.jpg 1024w, https:\/\/rki.krtk.hun-ren.hu\/wp-content\/uploads\/2024\/06\/homokhat_kesz_rki-768x576.jpg 768w, https:\/\/rki.krtk.hun-ren.hu\/wp-content\/uploads\/2024\/06\/homokhat_kesz_rki-1536x1152.jpg 1536w, https:\/\/rki.krtk.hun-ren.hu\/wp-content\/uploads\/2024\/06\/homokhat_kesz_rki-2048x1536.jpg 2048w\" alt=\"\" width=\"300\" height=\"225\" \/><\/div>\n<div><\/div>\n<div>This concept, commissioned by the Danube-Tisza Interfluve Sand Ridge Regional Development Council, was initiated in late 2022 and can be downloaded from\u00a0<a href=\"https:\/\/www.bacskiskun.hu\/lap\/hht\">https:\/\/www.bacskiskun.hu\/lap\/hht<\/a>. The project was led by Senior Research Fellow Jen\u0151 Zsolt Farkas, with contributions from KRTK members J\u00f3zsef Lennert, Edit Hoyk, Andr\u00e1s Don\u00e1t Kov\u00e1cs, \u00c1gnes \u00d3v\u00e1ri, \u00c1d\u00e1m Szalai, and G\u00e1bor Vas\u00e1rus.<\/div>\n","protected":false},"excerpt":{"rendered":"<p>Development Concept and Program for the Danube-Tisza Interfluve Sand Ridge, 2024 HUN-REN KRTK RKI ATO Kecskem\u00e9t Group Submits Development Concept and Program for the Danube-Tisza Interfluve Sand Ridge &nbsp; Kecskem\u00e9t, June 6, 2024, the HUN-REN KRTK RKI ATO Kecskem\u00e9t Group submitted the documentation for the Development Concept and Program of the Danube-Tisza Interfluve Sand Ridge [&hellip;]<\/p>\n","protected":false},"author":3,"featured_media":12549,"parent":13110,"menu_order":0,"comment_status":"closed","ping_status":"closed","template":"","meta":{"_acf_changed":false,"inline_featured_image":false,"footnotes":"","_links_to":"","_links_to_target":""},"class_list":["post-13147","page","type-page","status-publish","has-post-thumbnail","hentry"],"acf":[],"yoast_head":"<!-- This site is optimized with the Yoast SEO plugin v27.3 - https:\/\/yoast.com\/product\/yoast-seo-wordpress\/ -->\n<title>Policy Recommendations in Hungary - RKI<\/title>\n<meta name=\"description\" content=\"Policy Recommendations Development Concept and Program\" \/>\n<meta name=\"robots\" content=\"index, follow, max-snippet:-1, max-image-preview:large, max-video-preview:-1\" \/>\n<link rel=\"canonical\" href=\"https:\/\/rki.krtk.hun-ren.hu\/en\/policy-briefs-2\/policy-recommendations-in-hungary\/\" \/>\n<meta property=\"og:locale\" content=\"en_US\" \/>\n<meta property=\"og:type\" content=\"article\" \/>\n<meta property=\"og:title\" content=\"Policy Recommendations in Hungary - RKI\" \/>\n<meta property=\"og:description\" content=\"Policy Recommendations Development Concept and Program\" \/>\n<meta property=\"og:url\" content=\"https:\/\/rki.krtk.hun-ren.hu\/en\/policy-briefs-2\/policy-recommendations-in-hungary\/\" \/>\n<meta property=\"og:site_name\" content=\"RKI\" \/>\n<meta property=\"article:modified_time\" content=\"2025-01-20T14:45:38+00:00\" \/>\n<meta property=\"og:image\" content=\"https:\/\/rki.krtk.hun-ren.hu\/wp-content\/uploads\/2024\/06\/homokhat_kesz_rki-scaled.jpg\" \/>\n\t<meta property=\"og:image:width\" content=\"2560\" \/>\n\t<meta property=\"og:image:height\" content=\"1920\" \/>\n\t<meta property=\"og:image:type\" content=\"image\/jpeg\" \/>\n<meta name=\"twitter:card\" content=\"summary_large_image\" \/>\n<meta name=\"twitter:label1\" content=\"Est. reading time\" \/>\n\t<meta name=\"twitter:data1\" content=\"2 minutes\" \/>\n<script type=\"application\/ld+json\" class=\"yoast-schema-graph\">{\"@context\":\"https:\\\/\\\/schema.org\",\"@graph\":[{\"@type\":\"WebPage\",\"@id\":\"https:\\\/\\\/rki.krtk.hun-ren.hu\\\/en\\\/policy-briefs-2\\\/policy-recommendations-in-hungary\\\/\",\"url\":\"https:\\\/\\\/rki.krtk.hun-ren.hu\\\/en\\\/policy-briefs-2\\\/policy-recommendations-in-hungary\\\/\",\"name\":\"Policy Recommendations in Hungary - RKI\",\"isPartOf\":{\"@id\":\"https:\\\/\\\/rki.krtk.hun-ren.hu\\\/#website\"},\"primaryImageOfPage\":{\"@id\":\"https:\\\/\\\/rki.krtk.hun-ren.hu\\\/en\\\/policy-briefs-2\\\/policy-recommendations-in-hungary\\\/#primaryimage\"},\"image\":{\"@id\":\"https:\\\/\\\/rki.krtk.hun-ren.hu\\\/en\\\/policy-briefs-2\\\/policy-recommendations-in-hungary\\\/#primaryimage\"},\"thumbnailUrl\":\"https:\\\/\\\/rki.krtk.hun-ren.hu\\\/wp-content\\\/uploads\\\/2024\\\/06\\\/homokhat_kesz_rki-scaled.jpg\",\"datePublished\":\"2024-10-02T13:42:05+00:00\",\"dateModified\":\"2025-01-20T14:45:38+00:00\",\"description\":\"Policy Recommendations Development Concept and Program\",\"breadcrumb\":{\"@id\":\"https:\\\/\\\/rki.krtk.hun-ren.hu\\\/en\\\/policy-briefs-2\\\/policy-recommendations-in-hungary\\\/#breadcrumb\"},\"inLanguage\":\"en-US\",\"potentialAction\":[{\"@type\":\"ReadAction\",\"target\":[\"https:\\\/\\\/rki.krtk.hun-ren.hu\\\/en\\\/policy-briefs-2\\\/policy-recommendations-in-hungary\\\/\"]}]},{\"@type\":\"ImageObject\",\"inLanguage\":\"en-US\",\"@id\":\"https:\\\/\\\/rki.krtk.hun-ren.hu\\\/en\\\/policy-briefs-2\\\/policy-recommendations-in-hungary\\\/#primaryimage\",\"url\":\"https:\\\/\\\/rki.krtk.hun-ren.hu\\\/wp-content\\\/uploads\\\/2024\\\/06\\\/homokhat_kesz_rki-scaled.jpg\",\"contentUrl\":\"https:\\\/\\\/rki.krtk.hun-ren.hu\\\/wp-content\\\/uploads\\\/2024\\\/06\\\/homokhat_kesz_rki-scaled.jpg\",\"width\":2560,\"height\":1920},{\"@type\":\"BreadcrumbList\",\"@id\":\"https:\\\/\\\/rki.krtk.hun-ren.hu\\\/en\\\/policy-briefs-2\\\/policy-recommendations-in-hungary\\\/#breadcrumb\",\"itemListElement\":[{\"@type\":\"ListItem\",\"position\":1,\"name\":\"Policy Briefs\",\"item\":\"https:\\\/\\\/rki.krtk.hun-ren.hu\\\/en\\\/policy-briefs-2\\\/\"},{\"@type\":\"ListItem\",\"position\":2,\"name\":\"Policy Recommendations in Hungary\"}]},{\"@type\":\"WebSite\",\"@id\":\"https:\\\/\\\/rki.krtk.hun-ren.hu\\\/#website\",\"url\":\"https:\\\/\\\/rki.krtk.hun-ren.hu\\\/\",\"name\":\"RKI\",\"description\":\"Region\u00e1lis Kutat\u00e1sok Int\u00e9zete\",\"potentialAction\":[{\"@type\":\"SearchAction\",\"target\":{\"@type\":\"EntryPoint\",\"urlTemplate\":\"https:\\\/\\\/rki.krtk.hun-ren.hu\\\/?s={search_term_string}\"},\"query-input\":{\"@type\":\"PropertyValueSpecification\",\"valueRequired\":true,\"valueName\":\"search_term_string\"}}],\"inLanguage\":\"en-US\"}]}<\/script>\n<!-- \/ Yoast SEO plugin. -->","yoast_head_json":{"title":"Policy Recommendations in Hungary - RKI","description":"Policy Recommendations Development Concept and Program","robots":{"index":"index","follow":"follow","max-snippet":"max-snippet:-1","max-image-preview":"max-image-preview:large","max-video-preview":"max-video-preview:-1"},"canonical":"https:\/\/rki.krtk.hun-ren.hu\/en\/policy-briefs-2\/policy-recommendations-in-hungary\/","og_locale":"en_US","og_type":"article","og_title":"Policy Recommendations in Hungary - RKI","og_description":"Policy Recommendations Development Concept and Program","og_url":"https:\/\/rki.krtk.hun-ren.hu\/en\/policy-briefs-2\/policy-recommendations-in-hungary\/","og_site_name":"RKI","article_modified_time":"2025-01-20T14:45:38+00:00","og_image":[{"width":2560,"height":1920,"url":"https:\/\/rki.krtk.hun-ren.hu\/wp-content\/uploads\/2024\/06\/homokhat_kesz_rki-scaled.jpg","type":"image\/jpeg"}],"twitter_card":"summary_large_image","twitter_misc":{"Est. reading time":"2 minutes"},"schema":{"@context":"https:\/\/schema.org","@graph":[{"@type":"WebPage","@id":"https:\/\/rki.krtk.hun-ren.hu\/en\/policy-briefs-2\/policy-recommendations-in-hungary\/","url":"https:\/\/rki.krtk.hun-ren.hu\/en\/policy-briefs-2\/policy-recommendations-in-hungary\/","name":"Policy Recommendations in Hungary - RKI","isPartOf":{"@id":"https:\/\/rki.krtk.hun-ren.hu\/#website"},"primaryImageOfPage":{"@id":"https:\/\/rki.krtk.hun-ren.hu\/en\/policy-briefs-2\/policy-recommendations-in-hungary\/#primaryimage"},"image":{"@id":"https:\/\/rki.krtk.hun-ren.hu\/en\/policy-briefs-2\/policy-recommendations-in-hungary\/#primaryimage"},"thumbnailUrl":"https:\/\/rki.krtk.hun-ren.hu\/wp-content\/uploads\/2024\/06\/homokhat_kesz_rki-scaled.jpg","datePublished":"2024-10-02T13:42:05+00:00","dateModified":"2025-01-20T14:45:38+00:00","description":"Policy Recommendations Development Concept and Program","breadcrumb":{"@id":"https:\/\/rki.krtk.hun-ren.hu\/en\/policy-briefs-2\/policy-recommendations-in-hungary\/#breadcrumb"},"inLanguage":"en-US","potentialAction":[{"@type":"ReadAction","target":["https:\/\/rki.krtk.hun-ren.hu\/en\/policy-briefs-2\/policy-recommendations-in-hungary\/"]}]},{"@type":"ImageObject","inLanguage":"en-US","@id":"https:\/\/rki.krtk.hun-ren.hu\/en\/policy-briefs-2\/policy-recommendations-in-hungary\/#primaryimage","url":"https:\/\/rki.krtk.hun-ren.hu\/wp-content\/uploads\/2024\/06\/homokhat_kesz_rki-scaled.jpg","contentUrl":"https:\/\/rki.krtk.hun-ren.hu\/wp-content\/uploads\/2024\/06\/homokhat_kesz_rki-scaled.jpg","width":2560,"height":1920},{"@type":"BreadcrumbList","@id":"https:\/\/rki.krtk.hun-ren.hu\/en\/policy-briefs-2\/policy-recommendations-in-hungary\/#breadcrumb","itemListElement":[{"@type":"ListItem","position":1,"name":"Policy Briefs","item":"https:\/\/rki.krtk.hun-ren.hu\/en\/policy-briefs-2\/"},{"@type":"ListItem","position":2,"name":"Policy Recommendations in Hungary"}]},{"@type":"WebSite","@id":"https:\/\/rki.krtk.hun-ren.hu\/#website","url":"https:\/\/rki.krtk.hun-ren.hu\/","name":"RKI","description":"Region\u00e1lis Kutat\u00e1sok Int\u00e9zete","potentialAction":[{"@type":"SearchAction","target":{"@type":"EntryPoint","urlTemplate":"https:\/\/rki.krtk.hun-ren.hu\/?s={search_term_string}"},"query-input":{"@type":"PropertyValueSpecification","valueRequired":true,"valueName":"search_term_string"}}],"inLanguage":"en-US"}]}},"_links":{"self":[{"href":"https:\/\/rki.krtk.hun-ren.hu\/en\/wp-json\/wp\/v2\/pages\/13147","targetHints":{"allow":["GET"]}}],"collection":[{"href":"https:\/\/rki.krtk.hun-ren.hu\/en\/wp-json\/wp\/v2\/pages"}],"about":[{"href":"https:\/\/rki.krtk.hun-ren.hu\/en\/wp-json\/wp\/v2\/types\/page"}],"author":[{"embeddable":true,"href":"https:\/\/rki.krtk.hun-ren.hu\/en\/wp-json\/wp\/v2\/users\/3"}],"replies":[{"embeddable":true,"href":"https:\/\/rki.krtk.hun-ren.hu\/en\/wp-json\/wp\/v2\/comments?post=13147"}],"version-history":[{"count":0,"href":"https:\/\/rki.krtk.hun-ren.hu\/en\/wp-json\/wp\/v2\/pages\/13147\/revisions"}],"up":[{"embeddable":true,"href":"https:\/\/rki.krtk.hun-ren.hu\/en\/wp-json\/wp\/v2\/pages\/13110"}],"wp:featuredmedia":[{"embeddable":true,"href":"https:\/\/rki.krtk.hun-ren.hu\/en\/wp-json\/wp\/v2\/media\/12549"}],"wp:attachment":[{"href":"https:\/\/rki.krtk.hun-ren.hu\/en\/wp-json\/wp\/v2\/media?parent=13147"}],"curies":[{"name":"wp","href":"https:\/\/api.w.org\/{rel}","templated":true}]}}