{"id":13528,"date":"2024-10-02T12:59:32","date_gmt":"2024-10-02T12:59:32","guid":{"rendered":"https:\/\/rki.krtk.hun-ren.hu\/szakpolitika\/"},"modified":"2025-01-20T14:51:50","modified_gmt":"2025-01-20T14:51:50","slug":"szakpolitika","status":"publish","type":"page","link":"https:\/\/rki.krtk.hun-ren.hu\/en\/szakpolitika\/","title":{"rendered":"Szakpolitika"},"content":{"rendered":"\t\t<div data-elementor-type=\"wp-page\" data-elementor-id=\"13528\" class=\"elementor elementor-13528 elementor-13137\" data-elementor-post-type=\"page\">\n\t\t\t\t\t\t<section class=\"elementor-section elementor-top-section elementor-element elementor-element-a9ac97d elementor-section-boxed elementor-section-height-default elementor-section-height-default\" data-id=\"a9ac97d\" data-element_type=\"section\" data-e-type=\"section\">\n\t\t\t\t\t\t<div class=\"elementor-container elementor-column-gap-custom\">\n\t\t\t\t\t<div class=\"elementor-column elementor-col-50 elementor-top-column elementor-element elementor-element-16a9e90\" data-id=\"16a9e90\" data-element_type=\"column\" data-e-type=\"column\">\n\t\t\t<div class=\"elementor-widget-wrap elementor-element-populated\">\n\t\t\t\t\t\t<div class=\"elementor-element elementor-element-cf17f96 blue-title elementor-widget elementor-widget-heading\" data-id=\"cf17f96\" data-element_type=\"widget\" data-e-type=\"widget\" data-widget_type=\"heading.default\">\n\t\t\t\t<div class=\"elementor-widget-container\">\n\t\t\t\t\t<h2 class=\"elementor-heading-title elementor-size-default\">Eur\u00f3pai Uni\u00f3s szakpolitikai aj\u00e1nl\u00e1sok<\/h2>\t\t\t\t<\/div>\n\t\t\t\t<\/div>\n\t\t\t\t<div class=\"elementor-element elementor-element-d7699d7 elementor-widget elementor-widget-homepage_news\" data-id=\"d7699d7\" data-element_type=\"widget\" data-e-type=\"widget\" data-widget_type=\"homepage_news.default\">\n\t\t\t\t<div class=\"elementor-widget-container\">\n\t\t\t\t\t\t\t<div class=\"posts-box \n\t\t \n\t\t hide-date \t\t\t\t show-excerpt \t\t\">\n\t\t\t\t<div class=\"post-items posts-1-column\">\n\t\t\t<div class=\"post-item\">\n\t\t<div class=\"row-1\">\n\t\t\t<a class=\"image\" href=\"https:\/\/rki.krtk.hun-ren.hu\/en\/first-policy-brief-of-p2green-project-published\/\" >\n\t\t\t\t<div class=\"image-wrapper\">\n\t\t\t\t\t<img decoding=\"async\" width=\"201\" height=\"220\" src=\"https:\/\/rki.krtk.hun-ren.hu\/wp-content\/uploads\/2023\/01\/Logo_P2GreeN-3-1.jpg\" class=\"attachment-loop-thumbnail size-loop-thumbnail wp-post-image\" alt=\"\" \/>\t\t\t\t<\/div>\n\t\t\t<\/a>\n\t\t\t<div class=\"text\">\n\t\t\t\t<h3 class=\"title\">\n\t\t\t\t\t<a href=\"https:\/\/rki.krtk.hun-ren.hu\/en\/first-policy-brief-of-p2green-project-published\/\" >\n\t\t\t\t\t\tThe first policy brief of the P2Green Horizon project is available&nbsp;...\t\t\t\t\t<\/a>\n\t\t\t\t<\/h3>\n\t\t\t\t<p class=\"datetime\">\n\t\t\t\t\t\t\t\t\t\t\t<span class=\"date\">2024.11.07.<\/span>\n\t\t\t\t\t\t<span class=\"separator\">|<\/span>\n\t\t\t\t\t\t<span class=\"time\">13:35<\/span>\n\t\t\t\t\t\t\t\t\t<\/p>\n\t\t\t\t<p class=\"excrept-text\">\n\t\t\t\t\tClosing the gap between fork and farm for circular nutrient flows\t\t\t\t<\/p>\n\t\t\t\t<a class=\"read-more\" href=\"https:\/\/rki.krtk.hun-ren.hu\/en\/first-policy-brief-of-p2green-project-published\/\" >\n\t\t\t\t\tRead more\t\t\t\t<\/a>\n\t\t\t<\/div>\n\t\t<\/div>\n\t\t<div class=\"row-2\">\n\t\t\t<div class=\"text\">\n\t\t\t\t<p class=\"datetime\">\n\t\t\t\t\t\t\t\t\t\t\t<span class=\"date\">2024.11.07.<\/span>\n\t\t\t\t\t\t<span class=\"separator\">|<\/span>\n\t\t\t\t\t\t<span class=\"time\">13:35<\/span>\n\t\t\t\t\t\t\t\t\t<\/p>\n\t\t\t\t<a class=\"read-more\" href=\"https:\/\/rki.krtk.hun-ren.hu\/en\/first-policy-brief-of-p2green-project-published\/\" >\n\t\t\t\t\tRead more\t\t\t\t<\/a>\n\t\t\t<\/div>\n\t\t<\/div>\n\t<\/div>\n\t<div class=\"post-item\">\n\t\t<div class=\"row-1\">\n\t\t\t<a class=\"image\" href=\"https:\/\/rki.krtk.hun-ren.hu\/en\/allasfoglalas-az-sshcentre-projekt-kereteben\/\" >\n\t\t\t\t<div class=\"image-wrapper\">\n\t\t\t\t\t<img fetchpriority=\"high\" decoding=\"async\" width=\"300\" height=\"271\" src=\"https:\/\/rki.krtk.hun-ren.hu\/wp-content\/uploads\/2023\/01\/SSH-Centre-logo-300x271.jpg\" class=\"attachment-loop-thumbnail size-loop-thumbnail wp-post-image\" alt=\"\" srcset=\"https:\/\/rki.krtk.hun-ren.hu\/wp-content\/uploads\/2023\/01\/SSH-Centre-logo-300x271.jpg 300w, https:\/\/rki.krtk.hun-ren.hu\/wp-content\/uploads\/2023\/01\/SSH-Centre-logo.jpg 447w\" sizes=\"(max-width: 300px) 100vw, 300px\" \/>\t\t\t\t<\/div>\n\t\t\t<\/a>\n\t\t\t<div class=\"text\">\n\t\t\t\t<h3 class=\"title\">\n\t\t\t\t\t<a href=\"https:\/\/rki.krtk.hun-ren.hu\/en\/allasfoglalas-az-sshcentre-projekt-kereteben\/\" >\n\t\t\t\t\t\tPolicy Brief of the SSHCentre Project\t\t\t\t\t<\/a>\n\t\t\t\t<\/h3>\n\t\t\t\t<p class=\"datetime\">\n\t\t\t\t\t\t\t\t\t\t\t<span class=\"date\">2024.10.03.<\/span>\n\t\t\t\t\t\t<span class=\"separator\">|<\/span>\n\t\t\t\t\t\t<span class=\"time\">10:09<\/span>\n\t\t\t\t\t\t\t\t\t<\/p>\n\t\t\t\t<p class=\"excrept-text\">\n\t\t\t\t\tPosition Statement for international climate, energy and mobility research\t\t\t\t<\/p>\n\t\t\t\t<a class=\"read-more\" href=\"https:\/\/rki.krtk.hun-ren.hu\/en\/allasfoglalas-az-sshcentre-projekt-kereteben\/\" >\n\t\t\t\t\tRead more\t\t\t\t<\/a>\n\t\t\t<\/div>\n\t\t<\/div>\n\t\t<div class=\"row-2\">\n\t\t\t<div class=\"text\">\n\t\t\t\t<p class=\"datetime\">\n\t\t\t\t\t\t\t\t\t\t\t<span class=\"date\">2024.10.03.<\/span>\n\t\t\t\t\t\t<span class=\"separator\">|<\/span>\n\t\t\t\t\t\t<span class=\"time\">10:09<\/span>\n\t\t\t\t\t\t\t\t\t<\/p>\n\t\t\t\t<a class=\"read-more\" href=\"https:\/\/rki.krtk.hun-ren.hu\/en\/allasfoglalas-az-sshcentre-projekt-kereteben\/\" >\n\t\t\t\t\tRead more\t\t\t\t<\/a>\n\t\t\t<\/div>\n\t\t<\/div>\n\t<\/div>\n\t<\/div>\n\t\t\t\t<div class=\"read-more\">\n\t\t\t\t\t\t\t\t\t\t\t<a href=\"https:\/\/rki.krtk.hun-ren.hu\/kategoria\/szakpolitika\/europai-unios-szakpolitikai-ajanlasok\/\">\n\t\t\t\t\t\t\t<p>\n\t\t\t\t\t\t\t\tTov\u00e1bbi cikkek\t\t\t\t\t\t\t<\/p>\n\t\t\t\t\t\t<\/a>\n\t\t\t\t\t\t\t\t\t<\/div>\n\t\t\t\t\t<\/div>\n\t\t\t\t<\/div>\n\t\t\t\t<\/div>\n\t\t\t\t\t<\/div>\n\t\t<\/div>\n\t\t\t\t<div class=\"elementor-column elementor-col-50 elementor-top-column elementor-element elementor-element-f7f890e\" data-id=\"f7f890e\" data-element_type=\"column\" data-e-type=\"column\">\n\t\t\t<div class=\"elementor-widget-wrap elementor-element-populated\">\n\t\t\t\t\t\t<div class=\"elementor-element elementor-element-6e40fdf9 blue-title elementor-widget elementor-widget-heading\" data-id=\"6e40fdf9\" data-element_type=\"widget\" data-e-type=\"widget\" id=\"kiemelt-publikaciok\" data-widget_type=\"heading.default\">\n\t\t\t\t<div class=\"elementor-widget-container\">\n\t\t\t\t\t<h2 class=\"elementor-heading-title elementor-size-default\">Hazai szakpolitikai aj\u00e1nl\u00e1sok<\/h2>\t\t\t\t<\/div>\n\t\t\t\t<\/div>\n\t\t\t\t<div class=\"elementor-element elementor-element-36c50e5e elementor-widget elementor-widget-homepage_news\" data-id=\"36c50e5e\" data-element_type=\"widget\" data-e-type=\"widget\" data-widget_type=\"homepage_news.default\">\n\t\t\t\t<div class=\"elementor-widget-container\">\n\t\t\t\t\t\t\t<div class=\"posts-box \n\t\t \n\t\t hide-date \t\t\t\t show-excerpt \t\t\">\n\t\t\t\t<div class=\"post-items posts-1-column\">\n\t\t\t<div class=\"post-item\">\n\t\t<div class=\"row-1\">\n\t\t\t<a class=\"image\" href=\"https:\/\/rki.krtk.hun-ren.hu\/en\/development-concept-and-program-for-the-danube-tisza-interfluve-sand-ridge\/\" >\n\t\t\t\t<div class=\"image-wrapper\">\n\t\t\t\t\t<img decoding=\"async\" width=\"300\" height=\"225\" src=\"https:\/\/rki.krtk.hun-ren.hu\/wp-content\/uploads\/2024\/06\/homokhat_kesz_rki-300x225.jpg\" class=\"attachment-loop-thumbnail size-loop-thumbnail wp-post-image\" alt=\"\" srcset=\"https:\/\/rki.krtk.hun-ren.hu\/wp-content\/uploads\/2024\/06\/homokhat_kesz_rki-300x225.jpg 300w, https:\/\/rki.krtk.hun-ren.hu\/wp-content\/uploads\/2024\/06\/homokhat_kesz_rki-1024x768.jpg 1024w, https:\/\/rki.krtk.hun-ren.hu\/wp-content\/uploads\/2024\/06\/homokhat_kesz_rki-768x576.jpg 768w, https:\/\/rki.krtk.hun-ren.hu\/wp-content\/uploads\/2024\/06\/homokhat_kesz_rki-1536x1152.jpg 1536w, https:\/\/rki.krtk.hun-ren.hu\/wp-content\/uploads\/2024\/06\/homokhat_kesz_rki-2048x1536.jpg 2048w\" sizes=\"(max-width: 300px) 100vw, 300px\" \/>\t\t\t\t<\/div>\n\t\t\t<\/a>\n\t\t\t<div class=\"text\">\n\t\t\t\t<h3 class=\"title\">\n\t\t\t\t\t<a href=\"https:\/\/rki.krtk.hun-ren.hu\/en\/development-concept-and-program-for-the-danube-tisza-interfluve-sand-ridge\/\" >\n\t\t\t\t\t\tDevelopment Concept and Program for the Danube-Tisza Interfluve Sand&nbsp;...\t\t\t\t\t<\/a>\n\t\t\t\t<\/h3>\n\t\t\t\t<p class=\"datetime\">\n\t\t\t\t\t\t\t\t\t\t\t<span class=\"date\">2024.06.06.<\/span>\n\t\t\t\t\t\t<span class=\"separator\">|<\/span>\n\t\t\t\t\t\t<span class=\"time\">10:43<\/span>\n\t\t\t\t\t\t\t\t\t<\/p>\n\t\t\t\t<p class=\"excrept-text\">\n\t\t\t\t\tHUN-REN KRTK RKI ATO Kecskem\u00e9t Group Submits Development Concept and Program for the Danube-Tisza Interfluve Sand Ridge\t\t\t\t<\/p>\n\t\t\t\t<a class=\"read-more\" href=\"https:\/\/rki.krtk.hun-ren.hu\/en\/development-concept-and-program-for-the-danube-tisza-interfluve-sand-ridge\/\" >\n\t\t\t\t\tRead more\t\t\t\t<\/a>\n\t\t\t<\/div>\n\t\t<\/div>\n\t\t<div class=\"row-2\">\n\t\t\t<div class=\"text\">\n\t\t\t\t<p class=\"datetime\">\n\t\t\t\t\t\t\t\t\t\t\t<span class=\"date\">2024.06.06.<\/span>\n\t\t\t\t\t\t<span class=\"separator\">|<\/span>\n\t\t\t\t\t\t<span class=\"time\">10:43<\/span>\n\t\t\t\t\t\t\t\t\t<\/p>\n\t\t\t\t<a class=\"read-more\" href=\"https:\/\/rki.krtk.hun-ren.hu\/en\/development-concept-and-program-for-the-danube-tisza-interfluve-sand-ridge\/\" >\n\t\t\t\t\tRead more\t\t\t\t<\/a>\n\t\t\t<\/div>\n\t\t<\/div>\n\t<\/div>\n\t<\/div>\n\t\t\t\t<div class=\"read-more\">\n\t\t\t\t\t\t\t\t\t\t\t<a href=\"https:\/\/rki.krtk.hun-ren.hu\/kategoria\/szakpolitika\/hazai-szakpolitikai-ajanlasok\/\">\n\t\t\t\t\t\t\t<p>\n\t\t\t\t\t\t\t\tTov\u00e1bbi cikkek\t\t\t\t\t\t\t<\/p>\n\t\t\t\t\t\t<\/a>\n\t\t\t\t\t\t\t\t\t<\/div>\n\t\t\t\t\t<\/div>\n\t\t\t\t<\/div>\n\t\t\t\t<\/div>\n\t\t\t\t\t<\/div>\n\t\t<\/div>\n\t\t\t\t\t<\/div>\n\t\t<\/section>\n\t\t\t\t<\/div>\n\t\t","protected":false},"excerpt":{"rendered":"<p>Eur\u00f3pai Uni\u00f3s szakpolitikai aj\u00e1nl\u00e1sok \u00c1ll\u00e1sfoglal\u00e1s az SSHCentre projekt keret\u00e9ben 2024.10.03. | 10:09 Eur\u00f3pai Uni\u00f3s \u00e1ll\u00e1sfoglal\u00e1s Horizon Europe projekt keret\u00e9ben Tov\u00e1bb olvasom 2024.10.03. | 10:09 Tov\u00e1bb olvasom ESCAPE \u2013 European Shrinking Rural Areas Challenges, Actions and\u00a0&#8230; 2024.10.10. | 11:30 A k\u00e9t \u00e9ves ESCAPE projekt (2019-2020) az ESPON t\u00e1mogat\u00e1s\u00e1val val\u00f3sult meg Tov\u00e1bb olvasom 2024.10.10. | 11:30 Tov\u00e1bb [&hellip;]<\/p>\n","protected":false},"author":3,"featured_media":39,"parent":0,"menu_order":0,"comment_status":"closed","ping_status":"closed","template":"","meta":{"_acf_changed":false,"inline_featured_image":false,"footnotes":"","_links_to":"","_links_to_target":""},"class_list":["post-13528","page","type-page","status-publish","has-post-thumbnail","hentry"],"acf":[],"yoast_head":"<!-- This site is optimized with the Yoast SEO plugin v27.3 - https:\/\/yoast.com\/product\/yoast-seo-wordpress\/ -->\n<title>Szakpolitika - RKI<\/title>\n<meta name=\"robots\" content=\"index, follow, max-snippet:-1, max-image-preview:large, max-video-preview:-1\" \/>\n<link rel=\"canonical\" href=\"https:\/\/rki.krtk.hun-ren.hu\/en\/szakpolitika\/\" \/>\n<meta property=\"og:locale\" content=\"en_US\" \/>\n<meta property=\"og:type\" content=\"article\" \/>\n<meta property=\"og:title\" content=\"Szakpolitika - RKI\" \/>\n<meta property=\"og:description\" content=\"Eur\u00f3pai Uni\u00f3s szakpolitikai aj\u00e1nl\u00e1sok \u00c1ll\u00e1sfoglal\u00e1s az SSHCentre projekt keret\u00e9ben 2024.10.03. | 10:09 Eur\u00f3pai Uni\u00f3s \u00e1ll\u00e1sfoglal\u00e1s Horizon Europe projekt keret\u00e9ben Tov\u00e1bb olvasom 2024.10.03. | 10:09 Tov\u00e1bb olvasom ESCAPE \u2013 European Shrinking Rural Areas Challenges, Actions and\u00a0&#8230; 2024.10.10. | 11:30 A k\u00e9t \u00e9ves ESCAPE projekt (2019-2020) az ESPON t\u00e1mogat\u00e1s\u00e1val val\u00f3sult meg Tov\u00e1bb olvasom 2024.10.10. | 11:30 Tov\u00e1bb [&hellip;]\" \/>\n<meta property=\"og:url\" content=\"https:\/\/rki.krtk.hun-ren.hu\/en\/szakpolitika\/\" \/>\n<meta property=\"og:site_name\" content=\"RKI\" \/>\n<meta property=\"article:modified_time\" content=\"2025-01-20T14:51:50+00:00\" \/>\n<meta property=\"og:image\" content=\"https:\/\/rki.krtk.hun-ren.hu\/wp-content\/uploads\/2022\/05\/placeholder.png\" \/>\n\t<meta property=\"og:image:width\" content=\"1200\" \/>\n\t<meta property=\"og:image:height\" content=\"800\" \/>\n\t<meta property=\"og:image:type\" content=\"image\/png\" \/>\n<meta name=\"twitter:card\" content=\"summary_large_image\" \/>\n<meta name=\"twitter:label1\" content=\"Est. reading time\" \/>\n\t<meta name=\"twitter:data1\" content=\"1 minute\" \/>\n<script type=\"application\/ld+json\" class=\"yoast-schema-graph\">{\"@context\":\"https:\\\/\\\/schema.org\",\"@graph\":[{\"@type\":\"WebPage\",\"@id\":\"https:\\\/\\\/rki.krtk.hun-ren.hu\\\/en\\\/szakpolitika\\\/\",\"url\":\"https:\\\/\\\/rki.krtk.hun-ren.hu\\\/en\\\/szakpolitika\\\/\",\"name\":\"Szakpolitika - RKI\",\"isPartOf\":{\"@id\":\"https:\\\/\\\/rki.krtk.hun-ren.hu\\\/#website\"},\"primaryImageOfPage\":{\"@id\":\"https:\\\/\\\/rki.krtk.hun-ren.hu\\\/en\\\/szakpolitika\\\/#primaryimage\"},\"image\":{\"@id\":\"https:\\\/\\\/rki.krtk.hun-ren.hu\\\/en\\\/szakpolitika\\\/#primaryimage\"},\"thumbnailUrl\":\"https:\\\/\\\/rki.krtk.hun-ren.hu\\\/wp-content\\\/uploads\\\/2022\\\/05\\\/placeholder.png\",\"datePublished\":\"2024-10-02T12:59:32+00:00\",\"dateModified\":\"2025-01-20T14:51:50+00:00\",\"inLanguage\":\"en-US\",\"potentialAction\":[{\"@type\":\"ReadAction\",\"target\":[\"https:\\\/\\\/rki.krtk.hun-ren.hu\\\/en\\\/szakpolitika\\\/\"]}]},{\"@type\":\"ImageObject\",\"inLanguage\":\"en-US\",\"@id\":\"https:\\\/\\\/rki.krtk.hun-ren.hu\\\/en\\\/szakpolitika\\\/#primaryimage\",\"url\":\"https:\\\/\\\/rki.krtk.hun-ren.hu\\\/wp-content\\\/uploads\\\/2022\\\/05\\\/placeholder.png\",\"contentUrl\":\"https:\\\/\\\/rki.krtk.hun-ren.hu\\\/wp-content\\\/uploads\\\/2022\\\/05\\\/placeholder.png\",\"width\":1200,\"height\":800},{\"@type\":\"WebSite\",\"@id\":\"https:\\\/\\\/rki.krtk.hun-ren.hu\\\/#website\",\"url\":\"https:\\\/\\\/rki.krtk.hun-ren.hu\\\/\",\"name\":\"RKI\",\"description\":\"Region\u00e1lis Kutat\u00e1sok Int\u00e9zete\",\"potentialAction\":[{\"@type\":\"SearchAction\",\"target\":{\"@type\":\"EntryPoint\",\"urlTemplate\":\"https:\\\/\\\/rki.krtk.hun-ren.hu\\\/?s={search_term_string}\"},\"query-input\":{\"@type\":\"PropertyValueSpecification\",\"valueRequired\":true,\"valueName\":\"search_term_string\"}}],\"inLanguage\":\"en-US\"}]}<\/script>\n<!-- \/ Yoast SEO plugin. -->","yoast_head_json":{"title":"Szakpolitika - RKI","robots":{"index":"index","follow":"follow","max-snippet":"max-snippet:-1","max-image-preview":"max-image-preview:large","max-video-preview":"max-video-preview:-1"},"canonical":"https:\/\/rki.krtk.hun-ren.hu\/en\/szakpolitika\/","og_locale":"en_US","og_type":"article","og_title":"Szakpolitika - RKI","og_description":"Eur\u00f3pai Uni\u00f3s szakpolitikai aj\u00e1nl\u00e1sok \u00c1ll\u00e1sfoglal\u00e1s az SSHCentre projekt keret\u00e9ben 2024.10.03. | 10:09 Eur\u00f3pai Uni\u00f3s \u00e1ll\u00e1sfoglal\u00e1s Horizon Europe projekt keret\u00e9ben Tov\u00e1bb olvasom 2024.10.03. | 10:09 Tov\u00e1bb olvasom ESCAPE \u2013 European Shrinking Rural Areas Challenges, Actions and\u00a0&#8230; 2024.10.10. | 11:30 A k\u00e9t \u00e9ves ESCAPE projekt (2019-2020) az ESPON t\u00e1mogat\u00e1s\u00e1val val\u00f3sult meg Tov\u00e1bb olvasom 2024.10.10. | 11:30 Tov\u00e1bb [&hellip;]","og_url":"https:\/\/rki.krtk.hun-ren.hu\/en\/szakpolitika\/","og_site_name":"RKI","article_modified_time":"2025-01-20T14:51:50+00:00","og_image":[{"width":1200,"height":800,"url":"https:\/\/rki.krtk.hun-ren.hu\/wp-content\/uploads\/2022\/05\/placeholder.png","type":"image\/png"}],"twitter_card":"summary_large_image","twitter_misc":{"Est. reading time":"1 minute"},"schema":{"@context":"https:\/\/schema.org","@graph":[{"@type":"WebPage","@id":"https:\/\/rki.krtk.hun-ren.hu\/en\/szakpolitika\/","url":"https:\/\/rki.krtk.hun-ren.hu\/en\/szakpolitika\/","name":"Szakpolitika - RKI","isPartOf":{"@id":"https:\/\/rki.krtk.hun-ren.hu\/#website"},"primaryImageOfPage":{"@id":"https:\/\/rki.krtk.hun-ren.hu\/en\/szakpolitika\/#primaryimage"},"image":{"@id":"https:\/\/rki.krtk.hun-ren.hu\/en\/szakpolitika\/#primaryimage"},"thumbnailUrl":"https:\/\/rki.krtk.hun-ren.hu\/wp-content\/uploads\/2022\/05\/placeholder.png","datePublished":"2024-10-02T12:59:32+00:00","dateModified":"2025-01-20T14:51:50+00:00","inLanguage":"en-US","potentialAction":[{"@type":"ReadAction","target":["https:\/\/rki.krtk.hun-ren.hu\/en\/szakpolitika\/"]}]},{"@type":"ImageObject","inLanguage":"en-US","@id":"https:\/\/rki.krtk.hun-ren.hu\/en\/szakpolitika\/#primaryimage","url":"https:\/\/rki.krtk.hun-ren.hu\/wp-content\/uploads\/2022\/05\/placeholder.png","contentUrl":"https:\/\/rki.krtk.hun-ren.hu\/wp-content\/uploads\/2022\/05\/placeholder.png","width":1200,"height":800},{"@type":"WebSite","@id":"https:\/\/rki.krtk.hun-ren.hu\/#website","url":"https:\/\/rki.krtk.hun-ren.hu\/","name":"RKI","description":"Region\u00e1lis Kutat\u00e1sok Int\u00e9zete","potentialAction":[{"@type":"SearchAction","target":{"@type":"EntryPoint","urlTemplate":"https:\/\/rki.krtk.hun-ren.hu\/?s={search_term_string}"},"query-input":{"@type":"PropertyValueSpecification","valueRequired":true,"valueName":"search_term_string"}}],"inLanguage":"en-US"}]}},"_links":{"self":[{"href":"https:\/\/rki.krtk.hun-ren.hu\/en\/wp-json\/wp\/v2\/pages\/13528","targetHints":{"allow":["GET"]}}],"collection":[{"href":"https:\/\/rki.krtk.hun-ren.hu\/en\/wp-json\/wp\/v2\/pages"}],"about":[{"href":"https:\/\/rki.krtk.hun-ren.hu\/en\/wp-json\/wp\/v2\/types\/page"}],"author":[{"embeddable":true,"href":"https:\/\/rki.krtk.hun-ren.hu\/en\/wp-json\/wp\/v2\/users\/3"}],"replies":[{"embeddable":true,"href":"https:\/\/rki.krtk.hun-ren.hu\/en\/wp-json\/wp\/v2\/comments?post=13528"}],"version-history":[{"count":0,"href":"https:\/\/rki.krtk.hun-ren.hu\/en\/wp-json\/wp\/v2\/pages\/13528\/revisions"}],"wp:featuredmedia":[{"embeddable":true,"href":"https:\/\/rki.krtk.hun-ren.hu\/en\/wp-json\/wp\/v2\/media\/39"}],"wp:attachment":[{"href":"https:\/\/rki.krtk.hun-ren.hu\/en\/wp-json\/wp\/v2\/media?parent=13528"}],"curies":[{"name":"wp","href":"https:\/\/api.w.org\/{rel}","templated":true}]}}