{"id":3932,"date":"2022-08-09T18:06:20","date_gmt":"2022-08-09T18:06:20","guid":{"rendered":"https:\/\/rki.krtk.hun-ren.hu\/?page_id=3932"},"modified":"2022-08-09T18:06:20","modified_gmt":"2022-08-09T18:06:20","slug":"scientific-activity-report","status":"publish","type":"page","link":"https:\/\/rki.krtk.hun-ren.hu\/en\/scientific-activity-report\/","title":{"rendered":"Scientific activity report"},"content":{"rendered":"<p id=\"ctl00_ctl00_maincontent_maincontent_contentpage_content_h1title\"><b>Institute for Regional Studies (2012-)<\/b><\/p>\n<p><a href=\"\/rkk\/research\/report_2018.pdf\">Scientific activity report \u2013 year 2018<\/a><\/p>\n<p><a href=\"\/rkk\/research\/report_2017.pdf\" target=\"_blank\" rel=\"noopener\">Scientific activity report \u2013 year 2017<\/a><\/p>\n<p><a href=\"\/rkk\/research\/report_2016.pdf\" target=\"_blank\" rel=\"noopener\">Scientific activity report \u2013 year 2016<\/a><\/p>\n<p><a href=\"\/rkk\/research\/report_2015.pdf\" target=\"_blank\" rel=\"noopener\">Scientific activity report \u2013 year 2015<\/a><\/p>\n<p><a href=\"\/rkk\/research\/report_2014.pdf\" target=\"_blank\" rel=\"noopener\">Scientific activity report \u2013 year 2014<\/a><\/p>\n<p><a href=\"\/rkk\/research\/report_2013.pdf\" target=\"_blank\" rel=\"noopener\">Scientific activity report \u2013 year 2013<\/a><\/p>\n<p><a href=\"\/rkk\/research\/report_2012.pdf\" target=\"_blank\" rel=\"noopener\">Scientific activity report \u2013 year 2012<\/a><\/p>\n<p><strong>Centre for Regional Studies (1984\u20132011)<\/strong><\/p>\n<p><a href=\"\/rkk\/research\/report_2011.pdf\" target=\"_blank\" rel=\"noopener\">Scientific activity report \u2013 year 2011<\/a><\/p>\n<p><a href=\"\/rkk\/research\/report_2010.pdf\" target=\"_blank\" rel=\"noopener\">Scientific activity report\u00a0\u2013 year 2010<\/a><\/p>\n<p><a href=\"\/rkk\/research\/report_2009.pdf\" target=\"_blank\" rel=\"noopener\">Scientific activity report\u00a0\u2013 year 2009<\/a><\/p>\n<p><a href=\"\/rkk\/research\/report_2008.pdf\" target=\"_blank\" rel=\"noopener\">Scientific activity report\u00a0\u2013 year 2008<\/a><br \/>\nScientific activity reports are translated by\u00a0<a href=\"\/en\/colleagues\/egyed-ildiko\">Ildik\u00f3 Egyed<\/a>\u00a0research fellow, revised by\u00a0<a href=\"\/en\/colleagues\/lux-gabor\">G\u00e1bor Lux\u00a0<\/a>senior research fellow.<\/p>\n","protected":false},"excerpt":{"rendered":"<p>Institute for Regional Studies (2012-) Scientific activity report \u2013 year 2018 Scientific activity report \u2013 year 2017 Scientific activity report \u2013 year 2016 Scientific activity report \u2013 year 2015 Scientific activity report \u2013 year 2014 Scientific activity report \u2013 year 2013 Scientific activity report \u2013 year 2012 Centre for Regional Studies (1984\u20132011) Scientific activity report [&hellip;]<\/p>\n","protected":false},"author":3,"featured_media":38,"parent":0,"menu_order":0,"comment_status":"closed","ping_status":"closed","template":"","meta":{"_acf_changed":false,"inline_featured_image":false,"footnotes":"","_links_to":"","_links_to_target":""},"class_list":["post-3932","page","type-page","status-publish","has-post-thumbnail","hentry"],"acf":[],"yoast_head":"<!-- This site is optimized with the Yoast SEO plugin v27.3 - https:\/\/yoast.com\/product\/yoast-seo-wordpress\/ -->\n<title>Scientific activity report - RKI<\/title>\n<meta name=\"robots\" content=\"index, follow, max-snippet:-1, max-image-preview:large, max-video-preview:-1\" \/>\n<link rel=\"canonical\" href=\"https:\/\/rki.krtk.hun-ren.hu\/en\/scientific-activity-report\/\" \/>\n<meta property=\"og:locale\" content=\"en_US\" \/>\n<meta property=\"og:type\" content=\"article\" \/>\n<meta property=\"og:title\" content=\"Scientific activity report - RKI\" \/>\n<meta property=\"og:description\" content=\"Institute for Regional Studies (2012-) Scientific activity report \u2013 year 2018 Scientific activity report \u2013 year 2017 Scientific activity report \u2013 year 2016 Scientific activity report \u2013 year 2015 Scientific activity report \u2013 year 2014 Scientific activity report \u2013 year 2013 Scientific activity report \u2013 year 2012 Centre for Regional Studies (1984\u20132011) Scientific activity report [&hellip;]\" \/>\n<meta property=\"og:url\" content=\"https:\/\/rki.krtk.hun-ren.hu\/en\/scientific-activity-report\/\" \/>\n<meta property=\"og:site_name\" content=\"RKI\" \/>\n<meta property=\"og:image\" content=\"https:\/\/rki.krtk.hun-ren.hu\/wp-content\/uploads\/2022\/05\/placeholder.png\" \/>\n\t<meta property=\"og:image:width\" content=\"1200\" \/>\n\t<meta property=\"og:image:height\" content=\"800\" \/>\n\t<meta property=\"og:image:type\" content=\"image\/png\" \/>\n<meta name=\"twitter:card\" content=\"summary_large_image\" \/>\n<meta name=\"twitter:label1\" content=\"Est. reading time\" \/>\n\t<meta name=\"twitter:data1\" content=\"1 minute\" \/>\n<script type=\"application\/ld+json\" class=\"yoast-schema-graph\">{\"@context\":\"https:\\\/\\\/schema.org\",\"@graph\":[{\"@type\":\"WebPage\",\"@id\":\"https:\\\/\\\/rki.krtk.hun-ren.hu\\\/en\\\/scientific-activity-report\\\/\",\"url\":\"https:\\\/\\\/rki.krtk.hun-ren.hu\\\/en\\\/scientific-activity-report\\\/\",\"name\":\"Scientific activity report - RKI\",\"isPartOf\":{\"@id\":\"https:\\\/\\\/rki.krtk.hun-ren.hu\\\/#website\"},\"primaryImageOfPage\":{\"@id\":\"https:\\\/\\\/rki.krtk.hun-ren.hu\\\/en\\\/scientific-activity-report\\\/#primaryimage\"},\"image\":{\"@id\":\"https:\\\/\\\/rki.krtk.hun-ren.hu\\\/en\\\/scientific-activity-report\\\/#primaryimage\"},\"thumbnailUrl\":\"https:\\\/\\\/rki.krtk.hun-ren.hu\\\/wp-content\\\/uploads\\\/2022\\\/05\\\/placeholder.png\",\"datePublished\":\"2022-08-09T18:06:20+00:00\",\"inLanguage\":\"en-US\",\"potentialAction\":[{\"@type\":\"ReadAction\",\"target\":[\"https:\\\/\\\/rki.krtk.hun-ren.hu\\\/en\\\/scientific-activity-report\\\/\"]}]},{\"@type\":\"ImageObject\",\"inLanguage\":\"en-US\",\"@id\":\"https:\\\/\\\/rki.krtk.hun-ren.hu\\\/en\\\/scientific-activity-report\\\/#primaryimage\",\"url\":\"https:\\\/\\\/rki.krtk.hun-ren.hu\\\/wp-content\\\/uploads\\\/2022\\\/05\\\/placeholder.png\",\"contentUrl\":\"https:\\\/\\\/rki.krtk.hun-ren.hu\\\/wp-content\\\/uploads\\\/2022\\\/05\\\/placeholder.png\",\"width\":1200,\"height\":800},{\"@type\":\"WebSite\",\"@id\":\"https:\\\/\\\/rki.krtk.hun-ren.hu\\\/#website\",\"url\":\"https:\\\/\\\/rki.krtk.hun-ren.hu\\\/\",\"name\":\"RKI\",\"description\":\"Region\u00e1lis Kutat\u00e1sok Int\u00e9zete\",\"potentialAction\":[{\"@type\":\"SearchAction\",\"target\":{\"@type\":\"EntryPoint\",\"urlTemplate\":\"https:\\\/\\\/rki.krtk.hun-ren.hu\\\/?s={search_term_string}\"},\"query-input\":{\"@type\":\"PropertyValueSpecification\",\"valueRequired\":true,\"valueName\":\"search_term_string\"}}],\"inLanguage\":\"en-US\"}]}<\/script>\n<!-- \/ Yoast SEO plugin. -->","yoast_head_json":{"title":"Scientific activity report - RKI","robots":{"index":"index","follow":"follow","max-snippet":"max-snippet:-1","max-image-preview":"max-image-preview:large","max-video-preview":"max-video-preview:-1"},"canonical":"https:\/\/rki.krtk.hun-ren.hu\/en\/scientific-activity-report\/","og_locale":"en_US","og_type":"article","og_title":"Scientific activity report - RKI","og_description":"Institute for Regional Studies (2012-) Scientific activity report \u2013 year 2018 Scientific activity report \u2013 year 2017 Scientific activity report \u2013 year 2016 Scientific activity report \u2013 year 2015 Scientific activity report \u2013 year 2014 Scientific activity report \u2013 year 2013 Scientific activity report \u2013 year 2012 Centre for Regional Studies (1984\u20132011) Scientific activity report [&hellip;]","og_url":"https:\/\/rki.krtk.hun-ren.hu\/en\/scientific-activity-report\/","og_site_name":"RKI","og_image":[{"width":1200,"height":800,"url":"https:\/\/rki.krtk.hun-ren.hu\/wp-content\/uploads\/2022\/05\/placeholder.png","type":"image\/png"}],"twitter_card":"summary_large_image","twitter_misc":{"Est. reading time":"1 minute"},"schema":{"@context":"https:\/\/schema.org","@graph":[{"@type":"WebPage","@id":"https:\/\/rki.krtk.hun-ren.hu\/en\/scientific-activity-report\/","url":"https:\/\/rki.krtk.hun-ren.hu\/en\/scientific-activity-report\/","name":"Scientific activity report - RKI","isPartOf":{"@id":"https:\/\/rki.krtk.hun-ren.hu\/#website"},"primaryImageOfPage":{"@id":"https:\/\/rki.krtk.hun-ren.hu\/en\/scientific-activity-report\/#primaryimage"},"image":{"@id":"https:\/\/rki.krtk.hun-ren.hu\/en\/scientific-activity-report\/#primaryimage"},"thumbnailUrl":"https:\/\/rki.krtk.hun-ren.hu\/wp-content\/uploads\/2022\/05\/placeholder.png","datePublished":"2022-08-09T18:06:20+00:00","inLanguage":"en-US","potentialAction":[{"@type":"ReadAction","target":["https:\/\/rki.krtk.hun-ren.hu\/en\/scientific-activity-report\/"]}]},{"@type":"ImageObject","inLanguage":"en-US","@id":"https:\/\/rki.krtk.hun-ren.hu\/en\/scientific-activity-report\/#primaryimage","url":"https:\/\/rki.krtk.hun-ren.hu\/wp-content\/uploads\/2022\/05\/placeholder.png","contentUrl":"https:\/\/rki.krtk.hun-ren.hu\/wp-content\/uploads\/2022\/05\/placeholder.png","width":1200,"height":800},{"@type":"WebSite","@id":"https:\/\/rki.krtk.hun-ren.hu\/#website","url":"https:\/\/rki.krtk.hun-ren.hu\/","name":"RKI","description":"Region\u00e1lis Kutat\u00e1sok Int\u00e9zete","potentialAction":[{"@type":"SearchAction","target":{"@type":"EntryPoint","urlTemplate":"https:\/\/rki.krtk.hun-ren.hu\/?s={search_term_string}"},"query-input":{"@type":"PropertyValueSpecification","valueRequired":true,"valueName":"search_term_string"}}],"inLanguage":"en-US"}]}},"_links":{"self":[{"href":"https:\/\/rki.krtk.hun-ren.hu\/en\/wp-json\/wp\/v2\/pages\/3932","targetHints":{"allow":["GET"]}}],"collection":[{"href":"https:\/\/rki.krtk.hun-ren.hu\/en\/wp-json\/wp\/v2\/pages"}],"about":[{"href":"https:\/\/rki.krtk.hun-ren.hu\/en\/wp-json\/wp\/v2\/types\/page"}],"author":[{"embeddable":true,"href":"https:\/\/rki.krtk.hun-ren.hu\/en\/wp-json\/wp\/v2\/users\/3"}],"replies":[{"embeddable":true,"href":"https:\/\/rki.krtk.hun-ren.hu\/en\/wp-json\/wp\/v2\/comments?post=3932"}],"version-history":[{"count":0,"href":"https:\/\/rki.krtk.hun-ren.hu\/en\/wp-json\/wp\/v2\/pages\/3932\/revisions"}],"wp:featuredmedia":[{"embeddable":true,"href":"https:\/\/rki.krtk.hun-ren.hu\/en\/wp-json\/wp\/v2\/media\/38"}],"wp:attachment":[{"href":"https:\/\/rki.krtk.hun-ren.hu\/en\/wp-json\/wp\/v2\/media?parent=3932"}],"curies":[{"name":"wp","href":"https:\/\/api.w.org\/{rel}","templated":true}]}}