{"id":4192,"date":"2022-07-25T12:29:50","date_gmt":"2022-07-25T10:29:50","guid":{"rendered":"https:\/\/rki.krtk.hun-ren.hu\/rolunk\/tudomanyos-tanacs\/"},"modified":"2025-01-24T11:22:39","modified_gmt":"2025-01-24T11:22:39","slug":"advisory-board","status":"publish","type":"page","link":"https:\/\/rki.krtk.hun-ren.hu\/en\/institute-for-regional-studies-national-think-tank\/advisory-board\/","title":{"rendered":"Advisory Board"},"content":{"rendered":"<h4><\/h4>\n<h4>Advisory Board of the Institute for Regional Studies (2021-2025)<\/h4>\n<h4>President:<\/h4>\n<p>L\u00e1szl\u00f3 Farag\u00f3, CSc, doctor of the HAS, research professor, Transdanubian Research Department<\/p>\n<p><img decoding=\"async\" class=\"alignnone size-full wp-image-11544\" src=\"https:\/\/rki.krtk.hun-ren.hu\/wp-content\/uploads\/2022\/08\/FaragoLaszlo-1.jpg\" alt=\"\" width=\"203\" height=\"232\" \/><\/p>\n<h4>Members:<\/h4>\n<ul>\n<li>Zolt\u00e1n G\u00e1l, CSc (geography), senior research fellow, professor, Transdanubian Research Department<\/li>\n<li>Ir\u00e9n Sz\u00f6r\u00e9nyin\u00e9 Kukorelli, DSc (geography), scientific advisor, professor, West Hungarian Research Department<\/li>\n<li>Judit Tim\u00e1r, CSc (geography), senior research fellow, Great Plain<em>\u00a0<\/em>Research Department<\/li>\n<li>Monika M\u00e1ria V\u00e1radi, CSc (sociology), senior research fellow, Central and North Hungarian Research Department<\/li>\n<\/ul>\n<h4>Advisory Board of the Institute for Regional Studies (2017-2020)<\/h4>\n<h4>President:<\/h4>\n<div>G\u00e1bor Lux<br \/>\nPhD (regional science), senior research fellow, Transdanubian Research Department<\/div>\n<h4>Members:<\/h4>\n<ul>\n<li>Zolt\u00e1n G\u00e1l, CSc (geography), senior research fellow, professor, Transdanubian Research Department<\/li>\n<li>Ir\u00e9n Sz\u00f6r\u00e9nyin\u00e9 Kukorelli, DSc (geography), scientific advisor, professor, West Hungarian Research Department<\/li>\n<li>Judit Tim\u00e1r, CSc (geography), senior research fellow, Great Plain<em>\u00a0<\/em>Research Department<\/li>\n<li>Monika M\u00e1ria V\u00e1radi, CSc (sociology), senior research fellow, Central and North Hungarian Research Department<\/li>\n<\/ul>\n","protected":false},"excerpt":{"rendered":"<p>Advisory Board of the Institute for Regional Studies (2021-2025) President: L\u00e1szl\u00f3 Farag\u00f3, CSc, doctor of the HAS, research professor, Transdanubian Research Department Members: Zolt\u00e1n G\u00e1l, CSc (geography), senior research fellow, professor, Transdanubian Research Department Ir\u00e9n Sz\u00f6r\u00e9nyin\u00e9 Kukorelli, DSc (geography), scientific advisor, professor, West Hungarian Research Department Judit Tim\u00e1r, CSc (geography), senior research fellow, Great Plain\u00a0Research [&hellip;]<\/p>\n","protected":false},"author":3,"featured_media":11544,"parent":4178,"menu_order":0,"comment_status":"closed","ping_status":"closed","template":"","meta":{"_acf_changed":false,"inline_featured_image":false,"footnotes":"","_links_to":"","_links_to_target":""},"class_list":["post-4192","page","type-page","status-publish","has-post-thumbnail","hentry"],"acf":[],"yoast_head":"<!-- This site is optimized with the Yoast SEO plugin v27.3 - https:\/\/yoast.com\/product\/yoast-seo-wordpress\/ -->\n<title>Advisory Board - RKI<\/title>\n<meta name=\"robots\" content=\"index, follow, max-snippet:-1, max-image-preview:large, max-video-preview:-1\" \/>\n<link rel=\"canonical\" href=\"https:\/\/rki.krtk.hun-ren.hu\/en\/institute-for-regional-studies-national-think-tank\/advisory-board\/\" \/>\n<meta property=\"og:locale\" content=\"en_US\" \/>\n<meta property=\"og:type\" content=\"article\" \/>\n<meta property=\"og:title\" content=\"Advisory Board - RKI\" \/>\n<meta property=\"og:description\" content=\"Advisory Board of the Institute for Regional Studies (2021-2025) President: L\u00e1szl\u00f3 Farag\u00f3, CSc, doctor of the HAS, research professor, Transdanubian Research Department Members: Zolt\u00e1n G\u00e1l, CSc (geography), senior research fellow, professor, Transdanubian Research Department Ir\u00e9n Sz\u00f6r\u00e9nyin\u00e9 Kukorelli, DSc (geography), scientific advisor, professor, West Hungarian Research Department Judit Tim\u00e1r, CSc (geography), senior research fellow, Great Plain\u00a0Research [&hellip;]\" \/>\n<meta property=\"og:url\" content=\"https:\/\/rki.krtk.hun-ren.hu\/en\/institute-for-regional-studies-national-think-tank\/advisory-board\/\" \/>\n<meta property=\"og:site_name\" content=\"RKI\" \/>\n<meta property=\"article:modified_time\" content=\"2025-01-24T11:22:39+00:00\" \/>\n<meta property=\"og:image\" content=\"https:\/\/rki.krtk.hun-ren.hu\/wp-content\/uploads\/2022\/08\/FaragoLaszlo-1.jpg\" \/>\n\t<meta property=\"og:image:width\" content=\"203\" \/>\n\t<meta property=\"og:image:height\" content=\"232\" \/>\n\t<meta property=\"og:image:type\" content=\"image\/jpeg\" \/>\n<meta name=\"twitter:card\" content=\"summary_large_image\" \/>\n<meta name=\"twitter:label1\" content=\"Est. reading time\" \/>\n\t<meta name=\"twitter:data1\" content=\"2 minutes\" \/>\n<script type=\"application\/ld+json\" class=\"yoast-schema-graph\">{\"@context\":\"https:\\\/\\\/schema.org\",\"@graph\":[{\"@type\":\"WebPage\",\"@id\":\"https:\\\/\\\/rki.krtk.hun-ren.hu\\\/en\\\/institute-for-regional-studies-national-think-tank\\\/advisory-board\\\/\",\"url\":\"https:\\\/\\\/rki.krtk.hun-ren.hu\\\/en\\\/institute-for-regional-studies-national-think-tank\\\/advisory-board\\\/\",\"name\":\"Advisory Board - RKI\",\"isPartOf\":{\"@id\":\"https:\\\/\\\/rki.krtk.hun-ren.hu\\\/#website\"},\"primaryImageOfPage\":{\"@id\":\"https:\\\/\\\/rki.krtk.hun-ren.hu\\\/en\\\/institute-for-regional-studies-national-think-tank\\\/advisory-board\\\/#primaryimage\"},\"image\":{\"@id\":\"https:\\\/\\\/rki.krtk.hun-ren.hu\\\/en\\\/institute-for-regional-studies-national-think-tank\\\/advisory-board\\\/#primaryimage\"},\"thumbnailUrl\":\"https:\\\/\\\/rki.krtk.hun-ren.hu\\\/wp-content\\\/uploads\\\/2022\\\/08\\\/FaragoLaszlo-1.jpg\",\"datePublished\":\"2022-07-25T10:29:50+00:00\",\"dateModified\":\"2025-01-24T11:22:39+00:00\",\"breadcrumb\":{\"@id\":\"https:\\\/\\\/rki.krtk.hun-ren.hu\\\/en\\\/institute-for-regional-studies-national-think-tank\\\/advisory-board\\\/#breadcrumb\"},\"inLanguage\":\"en-US\",\"potentialAction\":[{\"@type\":\"ReadAction\",\"target\":[\"https:\\\/\\\/rki.krtk.hun-ren.hu\\\/en\\\/institute-for-regional-studies-national-think-tank\\\/advisory-board\\\/\"]}]},{\"@type\":\"ImageObject\",\"inLanguage\":\"en-US\",\"@id\":\"https:\\\/\\\/rki.krtk.hun-ren.hu\\\/en\\\/institute-for-regional-studies-national-think-tank\\\/advisory-board\\\/#primaryimage\",\"url\":\"https:\\\/\\\/rki.krtk.hun-ren.hu\\\/wp-content\\\/uploads\\\/2022\\\/08\\\/FaragoLaszlo-1.jpg\",\"contentUrl\":\"https:\\\/\\\/rki.krtk.hun-ren.hu\\\/wp-content\\\/uploads\\\/2022\\\/08\\\/FaragoLaszlo-1.jpg\",\"width\":203,\"height\":232},{\"@type\":\"BreadcrumbList\",\"@id\":\"https:\\\/\\\/rki.krtk.hun-ren.hu\\\/en\\\/institute-for-regional-studies-national-think-tank\\\/advisory-board\\\/#breadcrumb\",\"itemListElement\":[{\"@type\":\"ListItem\",\"position\":1,\"name\":\"The institute\",\"item\":\"https:\\\/\\\/rki.krtk.hun-ren.hu\\\/en\\\/institute-for-regional-studies-national-think-tank\\\/\"},{\"@type\":\"ListItem\",\"position\":2,\"name\":\"Advisory Board\"}]},{\"@type\":\"WebSite\",\"@id\":\"https:\\\/\\\/rki.krtk.hun-ren.hu\\\/#website\",\"url\":\"https:\\\/\\\/rki.krtk.hun-ren.hu\\\/\",\"name\":\"RKI\",\"description\":\"Region\u00e1lis Kutat\u00e1sok Int\u00e9zete\",\"potentialAction\":[{\"@type\":\"SearchAction\",\"target\":{\"@type\":\"EntryPoint\",\"urlTemplate\":\"https:\\\/\\\/rki.krtk.hun-ren.hu\\\/?s={search_term_string}\"},\"query-input\":{\"@type\":\"PropertyValueSpecification\",\"valueRequired\":true,\"valueName\":\"search_term_string\"}}],\"inLanguage\":\"en-US\"}]}<\/script>\n<!-- \/ Yoast SEO plugin. -->","yoast_head_json":{"title":"Advisory Board - RKI","robots":{"index":"index","follow":"follow","max-snippet":"max-snippet:-1","max-image-preview":"max-image-preview:large","max-video-preview":"max-video-preview:-1"},"canonical":"https:\/\/rki.krtk.hun-ren.hu\/en\/institute-for-regional-studies-national-think-tank\/advisory-board\/","og_locale":"en_US","og_type":"article","og_title":"Advisory Board - RKI","og_description":"Advisory Board of the Institute for Regional Studies (2021-2025) President: L\u00e1szl\u00f3 Farag\u00f3, CSc, doctor of the HAS, research professor, Transdanubian Research Department Members: Zolt\u00e1n G\u00e1l, CSc (geography), senior research fellow, professor, Transdanubian Research Department Ir\u00e9n Sz\u00f6r\u00e9nyin\u00e9 Kukorelli, DSc (geography), scientific advisor, professor, West Hungarian Research Department Judit Tim\u00e1r, CSc (geography), senior research fellow, Great Plain\u00a0Research [&hellip;]","og_url":"https:\/\/rki.krtk.hun-ren.hu\/en\/institute-for-regional-studies-national-think-tank\/advisory-board\/","og_site_name":"RKI","article_modified_time":"2025-01-24T11:22:39+00:00","og_image":[{"width":203,"height":232,"url":"https:\/\/rki.krtk.hun-ren.hu\/wp-content\/uploads\/2022\/08\/FaragoLaszlo-1.jpg","type":"image\/jpeg"}],"twitter_card":"summary_large_image","twitter_misc":{"Est. reading time":"2 minutes"},"schema":{"@context":"https:\/\/schema.org","@graph":[{"@type":"WebPage","@id":"https:\/\/rki.krtk.hun-ren.hu\/en\/institute-for-regional-studies-national-think-tank\/advisory-board\/","url":"https:\/\/rki.krtk.hun-ren.hu\/en\/institute-for-regional-studies-national-think-tank\/advisory-board\/","name":"Advisory Board - RKI","isPartOf":{"@id":"https:\/\/rki.krtk.hun-ren.hu\/#website"},"primaryImageOfPage":{"@id":"https:\/\/rki.krtk.hun-ren.hu\/en\/institute-for-regional-studies-national-think-tank\/advisory-board\/#primaryimage"},"image":{"@id":"https:\/\/rki.krtk.hun-ren.hu\/en\/institute-for-regional-studies-national-think-tank\/advisory-board\/#primaryimage"},"thumbnailUrl":"https:\/\/rki.krtk.hun-ren.hu\/wp-content\/uploads\/2022\/08\/FaragoLaszlo-1.jpg","datePublished":"2022-07-25T10:29:50+00:00","dateModified":"2025-01-24T11:22:39+00:00","breadcrumb":{"@id":"https:\/\/rki.krtk.hun-ren.hu\/en\/institute-for-regional-studies-national-think-tank\/advisory-board\/#breadcrumb"},"inLanguage":"en-US","potentialAction":[{"@type":"ReadAction","target":["https:\/\/rki.krtk.hun-ren.hu\/en\/institute-for-regional-studies-national-think-tank\/advisory-board\/"]}]},{"@type":"ImageObject","inLanguage":"en-US","@id":"https:\/\/rki.krtk.hun-ren.hu\/en\/institute-for-regional-studies-national-think-tank\/advisory-board\/#primaryimage","url":"https:\/\/rki.krtk.hun-ren.hu\/wp-content\/uploads\/2022\/08\/FaragoLaszlo-1.jpg","contentUrl":"https:\/\/rki.krtk.hun-ren.hu\/wp-content\/uploads\/2022\/08\/FaragoLaszlo-1.jpg","width":203,"height":232},{"@type":"BreadcrumbList","@id":"https:\/\/rki.krtk.hun-ren.hu\/en\/institute-for-regional-studies-national-think-tank\/advisory-board\/#breadcrumb","itemListElement":[{"@type":"ListItem","position":1,"name":"The institute","item":"https:\/\/rki.krtk.hun-ren.hu\/en\/institute-for-regional-studies-national-think-tank\/"},{"@type":"ListItem","position":2,"name":"Advisory Board"}]},{"@type":"WebSite","@id":"https:\/\/rki.krtk.hun-ren.hu\/#website","url":"https:\/\/rki.krtk.hun-ren.hu\/","name":"RKI","description":"Region\u00e1lis Kutat\u00e1sok Int\u00e9zete","potentialAction":[{"@type":"SearchAction","target":{"@type":"EntryPoint","urlTemplate":"https:\/\/rki.krtk.hun-ren.hu\/?s={search_term_string}"},"query-input":{"@type":"PropertyValueSpecification","valueRequired":true,"valueName":"search_term_string"}}],"inLanguage":"en-US"}]}},"_links":{"self":[{"href":"https:\/\/rki.krtk.hun-ren.hu\/en\/wp-json\/wp\/v2\/pages\/4192","targetHints":{"allow":["GET"]}}],"collection":[{"href":"https:\/\/rki.krtk.hun-ren.hu\/en\/wp-json\/wp\/v2\/pages"}],"about":[{"href":"https:\/\/rki.krtk.hun-ren.hu\/en\/wp-json\/wp\/v2\/types\/page"}],"author":[{"embeddable":true,"href":"https:\/\/rki.krtk.hun-ren.hu\/en\/wp-json\/wp\/v2\/users\/3"}],"replies":[{"embeddable":true,"href":"https:\/\/rki.krtk.hun-ren.hu\/en\/wp-json\/wp\/v2\/comments?post=4192"}],"version-history":[{"count":0,"href":"https:\/\/rki.krtk.hun-ren.hu\/en\/wp-json\/wp\/v2\/pages\/4192\/revisions"}],"up":[{"embeddable":true,"href":"https:\/\/rki.krtk.hun-ren.hu\/en\/wp-json\/wp\/v2\/pages\/4178"}],"wp:featuredmedia":[{"embeddable":true,"href":"https:\/\/rki.krtk.hun-ren.hu\/en\/wp-json\/wp\/v2\/media\/11544"}],"wp:attachment":[{"href":"https:\/\/rki.krtk.hun-ren.hu\/en\/wp-json\/wp\/v2\/media?parent=4192"}],"curies":[{"name":"wp","href":"https:\/\/api.w.org\/{rel}","templated":true}]}}