{"id":4218,"date":"2022-05-31T10:48:42","date_gmt":"2022-05-31T10:48:42","guid":{"rendered":"https:\/\/rki.krtk.hun-ren.hu\/kommunikacio\/"},"modified":"2023-01-18T10:43:50","modified_gmt":"2023-01-18T10:43:50","slug":"communication","status":"publish","type":"page","link":"https:\/\/rki.krtk.hun-ren.hu\/en\/communication\/","title":{"rendered":"Communication"},"content":{"rendered":"\t\t<div data-elementor-type=\"wp-page\" data-elementor-id=\"4218\" class=\"elementor elementor-4218 elementor-355\" data-elementor-post-type=\"page\">\n\t\t\t\t\t\t<section class=\"elementor-section elementor-top-section elementor-element elementor-element-19cd0c6 elementor-section-boxed elementor-section-height-default elementor-section-height-default\" data-id=\"19cd0c6\" data-element_type=\"section\" data-e-type=\"section\">\n\t\t\t\t\t\t<div class=\"elementor-container elementor-column-gap-custom\">\n\t\t\t\t\t<div class=\"elementor-column elementor-col-50 elementor-top-column elementor-element elementor-element-5e7331c\" data-id=\"5e7331c\" data-element_type=\"column\" data-e-type=\"column\">\n\t\t\t<div class=\"elementor-widget-wrap elementor-element-populated\">\n\t\t\t\t\t\t<div class=\"elementor-element elementor-element-0ffb99c blue-title elementor-widget elementor-widget-heading\" data-id=\"0ffb99c\" data-element_type=\"widget\" data-e-type=\"widget\" data-widget_type=\"heading.default\">\n\t\t\t\t<div class=\"elementor-widget-container\">\n\t\t\t\t\t<h2 class=\"elementor-heading-title elementor-size-default\">Press<\/h2>\t\t\t\t<\/div>\n\t\t\t\t<\/div>\n\t\t\t\t<div class=\"elementor-element elementor-element-9bb752e elementor-widget elementor-widget-homepage_news\" data-id=\"9bb752e\" data-element_type=\"widget\" data-e-type=\"widget\" data-widget_type=\"homepage_news.default\">\n\t\t\t\t<div class=\"elementor-widget-container\">\n\t\t\t\t\t\t\t<div class=\"posts-box \n\t\t \n\t\t\t\t\t\t\t\t\">\n\t\t\t\t<div class=\"post-items posts-2-column\">\n\t\t\t<div class=\"post-item\">\n\t\t<div class=\"row-1\">\n\t\t\t<a class=\"image\" href=\"https:\/\/rki.krtk.hun-ren.hu\/en\/is-a-balanced-entrepreneurial-ecosystem-essential-for-success\/\" >\n\t\t\t\t<div class=\"image-wrapper\">\n\t\t\t\t\t<img fetchpriority=\"high\" decoding=\"async\" width=\"300\" height=\"201\" src=\"https:\/\/rki.krtk.hun-ren.hu\/wp-content\/uploads\/2024\/11\/andrea-boldizsar-BwgKUh9tN84-unsplash-300x201.jpg\" class=\"attachment-loop-thumbnail size-loop-thumbnail wp-post-image\" alt=\"\" srcset=\"https:\/\/rki.krtk.hun-ren.hu\/wp-content\/uploads\/2024\/11\/andrea-boldizsar-BwgKUh9tN84-unsplash-300x201.jpg 300w, https:\/\/rki.krtk.hun-ren.hu\/wp-content\/uploads\/2024\/11\/andrea-boldizsar-BwgKUh9tN84-unsplash-1024x687.jpg 1024w, https:\/\/rki.krtk.hun-ren.hu\/wp-content\/uploads\/2024\/11\/andrea-boldizsar-BwgKUh9tN84-unsplash-768x516.jpg 768w, https:\/\/rki.krtk.hun-ren.hu\/wp-content\/uploads\/2024\/11\/andrea-boldizsar-BwgKUh9tN84-unsplash-1536x1031.jpg 1536w, https:\/\/rki.krtk.hun-ren.hu\/wp-content\/uploads\/2024\/11\/andrea-boldizsar-BwgKUh9tN84-unsplash.jpg 1920w\" sizes=\"(max-width: 300px) 100vw, 300px\" \/>\t\t\t\t<\/div>\n\t\t\t<\/a>\n\t\t\t<div class=\"text\">\n\t\t\t\t<h3 class=\"title\">\n\t\t\t\t\t<a href=\"https:\/\/rki.krtk.hun-ren.hu\/en\/is-a-balanced-entrepreneurial-ecosystem-essential-for-success\/\" >\n\t\t\t\t\t\tIs a Balanced Entrepreneurial Ecosystem Essential for Success?\t\t\t\t\t<\/a>\n\t\t\t\t<\/h3>\n\t\t\t\t<p class=\"datetime\">\n\t\t\t\t\t\t\t\t\t\t\t<span class=\"date\">2024.11.15.<\/span>\n\t\t\t\t\t\t<span class=\"separator\">|<\/span>\n\t\t\t\t\t\t<span class=\"time\">13:27<\/span>\n\t\t\t\t\t\t\t\t\t<\/p>\n\t\t\t\t<p class=\"excrept-text\">\n\t\t\t\t\tA European Analysis by Bal\u00e1zs P\u00e1ger - New post on our science blog \t\t\t\t<\/p>\n\t\t\t\t<a class=\"read-more\" href=\"https:\/\/rki.krtk.hun-ren.hu\/en\/is-a-balanced-entrepreneurial-ecosystem-essential-for-success\/\" >\n\t\t\t\t\tRead more\t\t\t\t<\/a>\n\t\t\t<\/div>\n\t\t<\/div>\n\t\t<div class=\"row-2\">\n\t\t\t<div class=\"text\">\n\t\t\t\t<p class=\"datetime\">\n\t\t\t\t\t\t\t\t\t\t\t<span class=\"date\">2024.11.15.<\/span>\n\t\t\t\t\t\t<span class=\"separator\">|<\/span>\n\t\t\t\t\t\t<span class=\"time\">13:27<\/span>\n\t\t\t\t\t\t\t\t\t<\/p>\n\t\t\t\t<a class=\"read-more\" href=\"https:\/\/rki.krtk.hun-ren.hu\/en\/is-a-balanced-entrepreneurial-ecosystem-essential-for-success\/\" >\n\t\t\t\t\tRead more\t\t\t\t<\/a>\n\t\t\t<\/div>\n\t\t<\/div>\n\t<\/div>\n\t<\/div>\n\t\t\t\t<div class=\"read-more\">\n\t\t\t\t\t\t\t\t\t\t\t<a href=\"https:\/\/rki.krtk.hun-ren.hu\/kategoria\/kommunikacio\/sajtoszoba\/\">\n\t\t\t\t\t\t\t<p>\n\t\t\t\t\t\t\t\tMore articles\t\t\t\t\t\t\t<\/p>\n\t\t\t\t\t\t<\/a>\n\t\t\t\t\t\t\t\t\t<\/div>\n\t\t\t\t\t<\/div>\n\t\t\t\t<\/div>\n\t\t\t\t<\/div>\n\t\t\t\t\t<\/div>\n\t\t<\/div>\n\t\t\t\t<div class=\"elementor-column elementor-col-50 elementor-top-column elementor-element elementor-element-662b4f3\" data-id=\"662b4f3\" data-element_type=\"column\" data-e-type=\"column\">\n\t\t\t<div class=\"elementor-widget-wrap elementor-element-populated\">\n\t\t\t\t\t\t<div class=\"elementor-element elementor-element-c4b869b elementor-widget elementor-widget-calendar\" data-id=\"c4b869b\" data-element_type=\"widget\" data-e-type=\"widget\" data-widget_type=\"calendar.default\">\n\t\t\t\t<div class=\"elementor-widget-container\">\n\t\t\t\t\t\t<div class=\"calendar-container\" ajaxurl=\"https:\/\/krtk.hun-ren.hu\/wp-admin\/admin-ajax.php\" locale=\"en_US\">\n\t\t<div class=\"calendar-content\">\n\t\t\t<div class=\"column-left\">\n\t\t\t\t<p class=\"big-year\">2026<\/p>\n\t\t\t\t<p class=\"big-month\">Apr<\/p>\n\t\t\t\t<p class=\"big-day\">21<\/p>\n\t\t\t<\/div>\n\t\t\t<div class=\"column-right\">\n\t\t\t\t<div class=\"calendar-grid\">\n\t\t\t\t\t\t\t\t\t\t\t<p class=\"calendar-grid-item day-name\">M<\/p>\n\t\t\t\t\t\t\t\t\t\t\t<p class=\"calendar-grid-item day-name\">T<\/p>\n\t\t\t\t\t\t\t\t\t\t\t<p class=\"calendar-grid-item day-name\">W<\/p>\n\t\t\t\t\t\t\t\t\t\t\t<p class=\"calendar-grid-item day-name\">T<\/p>\n\t\t\t\t\t\t\t\t\t\t\t<p class=\"calendar-grid-item day-name\">F<\/p>\n\t\t\t\t\t\t\t\t\t\t\t<p class=\"calendar-grid-item day-name\">S<\/p>\n\t\t\t\t\t\t\t\t\t\t\t<p class=\"calendar-grid-item day-name\">S<\/p>\n\t\t\t\t\t\t\t\t\t\t<div class=\"calendar-grid-item previous-month\"><p class=\"day-circle\">30<\/p><\/div><div class=\"calendar-grid-item previous-month\"><p class=\"day-circle\">31<\/p><\/div><div class=\"calendar-grid-item current-month\"><p class=\"day-circle\">1<\/p><\/div><div class=\"calendar-grid-item current-month\"><p class=\"day-circle\">2<\/p><\/div><div class=\"calendar-grid-item current-month\"><p class=\"day-circle\">3<\/p><\/div><div class=\"calendar-grid-item current-month\"><p class=\"day-circle\">4<\/p><\/div><div class=\"calendar-grid-item current-month\"><p class=\"day-circle\">5<\/p><\/div><div class=\"calendar-grid-item current-month\"><p class=\"day-circle\">6<\/p><\/div><div class=\"calendar-grid-item current-month\"><p class=\"day-circle\">7<\/p><\/div><div class=\"calendar-grid-item current-month\"><p class=\"day-circle\">8<\/p><\/div><div class=\"calendar-grid-item current-month\"><p class=\"day-circle\">9<\/p><\/div><div class=\"calendar-grid-item current-month\"><p class=\"day-circle\">10<\/p><\/div><div class=\"calendar-grid-item current-month\"><p class=\"day-circle\">11<\/p><\/div><div class=\"calendar-grid-item current-month\"><p class=\"day-circle\">12<\/p><\/div><div class=\"calendar-grid-item current-month\"><p class=\"day-circle\">13<\/p><\/div><div class=\"calendar-grid-item current-month\"><p class=\"day-circle\">14<\/p><\/div><div class=\"calendar-grid-item current-month\"><p class=\"day-circle\">15<\/p><\/div><div class=\"calendar-grid-item current-month\"><p class=\"day-circle\">16<\/p><\/div><div class=\"calendar-grid-item current-month\"><p class=\"day-circle\">17<\/p><\/div><div class=\"calendar-grid-item current-month\"><p class=\"day-circle\">18<\/p><\/div><div class=\"calendar-grid-item current-month\"><p class=\"day-circle\">19<\/p><\/div><div class=\"calendar-grid-item current-month\"><p class=\"day-circle\">20<\/p><\/div><div class=\"calendar-grid-item current-month current-day\"><p class=\"day-circle\">21<\/p><\/div><div class=\"calendar-grid-item current-month\"><p class=\"day-circle\">22<\/p><\/div><div class=\"calendar-grid-item current-month\"><p class=\"day-circle\">23<\/p><\/div><div class=\"calendar-grid-item current-month\"><p class=\"day-circle\">24<\/p><\/div><div class=\"calendar-grid-item current-month\"><p class=\"day-circle\">25<\/p><\/div><div class=\"calendar-grid-item current-month\"><p class=\"day-circle\">26<\/p><\/div><div class=\"calendar-grid-item current-month\"><p class=\"day-circle\">27<\/p><\/div><div class=\"calendar-grid-item current-month\"><p class=\"day-circle\">28<\/p><\/div><div class=\"calendar-grid-item current-month\"><p class=\"day-circle\">29<\/p><\/div><div class=\"calendar-grid-item current-month\"><p class=\"day-circle\">30<\/p><\/div><div class=\"calendar-grid-item next-month\"><p class=\"day-circle\">1<\/p><\/div><div class=\"calendar-grid-item next-month\"><p class=\"day-circle\">2<\/p><\/div><div class=\"calendar-grid-item next-month\"><p class=\"day-circle\">3<\/p><\/div>\t\t\t\t<\/div>\n\t\t\t<\/div>\n\t\t<\/div>\n\t\t<div class=\"calendar-navigation\">\n\t\t\t\t\t\t\t\t<span class=\"change-month next-month\" year=\"2026\" month=\"05\">\n\t\t\t\t\t\tNext month >\n\t\t\t\t\t<\/span>\n\t\t<\/div>\n\t\t<div class=\"loading-overlay hide\"><\/div>\n\t<\/div>\n\t\t\t\t<\/div>\n\t\t\t\t<\/div>\n\t\t\t\t<div class=\"elementor-element elementor-element-c68d7cf blue-title blue-divider elementor-widget elementor-widget-heading\" data-id=\"c68d7cf\" data-element_type=\"widget\" data-e-type=\"widget\" data-widget_type=\"heading.default\">\n\t\t\t\t<div class=\"elementor-widget-container\">\n\t\t\t\t\t<span class=\"elementor-heading-title elementor-size-default\">a<\/span>\t\t\t\t<\/div>\n\t\t\t\t<\/div>\n\t\t\t\t\t<\/div>\n\t\t<\/div>\n\t\t\t\t\t<\/div>\n\t\t<\/section>\n\t\t\t\t<section class=\"elementor-section elementor-top-section elementor-element elementor-element-6668bc4 elementor-section-boxed elementor-section-height-default elementor-section-height-default\" data-id=\"6668bc4\" data-element_type=\"section\" data-e-type=\"section\">\n\t\t\t\t\t\t<div class=\"elementor-container elementor-column-gap-custom\">\n\t\t\t\t\t<div class=\"elementor-column elementor-col-50 elementor-top-column elementor-element elementor-element-f2e7843\" data-id=\"f2e7843\" data-element_type=\"column\" data-e-type=\"column\">\n\t\t\t<div class=\"elementor-widget-wrap elementor-element-populated\">\n\t\t\t\t\t\t<div class=\"elementor-element elementor-element-696d025 blue-title elementor-widget elementor-widget-heading\" data-id=\"696d025\" data-element_type=\"widget\" data-e-type=\"widget\" data-widget_type=\"heading.default\">\n\t\t\t\t<div class=\"elementor-widget-container\">\n\t\t\t\t\t<h2 class=\"elementor-heading-title elementor-size-default\">social media<\/h2>\t\t\t\t<\/div>\n\t\t\t\t<\/div>\n\t\t\t\t<div class=\"elementor-element elementor-element-588c7e8 elementor-widget elementor-widget-homepage_news\" data-id=\"588c7e8\" data-element_type=\"widget\" data-e-type=\"widget\" data-widget_type=\"homepage_news.default\">\n\t\t\t\t<div class=\"elementor-widget-container\">\n\t\t\t\t\t\t\t<div class=\"posts-box \n\t\t \n\t\t\t\t\t\t\t\t\">\n\t\t\t\t<div class=\"post-items posts-1-column\">\n\t\t\t<div class=\"post-item\">\n\t\t<div class=\"row-1\">\n\t\t\t<a class=\"image\" href=\"https:\/\/krtk.hu\/kategoria\/absztrakt\/\" target='_blank'>\n\t\t\t\t<div class=\"image-wrapper\">\n\t\t\t\t\t<img decoding=\"async\" width=\"300\" height=\"200\" src=\"https:\/\/rki.krtk.hun-ren.hu\/wp-content\/uploads\/2022\/05\/placeholder.png\" class=\"attachment-loop-thumbnail size-loop-thumbnail wp-post-image\" alt=\"\" srcset=\"https:\/\/rki.krtk.hun-ren.hu\/wp-content\/uploads\/2022\/05\/placeholder.png 1200w, https:\/\/rki.krtk.hun-ren.hu\/wp-content\/uploads\/2022\/05\/placeholder-300x200.png 300w, https:\/\/rki.krtk.hun-ren.hu\/wp-content\/uploads\/2022\/05\/placeholder-1024x683.png 1024w, https:\/\/rki.krtk.hun-ren.hu\/wp-content\/uploads\/2022\/05\/placeholder-768x512.png 768w\" sizes=\"(max-width: 300px) 100vw, 300px\" \/>\t\t\t\t<\/div>\n\t\t\t<\/a>\n\t\t\t<div class=\"text\">\n\t\t\t\t<h3 class=\"title\">\n\t\t\t\t\t<a href=\"https:\/\/krtk.hu\/kategoria\/absztrakt\/\" target='_blank'>\n\t\t\t\t\t\tKRTK Newsletter\t\t\t\t\t<\/a>\n\t\t\t\t<\/h3>\n\t\t\t\t<p class=\"datetime\">\n\t\t\t\t\t\t\t\t\t\t\t<span class=\"date\">2022.07.13.<\/span>\n\t\t\t\t\t\t<span class=\"separator\">|<\/span>\n\t\t\t\t\t\t<span class=\"time\">15:37<\/span>\n\t\t\t\t\t\t\t\t\t<\/p>\n\t\t\t\t<p class=\"excrept-text\">\n\t\t\t\t\t\t\t\t\t<\/p>\n\t\t\t\t<a class=\"read-more\" href=\"https:\/\/krtk.hu\/kategoria\/absztrakt\/\" target='_blank'>\n\t\t\t\t\tRead more\t\t\t\t<\/a>\n\t\t\t<\/div>\n\t\t<\/div>\n\t\t<div class=\"row-2\">\n\t\t\t<div class=\"text\">\n\t\t\t\t<p class=\"datetime\">\n\t\t\t\t\t\t\t\t\t\t\t<span class=\"date\">2022.07.13.<\/span>\n\t\t\t\t\t\t<span class=\"separator\">|<\/span>\n\t\t\t\t\t\t<span class=\"time\">15:37<\/span>\n\t\t\t\t\t\t\t\t\t<\/p>\n\t\t\t\t<a class=\"read-more\" href=\"https:\/\/krtk.hu\/kategoria\/absztrakt\/\" target='_blank'>\n\t\t\t\t\tRead more\t\t\t\t<\/a>\n\t\t\t<\/div>\n\t\t<\/div>\n\t<\/div>\n\t<\/div>\n\t\t\t\t<div class=\"read-more\">\n\t\t\t\t\t\t\t\t\t\t\t<a href=\"https:\/\/krtk.hu\/kategoria\/absztrakt\/\" target=\"_blank\">\n\t\t\t\t\t\t\t<p>\n\t\t\t\t\t\t\t\tMore\t\t\t\t\t\t\t<\/p>\n\t\t\t\t\t\t<\/a>\n\t\t\t\t\t\t\t\t\t<\/div>\n\t\t\t\t\t<\/div>\n\t\t\t\t<\/div>\n\t\t\t\t<\/div>\n\t\t\t\t\t<\/div>\n\t\t<\/div>\n\t\t\t\t<div class=\"elementor-column elementor-col-50 elementor-top-column elementor-element elementor-element-647bb60\" data-id=\"647bb60\" data-element_type=\"column\" data-e-type=\"column\">\n\t\t\t<div class=\"elementor-widget-wrap elementor-element-populated\">\n\t\t\t\t\t\t<div class=\"elementor-element elementor-element-8017575 blue-title elementor-widget elementor-widget-heading\" data-id=\"8017575\" data-element_type=\"widget\" data-e-type=\"widget\" data-widget_type=\"heading.default\">\n\t\t\t\t<div class=\"elementor-widget-container\">\n\t\t\t\t\t<h2 class=\"elementor-heading-title elementor-size-default\">Blog articles<\/h2>\t\t\t\t<\/div>\n\t\t\t\t<\/div>\n\t\t\t\t<div class=\"elementor-element elementor-element-1661afb elementor-widget elementor-widget-homepage_news\" data-id=\"1661afb\" data-element_type=\"widget\" data-e-type=\"widget\" data-widget_type=\"homepage_news.default\">\n\t\t\t\t<div class=\"elementor-widget-container\">\n\t\t\t\t\t\t\t<div class=\"posts-box \n\t\t \n\t\t\t\t\t\t\t\t\">\n\t\t\t\t<div class=\"post-items posts-2-column\">\n\t\t\t<\/div>\n\t\t\t\t<div class=\"read-more\">\n\t\t\t\t\t\t\t\t\t\t\t<a href=\"https:\/\/rki.krtk.hun-ren.hu\/kategoria\/kommunikacio\/blog\/\">\n\t\t\t\t\t\t\t<p>\n\t\t\t\t\t\t\t\tMore blog articles\t\t\t\t\t\t\t<\/p>\n\t\t\t\t\t\t<\/a>\n\t\t\t\t\t\t\t\t\t<\/div>\n\t\t\t\t\t<\/div>\n\t\t\t\t<\/div>\n\t\t\t\t<\/div>\n\t\t\t\t\t<\/div>\n\t\t<\/div>\n\t\t\t\t\t<\/div>\n\t\t<\/section>\n\t\t\t\t<\/div>\n\t\t","protected":false},"excerpt":{"rendered":"<p>Press R\u00f3lunk \u00edrt\u00e1k 2022.07.13. | 15:36 Tov\u00e1bb olvasom 2022.07.13. | 15:36 Tov\u00e1bb olvasom More articles 2023 Jan 18 H K Sz Cs P Sz V 26 27 28 29 30 31 1 2 3 4 5 6 7 8 9 10 11 12 13 14 15 16 17 18 19 20 21 22 23 24 [&hellip;]<\/p>\n","protected":false},"author":3,"featured_media":39,"parent":0,"menu_order":0,"comment_status":"closed","ping_status":"closed","template":"","meta":{"_acf_changed":false,"inline_featured_image":false,"footnotes":"","_links_to":"","_links_to_target":""},"class_list":["post-4218","page","type-page","status-publish","has-post-thumbnail","hentry"],"acf":[],"yoast_head":"<!-- This site is optimized with the Yoast SEO plugin v27.3 - https:\/\/yoast.com\/product\/yoast-seo-wordpress\/ -->\n<title>Communication - RKI<\/title>\n<meta name=\"robots\" content=\"index, follow, max-snippet:-1, max-image-preview:large, max-video-preview:-1\" \/>\n<link rel=\"canonical\" href=\"https:\/\/rki.krtk.hun-ren.hu\/kommunikacio\/\" \/>\n<meta property=\"og:locale\" content=\"en_US\" \/>\n<meta property=\"og:type\" content=\"article\" \/>\n<meta property=\"og:title\" content=\"Communication - RKI\" \/>\n<meta property=\"og:description\" content=\"Press R\u00f3lunk \u00edrt\u00e1k 2022.07.13. | 15:36 Tov\u00e1bb olvasom 2022.07.13. | 15:36 Tov\u00e1bb olvasom More articles 2023 Jan 18 H K Sz Cs P Sz V 26 27 28 29 30 31 1 2 3 4 5 6 7 8 9 10 11 12 13 14 15 16 17 18 19 20 21 22 23 24 [&hellip;]\" \/>\n<meta property=\"og:url\" content=\"https:\/\/rki.krtk.hun-ren.hu\/kommunikacio\/\" \/>\n<meta property=\"og:site_name\" content=\"RKI\" \/>\n<meta property=\"article:modified_time\" content=\"2023-01-18T10:43:50+00:00\" \/>\n<meta property=\"og:image\" content=\"https:\/\/rki.krtk.hun-ren.hu\/wp-content\/uploads\/2022\/05\/placeholder.png\" \/>\n\t<meta property=\"og:image:width\" content=\"1200\" \/>\n\t<meta property=\"og:image:height\" content=\"800\" \/>\n\t<meta property=\"og:image:type\" content=\"image\/png\" \/>\n<meta name=\"twitter:card\" content=\"summary_large_image\" \/>\n<meta name=\"twitter:label1\" content=\"Est. reading time\" \/>\n\t<meta name=\"twitter:data1\" content=\"1 minute\" \/>\n<script type=\"application\/ld+json\" class=\"yoast-schema-graph\">{\"@context\":\"https:\\\/\\\/schema.org\",\"@graph\":[{\"@type\":\"WebPage\",\"@id\":\"https:\\\/\\\/rki.krtk.hun-ren.hu\\\/kommunikacio\\\/\",\"url\":\"https:\\\/\\\/rki.krtk.hun-ren.hu\\\/kommunikacio\\\/\",\"name\":\"Communication - RKI\",\"isPartOf\":{\"@id\":\"https:\\\/\\\/rki.krtk.hun-ren.hu\\\/#website\"},\"primaryImageOfPage\":{\"@id\":\"https:\\\/\\\/rki.krtk.hun-ren.hu\\\/kommunikacio\\\/#primaryimage\"},\"image\":{\"@id\":\"https:\\\/\\\/rki.krtk.hun-ren.hu\\\/kommunikacio\\\/#primaryimage\"},\"thumbnailUrl\":\"https:\\\/\\\/rki.krtk.hun-ren.hu\\\/wp-content\\\/uploads\\\/2022\\\/05\\\/placeholder.png\",\"datePublished\":\"2022-05-31T10:48:42+00:00\",\"dateModified\":\"2023-01-18T10:43:50+00:00\",\"inLanguage\":\"en-US\",\"potentialAction\":[{\"@type\":\"ReadAction\",\"target\":[\"https:\\\/\\\/rki.krtk.hun-ren.hu\\\/kommunikacio\\\/\"]}]},{\"@type\":\"ImageObject\",\"inLanguage\":\"en-US\",\"@id\":\"https:\\\/\\\/rki.krtk.hun-ren.hu\\\/kommunikacio\\\/#primaryimage\",\"url\":\"https:\\\/\\\/rki.krtk.hun-ren.hu\\\/wp-content\\\/uploads\\\/2022\\\/05\\\/placeholder.png\",\"contentUrl\":\"https:\\\/\\\/rki.krtk.hun-ren.hu\\\/wp-content\\\/uploads\\\/2022\\\/05\\\/placeholder.png\",\"width\":1200,\"height\":800},{\"@type\":\"WebSite\",\"@id\":\"https:\\\/\\\/rki.krtk.hun-ren.hu\\\/#website\",\"url\":\"https:\\\/\\\/rki.krtk.hun-ren.hu\\\/\",\"name\":\"RKI\",\"description\":\"Region\u00e1lis Kutat\u00e1sok Int\u00e9zete\",\"potentialAction\":[{\"@type\":\"SearchAction\",\"target\":{\"@type\":\"EntryPoint\",\"urlTemplate\":\"https:\\\/\\\/rki.krtk.hun-ren.hu\\\/?s={search_term_string}\"},\"query-input\":{\"@type\":\"PropertyValueSpecification\",\"valueRequired\":true,\"valueName\":\"search_term_string\"}}],\"inLanguage\":\"en-US\"}]}<\/script>\n<!-- \/ Yoast SEO plugin. -->","yoast_head_json":{"title":"Communication - RKI","robots":{"index":"index","follow":"follow","max-snippet":"max-snippet:-1","max-image-preview":"max-image-preview:large","max-video-preview":"max-video-preview:-1"},"canonical":"https:\/\/rki.krtk.hun-ren.hu\/kommunikacio\/","og_locale":"en_US","og_type":"article","og_title":"Communication - RKI","og_description":"Press R\u00f3lunk \u00edrt\u00e1k 2022.07.13. | 15:36 Tov\u00e1bb olvasom 2022.07.13. | 15:36 Tov\u00e1bb olvasom More articles 2023 Jan 18 H K Sz Cs P Sz V 26 27 28 29 30 31 1 2 3 4 5 6 7 8 9 10 11 12 13 14 15 16 17 18 19 20 21 22 23 24 [&hellip;]","og_url":"https:\/\/rki.krtk.hun-ren.hu\/kommunikacio\/","og_site_name":"RKI","article_modified_time":"2023-01-18T10:43:50+00:00","og_image":[{"width":1200,"height":800,"url":"https:\/\/rki.krtk.hun-ren.hu\/wp-content\/uploads\/2022\/05\/placeholder.png","type":"image\/png"}],"twitter_card":"summary_large_image","twitter_misc":{"Est. reading time":"1 minute"},"schema":{"@context":"https:\/\/schema.org","@graph":[{"@type":"WebPage","@id":"https:\/\/rki.krtk.hun-ren.hu\/kommunikacio\/","url":"https:\/\/rki.krtk.hun-ren.hu\/kommunikacio\/","name":"Communication - RKI","isPartOf":{"@id":"https:\/\/rki.krtk.hun-ren.hu\/#website"},"primaryImageOfPage":{"@id":"https:\/\/rki.krtk.hun-ren.hu\/kommunikacio\/#primaryimage"},"image":{"@id":"https:\/\/rki.krtk.hun-ren.hu\/kommunikacio\/#primaryimage"},"thumbnailUrl":"https:\/\/rki.krtk.hun-ren.hu\/wp-content\/uploads\/2022\/05\/placeholder.png","datePublished":"2022-05-31T10:48:42+00:00","dateModified":"2023-01-18T10:43:50+00:00","inLanguage":"en-US","potentialAction":[{"@type":"ReadAction","target":["https:\/\/rki.krtk.hun-ren.hu\/kommunikacio\/"]}]},{"@type":"ImageObject","inLanguage":"en-US","@id":"https:\/\/rki.krtk.hun-ren.hu\/kommunikacio\/#primaryimage","url":"https:\/\/rki.krtk.hun-ren.hu\/wp-content\/uploads\/2022\/05\/placeholder.png","contentUrl":"https:\/\/rki.krtk.hun-ren.hu\/wp-content\/uploads\/2022\/05\/placeholder.png","width":1200,"height":800},{"@type":"WebSite","@id":"https:\/\/rki.krtk.hun-ren.hu\/#website","url":"https:\/\/rki.krtk.hun-ren.hu\/","name":"RKI","description":"Region\u00e1lis Kutat\u00e1sok Int\u00e9zete","potentialAction":[{"@type":"SearchAction","target":{"@type":"EntryPoint","urlTemplate":"https:\/\/rki.krtk.hun-ren.hu\/?s={search_term_string}"},"query-input":{"@type":"PropertyValueSpecification","valueRequired":true,"valueName":"search_term_string"}}],"inLanguage":"en-US"}]}},"_links":{"self":[{"href":"https:\/\/rki.krtk.hun-ren.hu\/en\/wp-json\/wp\/v2\/pages\/4218","targetHints":{"allow":["GET"]}}],"collection":[{"href":"https:\/\/rki.krtk.hun-ren.hu\/en\/wp-json\/wp\/v2\/pages"}],"about":[{"href":"https:\/\/rki.krtk.hun-ren.hu\/en\/wp-json\/wp\/v2\/types\/page"}],"author":[{"embeddable":true,"href":"https:\/\/rki.krtk.hun-ren.hu\/en\/wp-json\/wp\/v2\/users\/3"}],"replies":[{"embeddable":true,"href":"https:\/\/rki.krtk.hun-ren.hu\/en\/wp-json\/wp\/v2\/comments?post=4218"}],"version-history":[{"count":0,"href":"https:\/\/rki.krtk.hun-ren.hu\/en\/wp-json\/wp\/v2\/pages\/4218\/revisions"}],"wp:featuredmedia":[{"embeddable":true,"href":"https:\/\/rki.krtk.hun-ren.hu\/en\/wp-json\/wp\/v2\/media\/39"}],"wp:attachment":[{"href":"https:\/\/rki.krtk.hun-ren.hu\/en\/wp-json\/wp\/v2\/media?parent=4218"}],"curies":[{"name":"wp","href":"https:\/\/api.w.org\/{rel}","templated":true}]}}