{"id":4249,"date":"2022-06-14T12:40:20","date_gmt":"2022-06-14T12:40:20","guid":{"rendered":"https:\/\/rki.krtk.hun-ren.hu\/kapcsolat\/"},"modified":"2025-09-04T08:47:45","modified_gmt":"2025-09-04T08:47:45","slug":"contact","status":"publish","type":"page","link":"https:\/\/rki.krtk.hun-ren.hu\/en\/contact\/","title":{"rendered":"Contact"},"content":{"rendered":"\t\t<div data-elementor-type=\"wp-page\" data-elementor-id=\"4249\" class=\"elementor elementor-4249 elementor-1329\" data-elementor-post-type=\"page\">\n\t\t\t\t\t\t<section class=\"elementor-section elementor-top-section elementor-element elementor-element-21385f7 elementor-section-boxed elementor-section-height-default elementor-section-height-default\" data-id=\"21385f7\" data-element_type=\"section\" data-e-type=\"section\">\n\t\t\t\t\t\t<div class=\"elementor-container elementor-column-gap-custom\">\n\t\t\t\t\t<div class=\"elementor-column elementor-col-100 elementor-top-column elementor-element elementor-element-2a0f51d\" data-id=\"2a0f51d\" data-element_type=\"column\" data-e-type=\"column\">\n\t\t\t<div class=\"elementor-widget-wrap elementor-element-populated\">\n\t\t\t\t\t\t<div class=\"elementor-element elementor-element-3eb8ec4 blue-title elementor-widget elementor-widget-heading\" data-id=\"3eb8ec4\" data-element_type=\"widget\" data-e-type=\"widget\" data-widget_type=\"heading.default\">\n\t\t\t\t<div class=\"elementor-widget-container\">\n\t\t\t\t\t<h2 class=\"elementor-heading-title elementor-size-default\"><a href=\"\/en\/news\/events\/\">Map<\/a><\/h2>\t\t\t\t<\/div>\n\t\t\t\t<\/div>\n\t\t\t\t<div class=\"elementor-element elementor-element-1cfcf84 streetmap-widget elementor-widget elementor-widget-html\" data-id=\"1cfcf84\" data-element_type=\"widget\" data-e-type=\"widget\" data-widget_type=\"html.default\">\n\t\t\t\t<div class=\"elementor-widget-container\">\n\t\t\t\t\t<iframe\n  width=\"425\"\n  height=\"350\"\n  frameborder=\"0\"\n  scrolling=\"no\"\n  marginheight=\"0\"\n  marginwidth=\"0\"\n  src=\"https:\/\/www.openstreetmap.org\/export\/embed.html?bbox=18.230859339237217%2C46.07930006269536%2C18.234399855136875%2C46.08085173686787&amp;layer=mapnik\"\n  style=\"border: 1px solid black\"\n><\/iframe\n><br \/><small class=\"streetmap-button-container\"\n  ><a\n    href=\"https:\/\/www.openstreetmap.org\/#map=19\/47.47394\/19.07392\"\n    target=\"_blank\"\n    class=\"streetmap-link\"\n    ><button>Nagyobb t\u00e9rk\u00e9p<\/button><\/a\n  ><\/small\n>\t\t\t\t<\/div>\n\t\t\t\t<\/div>\n\t\t\t\t\t<\/div>\n\t\t<\/div>\n\t\t\t\t\t<\/div>\n\t\t<\/section>\n\t\t\t\t<section class=\"elementor-section elementor-top-section elementor-element elementor-element-cee9087 elementor-section-boxed elementor-section-height-default elementor-section-height-default\" data-id=\"cee9087\" data-element_type=\"section\" data-e-type=\"section\">\n\t\t\t\t\t\t<div class=\"elementor-container elementor-column-gap-custom\">\n\t\t\t\t\t<div class=\"elementor-column elementor-col-100 elementor-top-column elementor-element elementor-element-9bb3b03 projektek-column\" data-id=\"9bb3b03\" data-element_type=\"column\" data-e-type=\"column\">\n\t\t\t<div class=\"elementor-widget-wrap elementor-element-populated\">\n\t\t\t\t\t\t<div class=\"elementor-element elementor-element-d16c2da blue-title elementor-widget elementor-widget-heading\" data-id=\"d16c2da\" data-element_type=\"widget\" data-e-type=\"widget\" data-widget_type=\"heading.default\">\n\t\t\t\t<div class=\"elementor-widget-container\">\n\t\t\t\t\t<h2 class=\"elementor-heading-title elementor-size-default\">Contact<\/h2>\t\t\t\t<\/div>\n\t\t\t\t<\/div>\n\t\t\t\t\t<\/div>\n\t\t<\/div>\n\t\t\t\t\t<\/div>\n\t\t<\/section>\n\t\t\t\t<section class=\"elementor-section elementor-top-section elementor-element elementor-element-fb5b2b6 elementor-section-boxed elementor-section-height-default elementor-section-height-default\" data-id=\"fb5b2b6\" data-element_type=\"section\" data-e-type=\"section\">\n\t\t\t\t\t\t<div class=\"elementor-container elementor-column-gap-custom\">\n\t\t\t\t\t<div class=\"elementor-column elementor-col-50 elementor-top-column elementor-element elementor-element-589b670 projektek-column\" data-id=\"589b670\" data-element_type=\"column\" data-e-type=\"column\">\n\t\t\t<div class=\"elementor-widget-wrap elementor-element-populated\">\n\t\t\t\t\t\t<section class=\"elementor-section elementor-inner-section elementor-element elementor-element-107f21e elementor-section-full_width elementor-section-height-default elementor-section-height-default\" data-id=\"107f21e\" data-element_type=\"section\" data-e-type=\"section\">\n\t\t\t\t\t\t<div class=\"elementor-container elementor-column-gap-no\">\n\t\t\t\t\t<div class=\"elementor-column elementor-col-50 elementor-inner-column elementor-element elementor-element-dcc4028\" data-id=\"dcc4028\" data-element_type=\"column\" data-e-type=\"column\">\n\t\t\t<div class=\"elementor-widget-wrap elementor-element-populated\">\n\t\t\t\t\t\t<div class=\"elementor-element elementor-element-bfece8a elementor-widget elementor-widget-text-editor\" data-id=\"bfece8a\" data-element_type=\"widget\" data-e-type=\"widget\" data-widget_type=\"text-editor.default\">\n\t\t\t\t<div class=\"elementor-widget-container\">\n\t\t\t\t\t\t\t\t\t<p><strong>Hungarian Academy of Sciences<\/strong><br \/><strong>Centre for Economic and Regional Studies<\/strong><\/p>\t\t\t\t\t\t\t\t<\/div>\n\t\t\t\t<\/div>\n\t\t\t\t<div class=\"elementor-element elementor-element-207163a elementor-widget elementor-widget-text-editor\" data-id=\"207163a\" data-element_type=\"widget\" data-e-type=\"widget\" data-widget_type=\"text-editor.default\">\n\t\t\t\t<div class=\"elementor-widget-container\">\n\t\t\t\t\t\t\t\t\t<table class=\"kapcsolat-table\"><tbody><tr><td>Address:<\/td><td>7621 P\u00e9cs, Papn\u00f6velde u. 22.<\/td><\/tr><tr><td><p>Postal address:<\/p><p>Email:<\/p><\/td><td><p>7601 P\u00e9cs, P. O. Box 199.<\/p><p>varju.viktor@krtk.elte.hu<\/p><\/td><\/tr><tr><td>Tel:<\/td><td><a href=\"tel:+3672523800\">(+36-72) 523 800<\/a><\/td><\/tr><tr><td>Fax:<\/td><td><a href=\"tel:+3672523806\">(+36-72) 523 806<\/a><\/td><\/tr><\/tbody><\/table>\t\t\t\t\t\t\t\t<\/div>\n\t\t\t\t<\/div>\n\t\t\t\t<div class=\"elementor-element elementor-element-ccb6238 elementor-widget elementor-widget-text-editor\" data-id=\"ccb6238\" data-element_type=\"widget\" data-e-type=\"widget\" data-widget_type=\"text-editor.default\">\n\t\t\t\t<div class=\"elementor-widget-container\">\n\t\t\t\t\t\t\t\t\t<strong>Great Plain Research Department<\/strong>\t\t\t\t\t\t\t\t<\/div>\n\t\t\t\t<\/div>\n\t\t\t\t<div class=\"elementor-element elementor-element-6bbb766 elementor-widget elementor-widget-text-editor\" data-id=\"6bbb766\" data-element_type=\"widget\" data-e-type=\"widget\" data-widget_type=\"text-editor.default\">\n\t\t\t\t<div class=\"elementor-widget-container\">\n\t\t\t\t\t\t\t\t\t<p><strong>B\u00e9k\u00e9scsaba<\/strong><\/p>\t\t\t\t\t\t\t\t<\/div>\n\t\t\t\t<\/div>\n\t\t\t\t<div class=\"elementor-element elementor-element-723e8fe elementor-widget elementor-widget-text-editor\" data-id=\"723e8fe\" data-element_type=\"widget\" data-e-type=\"widget\" data-widget_type=\"text-editor.default\">\n\t\t\t\t<div class=\"elementor-widget-container\">\n\t\t\t\t\t\t\t\t\t<table class=\"kapcsolat-table\"><tbody><tr><td><p>Address:<\/p><p>Email:<\/p><\/td><td><p>5600 B\u00e9k\u00e9scsaba, Szab\u00f3 D. u. 40-42.<\/p><p>tagai.gergely@krtk.elte.hu<\/p><\/td><\/tr><tr><td>Tel:<\/td><td><a href=\"tel:+3666328577\">(+36-66) 328 577<\/a><\/td><\/tr><tr><td>Fax:<\/td><td><a href=\"tel:+3666441801\">(+36-66) 441 801<\/a><\/td><\/tr><\/tbody><\/table>\t\t\t\t\t\t\t\t<\/div>\n\t\t\t\t<\/div>\n\t\t\t\t<div class=\"elementor-element elementor-element-ebde934 elementor-widget elementor-widget-text-editor\" data-id=\"ebde934\" data-element_type=\"widget\" data-e-type=\"widget\" data-widget_type=\"text-editor.default\">\n\t\t\t\t<div class=\"elementor-widget-container\">\n\t\t\t\t\t\t\t\t\t<p><strong>Kecskem\u00e9t<\/strong><\/p>\t\t\t\t\t\t\t\t<\/div>\n\t\t\t\t<\/div>\n\t\t\t\t<div class=\"elementor-element elementor-element-04cf617 elementor-widget elementor-widget-text-editor\" data-id=\"04cf617\" data-element_type=\"widget\" data-e-type=\"widget\" data-widget_type=\"text-editor.default\">\n\t\t\t\t<div class=\"elementor-widget-container\">\n\t\t\t\t\t\t\t\t\t<table class=\"kapcsolat-table\"><tbody><tr><td>Address:<\/td><td>6000 Kecskem\u00e9t, R\u00e1k\u00f3czi \u00fat 3.<\/td><\/tr><tr><td><p>Postal address:<\/p><p>Email:<\/p><\/td><td><p>6001 Kecskem\u00e9t, P. O. Box 261.<\/p><p>lennert.jozsef@krtk.elte.hu<\/p><\/td><\/tr><tr><td>Tel:<\/td><td><a href=\"tel:+3676502840\">(+36-76) 502 840<\/a><\/td><\/tr><tr><td>Fax:<\/td><td><a href=\"tel:+3676502849\">(+36-76) 502 849<\/a><\/td><\/tr><\/tbody><\/table>\t\t\t\t\t\t\t\t<\/div>\n\t\t\t\t<\/div>\n\t\t\t\t<div class=\"elementor-element elementor-element-e00ad1e elementor-widget elementor-widget-text-editor\" data-id=\"e00ad1e\" data-element_type=\"widget\" data-e-type=\"widget\" data-widget_type=\"text-editor.default\">\n\t\t\t\t<div class=\"elementor-widget-container\">\n\t\t\t\t\t\t\t\t\t<strong>Transdanubian Research Department<\/strong>\t\t\t\t\t\t\t\t<\/div>\n\t\t\t\t<\/div>\n\t\t\t\t<div class=\"elementor-element elementor-element-af99243 elementor-widget elementor-widget-text-editor\" data-id=\"af99243\" data-element_type=\"widget\" data-e-type=\"widget\" data-widget_type=\"text-editor.default\">\n\t\t\t\t<div class=\"elementor-widget-container\">\n\t\t\t\t\t\t\t\t\t<table class=\"kapcsolat-table\"><tbody><tr><td>Address:<\/td><td>7621 P\u00e9cs, Papn\u00f6velde u. 22.<\/td><\/tr><tr><td><p>Postal address:<\/p><p>Email:<\/p><\/td><td><p>7601 P\u00e9cs, P. O. Box 199.<\/p><p>racz.szilard@krtk.elte.hu<\/p><\/td><\/tr><tr><td>Tel:<\/td><td><a href=\"tel:+3672523800\">(+36-72) 523 800<\/a><\/td><\/tr><tr><td>Fax:<\/td><td><a href=\"tel:+3672523806\">(+36-72) 523 806<\/a><\/td><\/tr><\/tbody><\/table>\t\t\t\t\t\t\t\t<\/div>\n\t\t\t\t<\/div>\n\t\t\t\t<div class=\"elementor-element elementor-element-a2ed757 elementor-widget elementor-widget-text-editor\" data-id=\"a2ed757\" data-element_type=\"widget\" data-e-type=\"widget\" data-widget_type=\"text-editor.default\">\n\t\t\t\t<div class=\"elementor-widget-container\">\n\t\t\t\t\t\t\t\t\t<strong>Central and North\nHungarian\nResearch Department<\/strong>\t\t\t\t\t\t\t\t<\/div>\n\t\t\t\t<\/div>\n\t\t\t\t<div class=\"elementor-element elementor-element-39c37b4 elementor-widget elementor-widget-text-editor\" data-id=\"39c37b4\" data-element_type=\"widget\" data-e-type=\"widget\" data-widget_type=\"text-editor.default\">\n\t\t\t\t<div class=\"elementor-widget-container\">\n\t\t\t\t\t\t\t\t\t<table class=\"kapcsolat-table\"><tbody><tr><td><p>Address:<\/p><p>Postal adress:<\/p><p>Email:<\/p><\/td><td><p>1097 Budapest, T\u00f3th K\u00e1lm\u00e1n u. 4.<br \/>(MTA HTK) T building IV. floor<\/p><p>1097 Budapest, T\u00f3th K\u00e1lm\u00e1n u. 4.<\/p><p>koos.balint@krtk.elte.hu<\/p><\/td><\/tr><tr><td>Tel:<\/td><td><a href=\"tel:+3613092684\">(+36-1) 309 2684<\/a><\/td><\/tr><\/tbody><\/table>\t\t\t\t\t\t\t\t<\/div>\n\t\t\t\t<\/div>\n\t\t\t\t<div class=\"elementor-element elementor-element-d9b037b elementor-widget elementor-widget-text-editor\" data-id=\"d9b037b\" data-element_type=\"widget\" data-e-type=\"widget\" data-widget_type=\"text-editor.default\">\n\t\t\t\t<div class=\"elementor-widget-container\">\n\t\t\t\t\t\t\t\t\t<strong>West Hungarian\nResearch Department<\/strong>\t\t\t\t\t\t\t\t<\/div>\n\t\t\t\t<\/div>\n\t\t\t\t<div class=\"elementor-element elementor-element-9b31edf elementor-widget elementor-widget-text-editor\" data-id=\"9b31edf\" data-element_type=\"widget\" data-e-type=\"widget\" data-widget_type=\"text-editor.default\">\n\t\t\t\t<div class=\"elementor-widget-container\">\n\t\t\t\t\t\t\t\t\t<table class=\"kapcsolat-table\"><tbody><tr><td>Address:<\/td><td>9022 Gy\u0151r, Liszt Ferenc u. 10.<\/td><\/tr><tr><td><p>Post address:<\/p><p>Email:<\/p><\/td><td><p>9002 Gy\u0151r, P. O. Box 420.<\/p><p>hardi.tamas@krtk.elte.hu<\/p><\/td><\/tr><tr><td>Tel:<\/td><td><a href=\"tel:+3696516570\">(+36-96) 516 570<\/a><\/td><\/tr><tr><td>Fax:<\/td><td><a href=\"tel:+3696516579\">(+36-96) 516 579<\/a><\/td><\/tr><\/tbody><\/table>\t\t\t\t\t\t\t\t<\/div>\n\t\t\t\t<\/div>\n\t\t\t\t\t<\/div>\n\t\t<\/div>\n\t\t\t\t<div class=\"elementor-column elementor-col-50 elementor-inner-column elementor-element elementor-element-bcaae6c\" data-id=\"bcaae6c\" data-element_type=\"column\" data-e-type=\"column\">\n\t\t\t<div class=\"elementor-widget-wrap elementor-element-populated\">\n\t\t\t\t\t\t\t<\/div>\n\t\t<\/div>\n\t\t\t\t\t<\/div>\n\t\t<\/section>\n\t\t\t\t\t<\/div>\n\t\t<\/div>\n\t\t\t\t<div class=\"elementor-column elementor-col-50 elementor-top-column elementor-element elementor-element-cac0e7d elementor-hidden-tablet elementor-hidden-mobile\" data-id=\"cac0e7d\" data-element_type=\"column\" data-e-type=\"column\">\n\t\t\t<div class=\"elementor-widget-wrap\">\n\t\t\t\t\t\t\t<\/div>\n\t\t<\/div>\n\t\t\t\t\t<\/div>\n\t\t<\/section>\n\t\t\t\t<section class=\"elementor-section elementor-top-section elementor-element elementor-element-4e421e0 elementor-hidden-desktop elementor-section-boxed elementor-section-height-default elementor-section-height-default\" data-id=\"4e421e0\" data-element_type=\"section\" data-e-type=\"section\">\n\t\t\t\t\t\t<div class=\"elementor-container elementor-column-gap-default\">\n\t\t\t\t\t<div class=\"elementor-column elementor-col-100 elementor-top-column elementor-element elementor-element-a0d4d7b\" data-id=\"a0d4d7b\" data-element_type=\"column\" data-e-type=\"column\">\n\t\t\t<div class=\"elementor-widget-wrap elementor-element-populated\">\n\t\t\t\t\t\t<div class=\"elementor-element elementor-element-5368a49 elementor-hidden-phone elementor-widget elementor-widget-social-icons\" data-id=\"5368a49\" data-element_type=\"widget\" data-e-type=\"widget\" data-widget_type=\"social-icons.default\">\n\t\t\t\t<div class=\"elementor-widget-container\">\n\t\t\t\t\t    <div class=\"social-icons\">\n      <a href=\"https:\/\/www.facebook.com\/rkk.hu\" target=\"_blank\">\n        <div class=\"social-icon social-icon-facebook\">\n          <img decoding=\"async\" src=\"https:\/\/rki.krtk.hun-ren.hu\/wp-content\/themes\/hello-theme-child-master\/img\/facebook-icon.svg\"\/ width=\"16\" height=\"16\">\n        <\/div>\n      <\/a>\n      <a href=\"https:\/\/twitter.com\/KrtkRki\" target=\"_blank\">\n        <div class=\"social-icon social-icon-twitter\">\n          <img decoding=\"async\" src=\"https:\/\/rki.krtk.hun-ren.hu\/wp-content\/themes\/hello-theme-child-master\/img\/twitter-icon.svg\"\/ width=\"16\" height=\"16\">\n        <\/div>\n      <\/a>\n    <\/div>\n\t\t\t\t\t<\/div>\n\t\t\t\t<\/div>\n\t\t\t\t\t<\/div>\n\t\t<\/div>\n\t\t\t\t\t<\/div>\n\t\t<\/section>\n\t\t\t\t<\/div>\n\t\t","protected":false},"excerpt":{"rendered":"<p>Map Nagyobb t\u00e9rk\u00e9p Contact Hungarian Academy of SciencesCentre for Economic and Regional Studies Address: 7621 P\u00e9cs, Papn\u00f6velde u. 22. Postal address: Email: 7601 P\u00e9cs, P. O. Box 199. varju.viktor@krtk.elte.hu Tel: (+36-72) 523 800 Fax: (+36-72) 523 806 Great Plain Research Department B\u00e9k\u00e9scsaba Address: Email: 5600 B\u00e9k\u00e9scsaba, Szab\u00f3 D. u. 40-42. tagai.gergely@krtk.elte.hu Tel: (+36-66) 328 577 [&hellip;]<\/p>\n","protected":false},"author":3,"featured_media":39,"parent":0,"menu_order":0,"comment_status":"closed","ping_status":"closed","template":"","meta":{"_acf_changed":false,"inline_featured_image":false,"footnotes":"","_links_to":"","_links_to_target":""},"class_list":["post-4249","page","type-page","status-publish","has-post-thumbnail","hentry"],"acf":[],"yoast_head":"<!-- This site is optimized with the Yoast SEO plugin v27.3 - https:\/\/yoast.com\/product\/yoast-seo-wordpress\/ -->\n<title>Contact - RKI<\/title>\n<meta name=\"robots\" content=\"index, follow, max-snippet:-1, max-image-preview:large, max-video-preview:-1\" \/>\n<link rel=\"canonical\" href=\"https:\/\/rki.krtk.hun-ren.hu\/en\/contact\/\" \/>\n<meta property=\"og:locale\" content=\"en_US\" \/>\n<meta property=\"og:type\" content=\"article\" \/>\n<meta property=\"og:title\" content=\"Contact - RKI\" \/>\n<meta property=\"og:description\" content=\"Map Nagyobb t\u00e9rk\u00e9p Contact Hungarian Academy of SciencesCentre for Economic and Regional Studies Address: 7621 P\u00e9cs, Papn\u00f6velde u. 22. Postal address: Email: 7601 P\u00e9cs, P. O. Box 199. varju.viktor@krtk.elte.hu Tel: (+36-72) 523 800 Fax: (+36-72) 523 806 Great Plain Research Department B\u00e9k\u00e9scsaba Address: Email: 5600 B\u00e9k\u00e9scsaba, Szab\u00f3 D. u. 40-42. tagai.gergely@krtk.elte.hu Tel: (+36-66) 328 577 [&hellip;]\" \/>\n<meta property=\"og:url\" content=\"https:\/\/rki.krtk.hun-ren.hu\/en\/contact\/\" \/>\n<meta property=\"og:site_name\" content=\"RKI\" \/>\n<meta property=\"article:modified_time\" content=\"2025-09-04T08:47:45+00:00\" \/>\n<meta property=\"og:image\" content=\"https:\/\/rki.krtk.hun-ren.hu\/wp-content\/uploads\/2022\/05\/placeholder.png\" \/>\n\t<meta property=\"og:image:width\" content=\"1200\" \/>\n\t<meta property=\"og:image:height\" content=\"800\" \/>\n\t<meta property=\"og:image:type\" content=\"image\/png\" \/>\n<meta name=\"twitter:card\" content=\"summary_large_image\" \/>\n<meta name=\"twitter:label1\" content=\"Est. reading time\" \/>\n\t<meta name=\"twitter:data1\" content=\"2 minutes\" \/>\n<script type=\"application\/ld+json\" class=\"yoast-schema-graph\">{\"@context\":\"https:\\\/\\\/schema.org\",\"@graph\":[{\"@type\":\"WebPage\",\"@id\":\"https:\\\/\\\/rki.krtk.hun-ren.hu\\\/en\\\/contact\\\/\",\"url\":\"https:\\\/\\\/rki.krtk.hun-ren.hu\\\/en\\\/contact\\\/\",\"name\":\"Contact - RKI\",\"isPartOf\":{\"@id\":\"https:\\\/\\\/rki.krtk.hun-ren.hu\\\/#website\"},\"primaryImageOfPage\":{\"@id\":\"https:\\\/\\\/rki.krtk.hun-ren.hu\\\/en\\\/contact\\\/#primaryimage\"},\"image\":{\"@id\":\"https:\\\/\\\/rki.krtk.hun-ren.hu\\\/en\\\/contact\\\/#primaryimage\"},\"thumbnailUrl\":\"https:\\\/\\\/rki.krtk.hun-ren.hu\\\/wp-content\\\/uploads\\\/2022\\\/05\\\/placeholder.png\",\"datePublished\":\"2022-06-14T12:40:20+00:00\",\"dateModified\":\"2025-09-04T08:47:45+00:00\",\"inLanguage\":\"en-US\",\"potentialAction\":[{\"@type\":\"ReadAction\",\"target\":[\"https:\\\/\\\/rki.krtk.hun-ren.hu\\\/en\\\/contact\\\/\"]}]},{\"@type\":\"ImageObject\",\"inLanguage\":\"en-US\",\"@id\":\"https:\\\/\\\/rki.krtk.hun-ren.hu\\\/en\\\/contact\\\/#primaryimage\",\"url\":\"https:\\\/\\\/rki.krtk.hun-ren.hu\\\/wp-content\\\/uploads\\\/2022\\\/05\\\/placeholder.png\",\"contentUrl\":\"https:\\\/\\\/rki.krtk.hun-ren.hu\\\/wp-content\\\/uploads\\\/2022\\\/05\\\/placeholder.png\",\"width\":1200,\"height\":800},{\"@type\":\"WebSite\",\"@id\":\"https:\\\/\\\/rki.krtk.hun-ren.hu\\\/#website\",\"url\":\"https:\\\/\\\/rki.krtk.hun-ren.hu\\\/\",\"name\":\"RKI\",\"description\":\"Region\u00e1lis Kutat\u00e1sok Int\u00e9zete\",\"potentialAction\":[{\"@type\":\"SearchAction\",\"target\":{\"@type\":\"EntryPoint\",\"urlTemplate\":\"https:\\\/\\\/rki.krtk.hun-ren.hu\\\/?s={search_term_string}\"},\"query-input\":{\"@type\":\"PropertyValueSpecification\",\"valueRequired\":true,\"valueName\":\"search_term_string\"}}],\"inLanguage\":\"en-US\"}]}<\/script>\n<!-- \/ Yoast SEO plugin. -->","yoast_head_json":{"title":"Contact - RKI","robots":{"index":"index","follow":"follow","max-snippet":"max-snippet:-1","max-image-preview":"max-image-preview:large","max-video-preview":"max-video-preview:-1"},"canonical":"https:\/\/rki.krtk.hun-ren.hu\/en\/contact\/","og_locale":"en_US","og_type":"article","og_title":"Contact - RKI","og_description":"Map Nagyobb t\u00e9rk\u00e9p Contact Hungarian Academy of SciencesCentre for Economic and Regional Studies Address: 7621 P\u00e9cs, Papn\u00f6velde u. 22. Postal address: Email: 7601 P\u00e9cs, P. O. Box 199. varju.viktor@krtk.elte.hu Tel: (+36-72) 523 800 Fax: (+36-72) 523 806 Great Plain Research Department B\u00e9k\u00e9scsaba Address: Email: 5600 B\u00e9k\u00e9scsaba, Szab\u00f3 D. u. 40-42. tagai.gergely@krtk.elte.hu Tel: (+36-66) 328 577 [&hellip;]","og_url":"https:\/\/rki.krtk.hun-ren.hu\/en\/contact\/","og_site_name":"RKI","article_modified_time":"2025-09-04T08:47:45+00:00","og_image":[{"width":1200,"height":800,"url":"https:\/\/rki.krtk.hun-ren.hu\/wp-content\/uploads\/2022\/05\/placeholder.png","type":"image\/png"}],"twitter_card":"summary_large_image","twitter_misc":{"Est. reading time":"2 minutes"},"schema":{"@context":"https:\/\/schema.org","@graph":[{"@type":"WebPage","@id":"https:\/\/rki.krtk.hun-ren.hu\/en\/contact\/","url":"https:\/\/rki.krtk.hun-ren.hu\/en\/contact\/","name":"Contact - RKI","isPartOf":{"@id":"https:\/\/rki.krtk.hun-ren.hu\/#website"},"primaryImageOfPage":{"@id":"https:\/\/rki.krtk.hun-ren.hu\/en\/contact\/#primaryimage"},"image":{"@id":"https:\/\/rki.krtk.hun-ren.hu\/en\/contact\/#primaryimage"},"thumbnailUrl":"https:\/\/rki.krtk.hun-ren.hu\/wp-content\/uploads\/2022\/05\/placeholder.png","datePublished":"2022-06-14T12:40:20+00:00","dateModified":"2025-09-04T08:47:45+00:00","inLanguage":"en-US","potentialAction":[{"@type":"ReadAction","target":["https:\/\/rki.krtk.hun-ren.hu\/en\/contact\/"]}]},{"@type":"ImageObject","inLanguage":"en-US","@id":"https:\/\/rki.krtk.hun-ren.hu\/en\/contact\/#primaryimage","url":"https:\/\/rki.krtk.hun-ren.hu\/wp-content\/uploads\/2022\/05\/placeholder.png","contentUrl":"https:\/\/rki.krtk.hun-ren.hu\/wp-content\/uploads\/2022\/05\/placeholder.png","width":1200,"height":800},{"@type":"WebSite","@id":"https:\/\/rki.krtk.hun-ren.hu\/#website","url":"https:\/\/rki.krtk.hun-ren.hu\/","name":"RKI","description":"Region\u00e1lis Kutat\u00e1sok Int\u00e9zete","potentialAction":[{"@type":"SearchAction","target":{"@type":"EntryPoint","urlTemplate":"https:\/\/rki.krtk.hun-ren.hu\/?s={search_term_string}"},"query-input":{"@type":"PropertyValueSpecification","valueRequired":true,"valueName":"search_term_string"}}],"inLanguage":"en-US"}]}},"_links":{"self":[{"href":"https:\/\/rki.krtk.hun-ren.hu\/en\/wp-json\/wp\/v2\/pages\/4249","targetHints":{"allow":["GET"]}}],"collection":[{"href":"https:\/\/rki.krtk.hun-ren.hu\/en\/wp-json\/wp\/v2\/pages"}],"about":[{"href":"https:\/\/rki.krtk.hun-ren.hu\/en\/wp-json\/wp\/v2\/types\/page"}],"author":[{"embeddable":true,"href":"https:\/\/rki.krtk.hun-ren.hu\/en\/wp-json\/wp\/v2\/users\/3"}],"replies":[{"embeddable":true,"href":"https:\/\/rki.krtk.hun-ren.hu\/en\/wp-json\/wp\/v2\/comments?post=4249"}],"version-history":[{"count":0,"href":"https:\/\/rki.krtk.hun-ren.hu\/en\/wp-json\/wp\/v2\/pages\/4249\/revisions"}],"wp:featuredmedia":[{"embeddable":true,"href":"https:\/\/rki.krtk.hun-ren.hu\/en\/wp-json\/wp\/v2\/media\/39"}],"wp:attachment":[{"href":"https:\/\/rki.krtk.hun-ren.hu\/en\/wp-json\/wp\/v2\/media?parent=4249"}],"curies":[{"name":"wp","href":"https:\/\/api.w.org\/{rel}","templated":true}]}}