{"id":4413,"date":"2022-07-08T11:42:44","date_gmt":"2022-07-08T09:42:44","guid":{"rendered":"https:\/\/rki.krtk.hun-ren.hu\/tenyek-es-adatok\/"},"modified":"2025-09-04T08:31:47","modified_gmt":"2025-09-04T08:31:47","slug":"facts-and-figures","status":"publish","type":"page","link":"https:\/\/rki.krtk.hun-ren.hu\/en\/facts-and-figures\/","title":{"rendered":"Facts and figures"},"content":{"rendered":"<div id=\"ctl00_ctl00_maincontent_maincontent_contentpage_content_htmlcontent\">\n<h4><strong>1. Address<\/strong><\/h4>\n<p>Institute for Regional Studies<br \/>\nCentre for Economic and Regional Studies<br \/>\nHungarian Academy of Sciences<br \/>\n7621 P\u00e9cs, Papn\u00f6velde u. 22.<br \/>\nPostal address: 7601 P\u00e9cs, P.O. Box 199.<br \/>\nPhone: +36 (72) 523 800<\/p>\n<h4><strong>2. Management<\/strong><\/h4>\n<p><strong>Director<\/strong><\/p>\n<p>Dr. Viktor Varj\u00fa, senior research fellow<br \/>\nPhone: <a href=\"tel:+3672523800\">(+36-72) 523 800<\/a><br \/>\nFax: +36 (72) 523 806<br \/>\nE-mail: <a href=\"mailto:varju.viktor@hun-ren.krtk.hu\">varju.viktor@krtk.elte.hu<\/a><\/p>\n<p><strong>Scientific secretary<\/strong><\/p>\n<p>Zolt\u00e1n Mar\u00f3ti<br \/>\nPhone: <a href=\"tel:+3672523800\">(+36-72) 523 800<\/a><br \/>\nFax: +36 (72) 523 806<br \/>\nE-mail: <a href=\"mailto:slachta.krisztina@hun-ren.krtk.hu\">maroti.zoltan@<\/a><a href=\"mailto:varju.viktor@hun-ren.krtk.hu\">krtk.elte.hu<\/a><\/p>\n<p><strong>Head of Departments<\/strong><\/p>\n<p><em>Great Plain Research Department<\/em><\/p>\n<p>Dr. J\u00f3zsef Lennert, research fellow<br \/>\nPhone: <a href=\"tel:+3676502840\">(+36-76) 502 840<\/a><br \/>\nFax: +36 (76) 502 849<br \/>\nE-mail: <a href=\"mailto:lennert.jozsef@hun-ren.krtk.hu\">lennert.jozsef@<\/a><a href=\"mailto:varju.viktor@hun-ren.krtk.hu\">krtk.elte.hu<\/a><\/p>\n<p><em>B\u00e9k\u00e9scsaba Research Group<\/em><\/p>\n<p>Dr. Gergely Tagai, research fellow<br \/>\nTelefon: <a href=\"tel:+3666328577\">(+36-66) 328 577<\/a><br \/>\nFax: (+36-66) 441 801<br \/>\nE-mail: <a href=\"mailto:tagai.gergely@hun-ren.krtk.hu\">tagai.gergely@<\/a><a href=\"mailto:varju.viktor@hun-ren.krtk.hu\">krtk.elte.hu<\/a><\/p>\n<p><em>Transdanubian Research\u00a0Department<\/em><\/p>\n<p>Dr. Szil\u00e1rd R\u00e1cz, senior research fellow<br \/>\nPhone: <a href=\"tel:+3672523800\">(+36-72) 523 800<\/a><br \/>\nFax:\u00a0+36 (72) 523 806<br \/>\nE-mail: <a href=\"mailto:racz.szilard@hun-ren.krtk.hu\">racz.szilard@<\/a><a href=\"mailto:varju.viktor@hun-ren.krtk.hu\">krtk.elte.hu<\/a><\/p>\n<p><em>Central and North Hungarian Research\u00a0Department<\/em><\/p>\n<p>Dr. B\u00e1lint Ko\u00f3s, senior research fellow<br \/>\nPhone: <a href=\"tel:+3613092684\">(+36-1) 3092-684<\/a><br \/>\nE-mail: <a href=\"mailto:koos.balint@hun-ren.krtk.hu\">koos.balint@<\/a><a href=\"mailto:varju.viktor@hun-ren.krtk.hu\">krtk.elte.hu<\/a><\/p>\n<p><em>West Hungarian Research\u00a0Department<\/em><\/p>\n<p>Dr. Tam\u00e1s Hardi, senior research fellow<br \/>\nPhone: <a href=\"http:\/\/+36 (96) 516 570\">(+36-96) 516 570<\/a><br \/>\nFax: +36 (96) 516 579<br \/>\nE-mail: <a href=\"mailto:hardi.tamas@hun-ren.krtk.hu\">hardi.tamas@<\/a><a href=\"mailto:varju.viktor@hun-ren.krtk.hu\">krtk.elte.hu<\/a><\/p>\n<p>&nbsp;<\/p>\n<h4><strong>3. Research staff<\/strong><\/h4>\n<p><strong>Research staff by age groups, December 2017<\/strong><\/p>\n<p>&nbsp;<\/p>\n<table border=\"0\" width=\"100%\" cellspacing=\"1\" cellpadding=\"1\" align=\"center\">\n<tbody>\n<tr>\n<td colspan=\"9\" valign=\"top\">\n<hr noshade=\"noshade\" \/>\n<\/td>\n<\/tr>\n<tr align=\"center\" valign=\"top\">\n<td>Scientific position<\/td>\n<td align=\"center\" valign=\"middle\">below<br \/>\n30 yrs<\/td>\n<td align=\"center\" valign=\"middle\">31\u201335<br \/>\nyrs<\/td>\n<td align=\"center\" valign=\"middle\">36\u201340<br \/>\nyrs<\/td>\n<td align=\"center\" valign=\"middle\">41\u201345<br \/>\nyrs<\/td>\n<td align=\"center\" valign=\"middle\">46\u201350<br \/>\nyrs<\/td>\n<td align=\"center\" valign=\"middle\">51\u201360<br \/>\nyrs<\/td>\n<td align=\"center\" valign=\"middle\">over<br \/>\n61 yrs<\/td>\n<td>\n<p align=\"center\">Total<\/p>\n<\/td>\n<\/tr>\n<tr>\n<td colspan=\"9\" valign=\"top\">\n<hr noshade=\"noshade\" \/>\n<\/td>\n<\/tr>\n<tr>\n<td valign=\"top\">\u00a0Research professor<\/td>\n<td align=\"center\" valign=\"middle\">\n<p align=\"center\">\u2013<\/p>\n<\/td>\n<td align=\"center\" valign=\"middle\">\n<p align=\"center\">\u2013<\/p>\n<\/td>\n<td align=\"center\" valign=\"middle\">\n<p align=\"center\">\u2013<\/p>\n<\/td>\n<td align=\"center\" valign=\"middle\">\n<p align=\"center\">\u2013<\/p>\n<\/td>\n<td align=\"center\" valign=\"middle\">\n<p align=\"center\">\u2013<\/p>\n<\/td>\n<td align=\"center\" valign=\"middle\">\n<p align=\"center\">\u2013<\/p>\n<\/td>\n<td align=\"center\" valign=\"middle\">\n<p align=\"center\">1<\/p>\n<\/td>\n<td align=\"center\" valign=\"middle\">1<\/td>\n<\/tr>\n<tr>\n<td valign=\"top\">Scientific advisor<\/td>\n<td>\n<p align=\"center\">\u2013<\/p>\n<\/td>\n<td>\n<p align=\"center\">\u2013<\/p>\n<\/td>\n<td>\n<p align=\"center\">\u2013<\/p>\n<\/td>\n<td>\n<p align=\"center\">\u2013<\/p>\n<\/td>\n<td>\n<p align=\"center\">\u2013<\/p>\n<\/td>\n<td>\n<p align=\"center\">\u2013<\/p>\n<\/td>\n<td valign=\"top\">\n<p align=\"center\">3<\/p>\n<\/td>\n<td valign=\"top\">3<\/td>\n<\/tr>\n<tr>\n<td valign=\"top\">Scientific professor emeritus\/emerita<\/td>\n<td align=\"center\" valign=\"middle\">\n<p align=\"center\">\u2013<\/p>\n<\/td>\n<td align=\"center\" valign=\"middle\">\n<p align=\"center\">\u2013<\/p>\n<\/td>\n<td align=\"center\" valign=\"middle\">\n<p align=\"center\">\u2013<\/p>\n<\/td>\n<td align=\"center\" valign=\"middle\">\n<p align=\"center\">\u2013<\/p>\n<\/td>\n<td align=\"center\" valign=\"middle\">\n<p align=\"center\">\u2013<\/p>\n<\/td>\n<td align=\"center\" valign=\"middle\">\n<p align=\"center\">\u2013<\/p>\n<\/td>\n<td align=\"center\" valign=\"middle\">\n<p align=\"center\">4<\/p>\n<\/td>\n<td align=\"center\" valign=\"middle\">4<\/td>\n<\/tr>\n<tr>\n<td valign=\"top\">Senior research fellow<\/td>\n<td>\n<p align=\"center\">\u2013<\/p>\n<\/td>\n<td>\n<p align=\"center\">\u2013<\/p>\n<\/td>\n<td valign=\"bottom\">\n<p align=\"center\">1<\/p>\n<\/td>\n<td valign=\"bottom\">\n<p align=\"center\">2<\/p>\n<\/td>\n<td valign=\"bottom\">\n<p align=\"center\">5<\/p>\n<\/td>\n<td valign=\"bottom\">\n<p align=\"center\">3<\/p>\n<\/td>\n<td valign=\"top\">\n<p align=\"center\">4<\/p>\n<\/td>\n<td valign=\"top\">15<\/td>\n<\/tr>\n<tr>\n<td valign=\"top\">Research fellow<\/td>\n<td>\n<p align=\"center\">\u2013<\/p>\n<\/td>\n<td>\n<p align=\"center\">6<\/p>\n<\/td>\n<td valign=\"bottom\">\n<p align=\"center\">5<\/p>\n<\/td>\n<td valign=\"bottom\">\n<p align=\"center\">6<\/p>\n<\/td>\n<td valign=\"bottom\">\n<p align=\"center\">4<\/p>\n<\/td>\n<td valign=\"bottom\">\n<p align=\"center\">2<\/p>\n<\/td>\n<td valign=\"top\">\n<p align=\"center\">1<\/p>\n<\/td>\n<td valign=\"top\">24<\/td>\n<\/tr>\n<tr>\n<td valign=\"top\">Junior research fellow<\/td>\n<td>\n<p align=\"center\">4<\/p>\n<\/td>\n<td>\n<p align=\"center\">7<\/p>\n<\/td>\n<td>\n<p align=\"center\">4<\/p>\n<\/td>\n<td>\n<p align=\"center\">1<\/p>\n<\/td>\n<td>\n<p align=\"center\">\u2013<\/p>\n<\/td>\n<td>\n<p align=\"center\">\u2013<\/p>\n<\/td>\n<td valign=\"top\">\n<p align=\"center\">\u2013<\/p>\n<\/td>\n<td valign=\"top\">16<\/td>\n<\/tr>\n<tr>\n<td colspan=\"9\" valign=\"top\">\n<hr noshade=\"noshade\" \/>\n<\/td>\n<\/tr>\n<tr>\n<td valign=\"top\">Total<\/td>\n<td>\n<p align=\"center\">4<\/p>\n<\/td>\n<td>\n<p align=\"center\">13<\/p>\n<\/td>\n<td>\n<p align=\"center\">10<\/p>\n<\/td>\n<td>\n<p align=\"center\">9<\/p>\n<\/td>\n<td>\n<p align=\"center\">9<\/p>\n<\/td>\n<td>\n<p align=\"center\">5<\/p>\n<\/td>\n<td valign=\"top\">\n<p align=\"center\">13<\/p>\n<\/td>\n<td valign=\"top\">63<\/td>\n<\/tr>\n<tr>\n<td colspan=\"9\" valign=\"top\">\n<hr noshade=\"noshade\" \/>\n<\/td>\n<\/tr>\n<\/tbody>\n<\/table>\n<p>&nbsp;<\/p>\n<p>&nbsp;<\/p>\n<p><strong>Research staff (below 70 years) with scientific qualifications, December 2017<\/strong><\/p>\n<p>&nbsp;<\/p>\n<table width=\"75%\" cellspacing=\"1\" cellpadding=\"1\">\n<tbody>\n<tr>\n<td colspan=\"3\" valign=\"middle\">\n<hr noshade=\"noshade\" \/>\n<\/td>\n<\/tr>\n<tr>\n<td width=\"50%\">Type<\/td>\n<td width=\"20%\">Number<\/td>\n<td width=\"30%\">% of research staff<\/td>\n<\/tr>\n<tr>\n<td colspan=\"3\" valign=\"middle\">\n<hr noshade=\"noshade\" \/>\n<\/td>\n<\/tr>\n<tr>\n<td width=\"50%\">Member of the HAS<\/td>\n<td width=\"20%\">1<\/td>\n<td width=\"30%\">1,7<\/td>\n<\/tr>\n<tr>\n<td width=\"50%\">Doctor of Sciences<\/td>\n<td width=\"20%\">3<\/td>\n<td width=\"30%\">5,1<\/td>\n<\/tr>\n<tr>\n<td width=\"50%\">Candidate of Sciences, PhD<\/td>\n<td width=\"20%\">45<\/td>\n<td width=\"30%\">76,3<\/td>\n<\/tr>\n<tr>\n<td colspan=\"3\" valign=\"middle\">\n<hr noshade=\"noshade\" \/>\n<\/td>\n<\/tr>\n<tr>\n<td width=\"50%\">Total<\/td>\n<td width=\"20%\">49<\/td>\n<td width=\"30%\">83,1<\/td>\n<\/tr>\n<tr>\n<td colspan=\"3\" valign=\"middle\">\n<hr noshade=\"noshade\" \/>\n<\/td>\n<\/tr>\n<\/tbody>\n<\/table>\n<p>&nbsp;<\/p>\n<p>&nbsp;<\/p>\n<h4><strong>4. Basic activities and tasks<\/strong><\/h4>\n<p><strong>Basic research tasks<\/strong><\/p>\n<ul>\n<li>The driving forces of regional development in Europe<\/li>\n<li>Analysis of regional transformation processes in Central and Eastern Europe<\/li>\n<li>Research on the regions of the Carpathian Basin<\/li>\n<li>Prospective directions of European Union regional policy<\/li>\n<li>Laying down the foundations of polycentric urban development<\/li>\n<li>Development tendencies of the Hungarian settlement network and spatial structure<\/li>\n<li>Analyses on regional competitiveness<\/li>\n<li>Research on the spatial structure of Hungarian industry<\/li>\n<li>The influence of the tertiary sector on spatial development<\/li>\n<li>The structural characteristics of rural areas<\/li>\n<li>Research on the situation of disadvantaged areas and marginalised groups<\/li>\n<li>Decentralisation and regionalism<\/li>\n<li>Research on the Hungarian system of territorial public administration<\/li>\n<li>Research on crossborder relationships<\/li>\n<li>Realising Central and Eastern European (Russian, Romanian, Bulgarian, Serbain, Polish, Ukrainian) bilateral academic cooperation programmes<\/li>\n<\/ul>\n<p>&nbsp;<\/p>\n<p><strong>Dissemination of research results<\/strong><\/p>\n<p><em>\u00a0<\/em><\/p>\n<p><em>a) Publication activities<\/em><\/p>\n<ul>\n<li>Publishing the quarterly journal T\u00e9r \u00e9s T\u00e1rsadalom (Space and Society), established in 1987<\/li>\n<li>Alf\u00f6ldi Tanulm\u00e1nyok (Great Plain Studies), annual series<\/li>\n<li>Ter\u00fcleti \u00e9s Telep\u00fcl\u00e9si Kutat\u00e1sok (Regional and Settlement Studies) monograph series (with Dial\u00f3g Campus publishing house, 32 volumes)<\/li>\n<li>A K\u00e1rp\u00e1t-medence r\u00e9gi\u00f3i (Regions of the Carpathian Basin) monograph series (15 planned volumes,\u00a011 published to date)<\/li>\n<li>R\u00e9gi\u00f3k Eur\u00f3p\u00e1ja (Europe of the Regions) series (3 volumes)<\/li>\n<li>Hat\u00e1r menti kutat\u00e1sok (Border Studies) series (6 volumes)<\/li>\n<li>Discussion Papers, English series (70 volumes and 8 special issues)<\/li>\n<li>Conference series (Village Conference, 7 volumes; Great Plain Congress, 4 volumes)<\/li>\n<\/ul>\n<p><em>b) Higher education<\/em><\/p>\n<ul>\n<li>Leading role in PhD schools of regional studies (P\u00e9cs, Gy\u0151r, Debrecen)<\/li>\n<li>Leading role in MSc programmes related to regional and environmental economic policy (P\u00e9cs, Gy\u0151r)<\/li>\n<li>Participation in MSc programmes and PhD schools (Budapest, Miskolc, Szeged, Kaposv\u00e1r, Debrecen, Sz\u00e9kesfeh\u00e9rv\u00e1r)<\/li>\n<li>The organisation and operation of regional science-related research groups in the Carpathian Basin (Hungarian University Institute: Cluj; Sapientia Transylvanian Hungarian University of Sciences: Miercurea-Ciuc; Regional Science Association: Subotica; J\u00e1nos Selye University: Kom\u00e1rno)<\/li>\n<\/ul>\n<p><em>c) Managing the public bodies of Hungarian regional sciences<\/em><\/p>\n<ul>\n<li>HAS Regional Science Committee<\/li>\n<li>Hungarian Regional Science Association<\/li>\n<li>Regional and settlement development sub-committees of the HAS\u2019s regional committee<\/li>\n<\/ul>\n<p><strong>\u00a0<\/strong><\/p>\n<p><strong>Research infrastructure<\/strong><\/p>\n<p>&nbsp;<\/p>\n<p>a) Libraries (1 main library, 2 sub-libraries, 60,000 total library units, 45 international and 60 domestic journal subscriptions)<\/p>\n<p>b) Computer centre (15 databases, network maintainance)<\/p>\n<p>c) Border area research and documentation centre<\/p>\n<ul>\n<li>Gy\u0151r (Hungarian\u2013Slovakian\u2013Austrian)<\/li>\n<li>B\u00e9k\u00e9scsaba (Hungarian\u2013Serbian\u2013Romanian)<\/li>\n<\/ul>\n<p>&nbsp;<\/p>\n<h4><strong>5. Other activities<\/strong><\/h4>\n<ul>\n<li>Participation in EU Framework Programmes 5\u20137<\/li>\n<li>Participation in other EU research programmes (DG Regio, Research, Enlargement)<\/li>\n<li>Participation in Phare, Interreg, Cadses programmes<\/li>\n<li>The complex analysis of microregions, the preparation of microregional, regionnal and innovation strategies<\/li>\n<li>Regional environmental protection research<\/li>\n<li>The preparation of city incorporation documents<\/li>\n<li>Microregional and regional social mapping<\/li>\n<li>Multi-year research agreements with economic actors (e.g. Paks Nuclear Power Plant)<\/li>\n<\/ul>\n<p><strong>\u00a0<\/strong><\/p>\n<h4><strong>6. Libraries<\/strong><\/h4>\n<p>&nbsp;<\/p>\n<table border=\"0\" width=\"75%\" cellspacing=\"0\" cellpadding=\"0\">\n<tbody>\n<tr>\n<td colspan=\"4\" valign=\"top\">\n<hr noshade=\"noshade\" \/>\n<\/td>\n<\/tr>\n<tr>\n<td valign=\"top\">Location<\/td>\n<td valign=\"top\">\n<p align=\"center\">Books (1000)<\/p>\n<\/td>\n<td align=\"center\" valign=\"middle\">\n<p align=\"center\">Journals<\/p>\n<\/td>\n<td align=\"center\" valign=\"middle\" nowrap=\"nowrap\">Library staff<\/td>\n<\/tr>\n<tr>\n<td colspan=\"4\" valign=\"top\">\n<hr noshade=\"noshade\" \/>\n<\/td>\n<\/tr>\n<tr>\n<td valign=\"top\">P\u00e9cs<\/td>\n<td valign=\"top\">31<\/td>\n<td valign=\"top\">190<\/td>\n<td valign=\"top\">3<\/td>\n<\/tr>\n<tr>\n<td valign=\"top\">Gy\u0151r<\/td>\n<td valign=\"top\">3<\/td>\n<td valign=\"top\">27<\/td>\n<td valign=\"top\">2<\/td>\n<\/tr>\n<tr>\n<td valign=\"top\">B\u00e9k\u00e9scsaba<\/td>\n<td valign=\"top\">15<\/td>\n<td valign=\"top\">75<\/td>\n<td valign=\"top\">1<\/td>\n<\/tr>\n<tr>\n<td valign=\"top\">Kecskem\u00e9t<\/td>\n<td valign=\"top\">5<\/td>\n<td valign=\"top\">22<\/td>\n<td valign=\"top\">1<\/td>\n<\/tr>\n<tr>\n<td valign=\"top\">Other<\/td>\n<td valign=\"top\">3<\/td>\n<td valign=\"top\">16<\/td>\n<td valign=\"top\">\u2013<\/td>\n<\/tr>\n<tr>\n<td colspan=\"4\" valign=\"top\">\n<hr noshade=\"noshade\" \/>\n<\/td>\n<\/tr>\n<tr>\n<td valign=\"top\">Total<\/td>\n<td valign=\"top\">57<\/td>\n<td valign=\"top\">330<\/td>\n<td valign=\"top\">7<\/td>\n<\/tr>\n<tr>\n<td colspan=\"4\" valign=\"top\">\n<hr noshade=\"noshade\" \/>\n<\/td>\n<\/tr>\n<\/tbody>\n<\/table>\n<p>&nbsp;<\/p>\n<\/div>\n","protected":false},"excerpt":{"rendered":"<p>1. Address Institute for Regional Studies Centre for Economic and Regional Studies Hungarian Academy of Sciences 7621 P\u00e9cs, Papn\u00f6velde u. 22. Postal address: 7601 P\u00e9cs, P.O. Box 199. Phone: +36 (72) 523 800 2. Management Director Dr. Viktor Varj\u00fa, senior research fellow Phone: (+36-72) 523 800 Fax: +36 (72) 523 806 E-mail: varju.viktor@krtk.elte.hu Scientific secretary [&hellip;]<\/p>\n","protected":false},"author":5,"featured_media":39,"parent":0,"menu_order":0,"comment_status":"closed","ping_status":"closed","template":"","meta":{"_acf_changed":false,"inline_featured_image":false,"footnotes":"","_links_to":"","_links_to_target":""},"class_list":["post-4413","page","type-page","status-publish","has-post-thumbnail","hentry"],"acf":[],"yoast_head":"<!-- This site is optimized with the Yoast SEO plugin v27.3 - https:\/\/yoast.com\/product\/yoast-seo-wordpress\/ -->\n<title>Facts and figures - RKI<\/title>\n<meta name=\"robots\" content=\"index, follow, max-snippet:-1, max-image-preview:large, max-video-preview:-1\" \/>\n<link rel=\"canonical\" href=\"https:\/\/rki.krtk.hun-ren.hu\/en\/facts-and-figures\/\" \/>\n<meta property=\"og:locale\" content=\"en_US\" \/>\n<meta property=\"og:type\" content=\"article\" \/>\n<meta property=\"og:title\" content=\"Facts and figures - RKI\" \/>\n<meta property=\"og:description\" content=\"1. Address Institute for Regional Studies Centre for Economic and Regional Studies Hungarian Academy of Sciences 7621 P\u00e9cs, Papn\u00f6velde u. 22. Postal address: 7601 P\u00e9cs, P.O. Box 199. Phone: +36 (72) 523 800 2. Management Director Dr. Viktor Varj\u00fa, senior research fellow Phone: (+36-72) 523 800 Fax: +36 (72) 523 806 E-mail: varju.viktor@krtk.elte.hu Scientific secretary [&hellip;]\" \/>\n<meta property=\"og:url\" content=\"https:\/\/rki.krtk.hun-ren.hu\/en\/facts-and-figures\/\" \/>\n<meta property=\"og:site_name\" content=\"RKI\" \/>\n<meta property=\"article:modified_time\" content=\"2025-09-04T08:31:47+00:00\" \/>\n<meta property=\"og:image\" content=\"https:\/\/rki.krtk.hun-ren.hu\/wp-content\/uploads\/2022\/05\/placeholder.png\" \/>\n\t<meta property=\"og:image:width\" content=\"1200\" \/>\n\t<meta property=\"og:image:height\" content=\"800\" \/>\n\t<meta property=\"og:image:type\" content=\"image\/png\" \/>\n<meta name=\"twitter:card\" content=\"summary_large_image\" \/>\n<meta name=\"twitter:label1\" content=\"Est. reading time\" \/>\n\t<meta name=\"twitter:data1\" content=\"5 minutes\" \/>\n<script type=\"application\/ld+json\" class=\"yoast-schema-graph\">{\"@context\":\"https:\\\/\\\/schema.org\",\"@graph\":[{\"@type\":\"WebPage\",\"@id\":\"https:\\\/\\\/rki.krtk.hun-ren.hu\\\/en\\\/facts-and-figures\\\/\",\"url\":\"https:\\\/\\\/rki.krtk.hun-ren.hu\\\/en\\\/facts-and-figures\\\/\",\"name\":\"Facts and figures - RKI\",\"isPartOf\":{\"@id\":\"https:\\\/\\\/rki.krtk.hun-ren.hu\\\/#website\"},\"primaryImageOfPage\":{\"@id\":\"https:\\\/\\\/rki.krtk.hun-ren.hu\\\/en\\\/facts-and-figures\\\/#primaryimage\"},\"image\":{\"@id\":\"https:\\\/\\\/rki.krtk.hun-ren.hu\\\/en\\\/facts-and-figures\\\/#primaryimage\"},\"thumbnailUrl\":\"https:\\\/\\\/rki.krtk.hun-ren.hu\\\/wp-content\\\/uploads\\\/2022\\\/05\\\/placeholder.png\",\"datePublished\":\"2022-07-08T09:42:44+00:00\",\"dateModified\":\"2025-09-04T08:31:47+00:00\",\"inLanguage\":\"en-US\",\"potentialAction\":[{\"@type\":\"ReadAction\",\"target\":[\"https:\\\/\\\/rki.krtk.hun-ren.hu\\\/en\\\/facts-and-figures\\\/\"]}]},{\"@type\":\"ImageObject\",\"inLanguage\":\"en-US\",\"@id\":\"https:\\\/\\\/rki.krtk.hun-ren.hu\\\/en\\\/facts-and-figures\\\/#primaryimage\",\"url\":\"https:\\\/\\\/rki.krtk.hun-ren.hu\\\/wp-content\\\/uploads\\\/2022\\\/05\\\/placeholder.png\",\"contentUrl\":\"https:\\\/\\\/rki.krtk.hun-ren.hu\\\/wp-content\\\/uploads\\\/2022\\\/05\\\/placeholder.png\",\"width\":1200,\"height\":800},{\"@type\":\"WebSite\",\"@id\":\"https:\\\/\\\/rki.krtk.hun-ren.hu\\\/#website\",\"url\":\"https:\\\/\\\/rki.krtk.hun-ren.hu\\\/\",\"name\":\"RKI\",\"description\":\"Region\u00e1lis Kutat\u00e1sok Int\u00e9zete\",\"potentialAction\":[{\"@type\":\"SearchAction\",\"target\":{\"@type\":\"EntryPoint\",\"urlTemplate\":\"https:\\\/\\\/rki.krtk.hun-ren.hu\\\/?s={search_term_string}\"},\"query-input\":{\"@type\":\"PropertyValueSpecification\",\"valueRequired\":true,\"valueName\":\"search_term_string\"}}],\"inLanguage\":\"en-US\"}]}<\/script>\n<!-- \/ Yoast SEO plugin. -->","yoast_head_json":{"title":"Facts and figures - RKI","robots":{"index":"index","follow":"follow","max-snippet":"max-snippet:-1","max-image-preview":"max-image-preview:large","max-video-preview":"max-video-preview:-1"},"canonical":"https:\/\/rki.krtk.hun-ren.hu\/en\/facts-and-figures\/","og_locale":"en_US","og_type":"article","og_title":"Facts and figures - RKI","og_description":"1. Address Institute for Regional Studies Centre for Economic and Regional Studies Hungarian Academy of Sciences 7621 P\u00e9cs, Papn\u00f6velde u. 22. Postal address: 7601 P\u00e9cs, P.O. Box 199. Phone: +36 (72) 523 800 2. Management Director Dr. Viktor Varj\u00fa, senior research fellow Phone: (+36-72) 523 800 Fax: +36 (72) 523 806 E-mail: varju.viktor@krtk.elte.hu Scientific secretary [&hellip;]","og_url":"https:\/\/rki.krtk.hun-ren.hu\/en\/facts-and-figures\/","og_site_name":"RKI","article_modified_time":"2025-09-04T08:31:47+00:00","og_image":[{"width":1200,"height":800,"url":"https:\/\/rki.krtk.hun-ren.hu\/wp-content\/uploads\/2022\/05\/placeholder.png","type":"image\/png"}],"twitter_card":"summary_large_image","twitter_misc":{"Est. reading time":"5 minutes"},"schema":{"@context":"https:\/\/schema.org","@graph":[{"@type":"WebPage","@id":"https:\/\/rki.krtk.hun-ren.hu\/en\/facts-and-figures\/","url":"https:\/\/rki.krtk.hun-ren.hu\/en\/facts-and-figures\/","name":"Facts and figures - RKI","isPartOf":{"@id":"https:\/\/rki.krtk.hun-ren.hu\/#website"},"primaryImageOfPage":{"@id":"https:\/\/rki.krtk.hun-ren.hu\/en\/facts-and-figures\/#primaryimage"},"image":{"@id":"https:\/\/rki.krtk.hun-ren.hu\/en\/facts-and-figures\/#primaryimage"},"thumbnailUrl":"https:\/\/rki.krtk.hun-ren.hu\/wp-content\/uploads\/2022\/05\/placeholder.png","datePublished":"2022-07-08T09:42:44+00:00","dateModified":"2025-09-04T08:31:47+00:00","inLanguage":"en-US","potentialAction":[{"@type":"ReadAction","target":["https:\/\/rki.krtk.hun-ren.hu\/en\/facts-and-figures\/"]}]},{"@type":"ImageObject","inLanguage":"en-US","@id":"https:\/\/rki.krtk.hun-ren.hu\/en\/facts-and-figures\/#primaryimage","url":"https:\/\/rki.krtk.hun-ren.hu\/wp-content\/uploads\/2022\/05\/placeholder.png","contentUrl":"https:\/\/rki.krtk.hun-ren.hu\/wp-content\/uploads\/2022\/05\/placeholder.png","width":1200,"height":800},{"@type":"WebSite","@id":"https:\/\/rki.krtk.hun-ren.hu\/#website","url":"https:\/\/rki.krtk.hun-ren.hu\/","name":"RKI","description":"Region\u00e1lis Kutat\u00e1sok Int\u00e9zete","potentialAction":[{"@type":"SearchAction","target":{"@type":"EntryPoint","urlTemplate":"https:\/\/rki.krtk.hun-ren.hu\/?s={search_term_string}"},"query-input":{"@type":"PropertyValueSpecification","valueRequired":true,"valueName":"search_term_string"}}],"inLanguage":"en-US"}]}},"_links":{"self":[{"href":"https:\/\/rki.krtk.hun-ren.hu\/en\/wp-json\/wp\/v2\/pages\/4413","targetHints":{"allow":["GET"]}}],"collection":[{"href":"https:\/\/rki.krtk.hun-ren.hu\/en\/wp-json\/wp\/v2\/pages"}],"about":[{"href":"https:\/\/rki.krtk.hun-ren.hu\/en\/wp-json\/wp\/v2\/types\/page"}],"author":[{"embeddable":true,"href":"https:\/\/rki.krtk.hun-ren.hu\/en\/wp-json\/wp\/v2\/users\/5"}],"replies":[{"embeddable":true,"href":"https:\/\/rki.krtk.hun-ren.hu\/en\/wp-json\/wp\/v2\/comments?post=4413"}],"version-history":[{"count":0,"href":"https:\/\/rki.krtk.hun-ren.hu\/en\/wp-json\/wp\/v2\/pages\/4413\/revisions"}],"wp:featuredmedia":[{"embeddable":true,"href":"https:\/\/rki.krtk.hun-ren.hu\/en\/wp-json\/wp\/v2\/media\/39"}],"wp:attachment":[{"href":"https:\/\/rki.krtk.hun-ren.hu\/en\/wp-json\/wp\/v2\/media?parent=4413"}],"curies":[{"name":"wp","href":"https:\/\/api.w.org\/{rel}","templated":true}]}}